{"id":985,"date":"2020-11-12T21:30:18","date_gmt":"2020-11-12T19:30:18","guid":{"rendered":"http:\/\/grillhouse.lv\/veikals\/?post_type=product&#038;p=985"},"modified":"2023-02-06T19:43:36","modified_gmt":"2023-02-06T17:43:36","slug":"kamado-joe-big-joe-iii-stand-alone","status":"publish","type":"product","link":"https:\/\/grillhouse.lv\/veikals\/products\/kamado-joe-big-joe-iii-stand-alone\/","title":{"rendered":"Kamado Joe Big Joe III Stand Alone"},"content":{"rendered":"<p>Gatavo\u0161ans virsmas diametrs: 61cm<\/p>\n<p>Karstuma diapazons: 82<a class=\"mw-selflink selflink\">\u00b0C\u00a0<\/a>\u2013 399<a class=\"mw-selflink selflink\">\u00b0C<\/a><\/p>\n<p>Svars bez iepakojuma: 221kg<\/p>\n","protected":false},"excerpt":{"rendered":"<p>Big Joe III STand Alone 24 \u201dkeramikas kokog\u013cu grils ir lieliski piem\u0113rots p\u016b\u013ca izklaid\u0113\u0161anai. L\u012bdz\u012bgs Classic III Stand Alonekamado keramikas grila dizains, Big Joe III Stand Alone ir apr\u012bkots ar revolucion\u0101ro Sl\u014dRoller hiperbolisko d\u016bmu kameru, kas nodro\u0161ina nevainojamus l\u0113nas un l\u0113nas pav\u0101rus, k\u0101 ar\u012b 3 l\u012bme\u0146u Divide &amp; Conquer\u00ae elast\u012bgo \u0113dienu gatavo\u0161anas sist\u0113mu, kas \u013cauj gatavot \u0113dienus da\u017e\u0101dos veidos. temperat\u016bras.<\/p>\n","protected":false},"featured_media":986,"comment_status":"open","ping_status":"closed","template":"","meta":[],"pwb-brand":[149],"product_brand":[],"product_cat":[86,48],"product_tag":[78,50],"class_list":{"0":"post-985","1":"product","2":"type-product","3":"status-publish","4":"has-post-thumbnail","6":"pwb-brand-kamado-joe","7":"product_cat-kamado-joe","8":"product_cat-kokoglu-grili","9":"product_tag-kamado-joe","10":"product_tag-kokoglu-grili","11":"thunk-woo-product-list","12":"opn-qv-enable","13":"open-woo-hover-none","14":"open-single-product-tab-horizontal","15":"open-shadow-","16":"open-shadow-hover-","18":"first","19":"onbackorder","20":"taxable","21":"shipping-taxable","22":"purchasable","23":"product-type-simple"},"jetpack-related-posts":[],"jetpack_sharing_enabled":true,"brands":[{"id":149,"name":"Kamado Joe","slug":"kamado-joe"}],"_links":{"self":[{"href":"https:\/\/grillhouse.lv\/veikals\/wp-json\/wp\/v2\/product\/985","targetHints":{"allow":["GET"]}}],"collection":[{"href":"https:\/\/grillhouse.lv\/veikals\/wp-json\/wp\/v2\/product"}],"about":[{"href":"https:\/\/grillhouse.lv\/veikals\/wp-json\/wp\/v2\/types\/product"}],"replies":[{"embeddable":true,"href":"https:\/\/grillhouse.lv\/veikals\/wp-json\/wp\/v2\/comments?post=985"}],"wp:featuredmedia":[{"embeddable":true,"href":"https:\/\/grillhouse.lv\/veikals\/wp-json\/wp\/v2\/media\/986"}],"wp:attachment":[{"href":"https:\/\/grillhouse.lv\/veikals\/wp-json\/wp\/v2\/media?parent=985"}],"wp:term":[{"taxonomy":"pwb-brand","embeddable":true,"href":"https:\/\/grillhouse.lv\/veikals\/wp-json\/wp\/v2\/pwb-brand?post=985"},{"taxonomy":"product_brand","embeddable":true,"href":"https:\/\/grillhouse.lv\/veikals\/wp-json\/wp\/v2\/product_brand?post=985"},{"taxonomy":"product_cat","embeddable":true,"href":"https:\/\/grillhouse.lv\/veikals\/wp-json\/wp\/v2\/product_cat?post=985"},{"taxonomy":"product_tag","embeddable":true,"href":"https:\/\/grillhouse.lv\/veikals\/wp-json\/wp\/v2\/product_tag?post=985"}],"curies":[{"name":"wp","href":"https:\/\/api.w.org\/{rel}","templated":true}]}}