{"id":969,"date":"2020-11-12T22:27:42","date_gmt":"2020-11-12T20:27:42","guid":{"rendered":"http:\/\/grillhouse.lv\/veikals\/?post_type=product&#038;p=969"},"modified":"2020-11-28T09:00:37","modified_gmt":"2020-11-28T07:00:37","slug":"kamado-joe-pellet-joe","status":"publish","type":"product","link":"https:\/\/grillhouse.lv\/veikals\/products\/kamado-joe-pellet-joe\/","title":{"rendered":"Kamado Joe Pellet Joe"},"content":{"rendered":"<p>Termostata vad\u012bba, lai uztur\u0113tu v\u0113lamo temperat\u016bru<br \/>\nSasniedz temperat\u016bru l\u012bdz 600\u02daF &#8211; augst\u0101ku nek\u0101 tradicion\u0101lie granulu grili<br \/>\nNer\u016bs\u0113jo\u0161\u0101 t\u0113rauda tvertn\u0113 sm\u0113\u0137\u0113\u0161anas temperat\u016br\u0101 ir 10 m\u0101rci\u0146as granulu l\u012bdz 14 stund\u0101m<br \/>\nKeramikas kameras efektivit\u0101te \u013cauj samazin\u0101t granulu daudzumu un ilg\u0101ku gatavo\u0161anas laiku<br \/>\nPiln\u012bga kontrole un uzraudz\u012bba, izmantojot WiFi vad\u012bbu, \u013cauj jums katru reizi pagatavot nevainojamu \u0113dienu<br \/>\nGranulu mais\u012bt\u0101ji ieb\u016bv\u0113taj\u0101 tvertn\u0113 gandr\u012bz nov\u0113r\u0161 granulu tiltu un iestr\u0113gumus<br \/>\nD\u017eo granulu liek\u0161\u0137ere (iek\u013cauta komplekt\u0101) \u013cauj jums viegli izkais\u012bt granulas un ievietot tvertn\u0113<br \/>\nPapildu iesp\u0113jas &#8211; alum\u012bnija s\u0101nu plaukti, gaisa pacel\u0161anas e\u0146\u0123e, ner\u016bs\u0113jo\u0161\u0101 t\u0113rauda aizb\u012bdnis, stikla \u0161\u0137iedras starplika (piestiprin\u0101ta pie grila ciet\u0101s virsmas), d\u016bmu tornis, pilienu spainis, divas ga\u013cas zondes un viena bedres zonde<\/p>\n","protected":false},"excerpt":{"rendered":"<p>Kamado Joe\u00ae, kas ir l\u012bderis keramisko kamado grilu kategorij\u0101, ir atk\u0101rtoti defin\u0113jis gatavo\u0161anu ar granul\u0101m augstas kvalit\u0101tes keramikas gril\u0101. Tagad ar granulu \u0113rt\u012bb\u0101m j\u016bs varat izbaud\u012bt visas kamado grila siltuma saglab\u0101\u0161anas un degvielas pat\u0113ri\u0146a efektivit\u0101tes priek\u0161roc\u012bbas. Grils ir veidots atbilsto\u0161i visaugst\u0101kajam kvalit\u0101tes standartam un nodro\u0161ina nep\u0101rsp\u0113jamu gar\u0161u un maigu \u0113dienu.<\/p>\n","protected":false},"featured_media":1001,"comment_status":"open","ping_status":"closed","template":"","meta":[],"pwb-brand":[149],"product_brand":[],"product_cat":[23,131],"product_tag":[25,78],"class_list":{"0":"post-969","1":"product","2":"type-product","3":"status-publish","4":"has-post-thumbnail","6":"pwb-brand-kamado-joe","7":"product_cat-granulu-grili","8":"product_cat-kamado-joe-granulu-grili","9":"product_tag-granulu-grili","10":"product_tag-kamado-joe","11":"thunk-woo-product-list","12":"opn-qv-enable","13":"open-woo-hover-none","14":"open-single-product-tab-horizontal","15":"open-shadow-","16":"open-shadow-hover-","18":"first","19":"onbackorder","20":"taxable","21":"shipping-taxable","22":"purchasable","23":"product-type-simple"},"jetpack-related-posts":[],"jetpack_sharing_enabled":true,"brands":[{"id":149,"name":"Kamado Joe","slug":"kamado-joe"}],"_links":{"self":[{"href":"https:\/\/grillhouse.lv\/veikals\/wp-json\/wp\/v2\/product\/969","targetHints":{"allow":["GET"]}}],"collection":[{"href":"https:\/\/grillhouse.lv\/veikals\/wp-json\/wp\/v2\/product"}],"about":[{"href":"https:\/\/grillhouse.lv\/veikals\/wp-json\/wp\/v2\/types\/product"}],"replies":[{"embeddable":true,"href":"https:\/\/grillhouse.lv\/veikals\/wp-json\/wp\/v2\/comments?post=969"}],"wp:featuredmedia":[{"embeddable":true,"href":"https:\/\/grillhouse.lv\/veikals\/wp-json\/wp\/v2\/media\/1001"}],"wp:attachment":[{"href":"https:\/\/grillhouse.lv\/veikals\/wp-json\/wp\/v2\/media?parent=969"}],"wp:term":[{"taxonomy":"pwb-brand","embeddable":true,"href":"https:\/\/grillhouse.lv\/veikals\/wp-json\/wp\/v2\/pwb-brand?post=969"},{"taxonomy":"product_brand","embeddable":true,"href":"https:\/\/grillhouse.lv\/veikals\/wp-json\/wp\/v2\/product_brand?post=969"},{"taxonomy":"product_cat","embeddable":true,"href":"https:\/\/grillhouse.lv\/veikals\/wp-json\/wp\/v2\/product_cat?post=969"},{"taxonomy":"product_tag","embeddable":true,"href":"https:\/\/grillhouse.lv\/veikals\/wp-json\/wp\/v2\/product_tag?post=969"}],"curies":[{"name":"wp","href":"https:\/\/api.w.org\/{rel}","templated":true}]}}