{"id":968,"date":"2020-11-12T21:00:53","date_gmt":"2020-11-12T19:00:53","guid":{"rendered":"http:\/\/grillhouse.lv\/veikals\/?post_type=product&#038;p=968"},"modified":"2022-08-14T20:08:55","modified_gmt":"2022-08-14T17:08:55","slug":"kamado-joe-classic","status":"publish","type":"product","link":"https:\/\/grillhouse.lv\/veikals\/products\/kamado-joe-classic\/","title":{"rendered":"Kamado Joe Classic"},"content":{"rendered":"<p>Gatavo\u0161ans virsmas diametrs: 46cm<\/p>\n<p>Karstuma diapazons: 82<a class=\"mw-selflink selflink\">\u00b0C\u00a0<\/a>\u2013 399<a class=\"mw-selflink selflink\">\u00b0C<\/a><\/p>\n<p>Svars bez iepakojuma: 129kg<\/p>\n","protected":false},"excerpt":{"rendered":"<p>Keramikas kokog\u013cu grils Classic I ir lieliski piem\u0113rots tipiskai gril\u0113\u0161anai un sm\u0113\u0137\u0113\u0161anai piem\u0101jas pagalm\u0101. Katram Kamado Joe kamado keramikas grilam ir standarta inov\u0101cija. Classic I ir ieb\u016bv\u0113tas funkcijas \u0113diena gatavo\u0161anai bez probl\u0113m\u0101m un regul\u0113jama 18 collu v\u0101r\u012b\u0161anas virsma ar divpak\u0101pju Divide &amp; Conquer\u00ae elast\u012bgo gatavo\u0161anas sist\u0113mu.<\/p>\n","protected":false},"featured_media":977,"comment_status":"open","ping_status":"closed","template":"","meta":[],"pwb-brand":[149],"product_brand":[],"product_cat":[86,48],"product_tag":[78,50],"class_list":{"0":"post-968","1":"product","2":"type-product","3":"status-publish","4":"has-post-thumbnail","6":"pwb-brand-kamado-joe","7":"product_cat-kamado-joe","8":"product_cat-kokoglu-grili","9":"product_tag-kamado-joe","10":"product_tag-kokoglu-grili","11":"thunk-woo-product-list","12":"opn-qv-enable","13":"open-woo-hover-none","14":"open-single-product-tab-horizontal","15":"open-shadow-","16":"open-shadow-hover-","18":"first","19":"onbackorder","20":"taxable","21":"shipping-taxable","22":"purchasable","23":"product-type-simple"},"jetpack-related-posts":[],"jetpack_sharing_enabled":true,"brands":[{"id":149,"name":"Kamado Joe","slug":"kamado-joe"}],"_links":{"self":[{"href":"https:\/\/grillhouse.lv\/veikals\/wp-json\/wp\/v2\/product\/968","targetHints":{"allow":["GET"]}}],"collection":[{"href":"https:\/\/grillhouse.lv\/veikals\/wp-json\/wp\/v2\/product"}],"about":[{"href":"https:\/\/grillhouse.lv\/veikals\/wp-json\/wp\/v2\/types\/product"}],"replies":[{"embeddable":true,"href":"https:\/\/grillhouse.lv\/veikals\/wp-json\/wp\/v2\/comments?post=968"}],"wp:featuredmedia":[{"embeddable":true,"href":"https:\/\/grillhouse.lv\/veikals\/wp-json\/wp\/v2\/media\/977"}],"wp:attachment":[{"href":"https:\/\/grillhouse.lv\/veikals\/wp-json\/wp\/v2\/media?parent=968"}],"wp:term":[{"taxonomy":"pwb-brand","embeddable":true,"href":"https:\/\/grillhouse.lv\/veikals\/wp-json\/wp\/v2\/pwb-brand?post=968"},{"taxonomy":"product_brand","embeddable":true,"href":"https:\/\/grillhouse.lv\/veikals\/wp-json\/wp\/v2\/product_brand?post=968"},{"taxonomy":"product_cat","embeddable":true,"href":"https:\/\/grillhouse.lv\/veikals\/wp-json\/wp\/v2\/product_cat?post=968"},{"taxonomy":"product_tag","embeddable":true,"href":"https:\/\/grillhouse.lv\/veikals\/wp-json\/wp\/v2\/product_tag?post=968"}],"curies":[{"name":"wp","href":"https:\/\/api.w.org\/{rel}","templated":true}]}}