{"id":941,"date":"2020-11-12T19:13:52","date_gmt":"2020-11-12T17:13:52","guid":{"rendered":"http:\/\/grillhouse.lv\/veikals\/?post_type=product&#038;p=941"},"modified":"2020-11-28T09:42:25","modified_gmt":"2020-11-28T07:42:25","slug":"dmt-dimanta-vile-304-mm-x-10-mm-extra-fine","status":"publish","type":"product","link":"https:\/\/grillhouse.lv\/veikals\/products\/dmt-dimanta-vile-304-mm-x-10-mm-extra-fine\/","title":{"rendered":"DMT dimanta v\u012ble, 304 mm x 10 mm, Extra-Fine"},"content":{"rendered":"<p class=\"description\">\u012apa\u0161\u012bbas:<\/p>\n<ul>\n<li>DMT\u00ae&#8217;s monokrist\u0101la dimanta virsma asina daudz \u0101tr\u0101k nek\u0101 citu ra\u017eojumi<\/li>\n<li>Iztur\u012bga konstrukcija paildzina dro\u0161u un efekt\u012bvu ekspluat\u0101ciju<\/li>\n<\/ul>\n<p class=\"description\">Izgatavota ASV.<\/p>\n<p>DMT\u00ae ir ASV uz\u0146\u0113mums, kas nu jau 40 gadus tiek atpaz\u012bts vis\u0101 pasaul\u0113 k\u0101 l\u012bderuz\u0146\u0113mums ar \u013coti labu reput\u0101ciju dimanta asin\u0101mo izgatavo\u0161an\u0101. DMT produktu novit\u0101te un kvalit\u0101te ir pla\u0161i paz\u012bstama. DMT pieder vair\u0101ki patenti starp dimanta na\u017eu asin\u0101majiem un instrumentu asin\u0101majiem.\u00a0 DMT ra\u017eo un pied\u0101v\u0101 lielu skaitu un da\u017e\u0101dus na\u017eu un instrumentu dimanta asin\u0101mos, ko pla\u0161i izmanto kokapstr\u0101d\u0113, kulin\u0101rij\u0101, d\u0101rzniec\u012bb\u0101, t\u016brism\u0101, sport\u0101 un cit\u0101s industrij\u0101s.<\/p>\n","protected":false},"excerpt":{"rendered":"<p>Tradicion\u0101la miesnieka un virtuves na\u017eu dimanta asin\u0101m\u0101 v\u012ble. Pieejamas vair\u0101kos izm\u0113ros un divos smalkumos.<\/p>\n<p>Sal\u012bdzino\u0161i ar parastajiem asin\u0101\u0161anas akme\u0146iem, asina daudz \u0101tr\u0101k.<br \/>\nNav nepiecie\u0161amas lieto\u0161an\u0101 e\u013c\u013cas, var asin\u0101t saus\u0101 veid\u0101 vai ar \u016bdeni.<br \/>\nIztur\u012bga konstrukcija nodro\u0161in\u0101s gadiem ilgu lieto\u0161anu.<\/p>\n<p>Smalkumu raksturojums:<\/p>\n<ul>\n<li>Extra-Fine diamond (9 micron \/ 1200 mesh), za\u013ca &#8211; \u013coti smalks &#8211; smalkai pul\u0113\u0161anai, \u017eiletes asuma ieg\u016b\u0161anai.<\/li>\n<\/ul>\n","protected":false},"featured_media":938,"comment_status":"open","ping_status":"closed","template":"","meta":[],"pwb-brand":[150],"product_brand":[],"product_cat":[129,109],"product_tag":[130],"class_list":{"0":"post-941","1":"product","2":"type-product","3":"status-publish","4":"has-post-thumbnail","6":"pwb-brand-dmt","7":"product_cat-nazu-asinamie","8":"product_cat-virtuves-nazi","9":"product_tag-nazu-asinamie","10":"thunk-woo-product-list","11":"opn-qv-enable","12":"open-woo-hover-none","13":"open-single-product-tab-horizontal","14":"open-shadow-","15":"open-shadow-hover-","17":"first","18":"outofstock","19":"taxable","20":"shipping-taxable","21":"purchasable","22":"product-type-simple"},"jetpack-related-posts":[],"jetpack_sharing_enabled":true,"brands":[{"id":150,"name":"DMT","slug":"dmt"}],"_links":{"self":[{"href":"https:\/\/grillhouse.lv\/veikals\/wp-json\/wp\/v2\/product\/941","targetHints":{"allow":["GET"]}}],"collection":[{"href":"https:\/\/grillhouse.lv\/veikals\/wp-json\/wp\/v2\/product"}],"about":[{"href":"https:\/\/grillhouse.lv\/veikals\/wp-json\/wp\/v2\/types\/product"}],"replies":[{"embeddable":true,"href":"https:\/\/grillhouse.lv\/veikals\/wp-json\/wp\/v2\/comments?post=941"}],"wp:featuredmedia":[{"embeddable":true,"href":"https:\/\/grillhouse.lv\/veikals\/wp-json\/wp\/v2\/media\/938"}],"wp:attachment":[{"href":"https:\/\/grillhouse.lv\/veikals\/wp-json\/wp\/v2\/media?parent=941"}],"wp:term":[{"taxonomy":"pwb-brand","embeddable":true,"href":"https:\/\/grillhouse.lv\/veikals\/wp-json\/wp\/v2\/pwb-brand?post=941"},{"taxonomy":"product_brand","embeddable":true,"href":"https:\/\/grillhouse.lv\/veikals\/wp-json\/wp\/v2\/product_brand?post=941"},{"taxonomy":"product_cat","embeddable":true,"href":"https:\/\/grillhouse.lv\/veikals\/wp-json\/wp\/v2\/product_cat?post=941"},{"taxonomy":"product_tag","embeddable":true,"href":"https:\/\/grillhouse.lv\/veikals\/wp-json\/wp\/v2\/product_tag?post=941"}],"curies":[{"name":"wp","href":"https:\/\/api.w.org\/{rel}","templated":true}]}}