{"id":930,"date":"2020-11-12T13:58:34","date_gmt":"2020-11-12T11:58:34","guid":{"rendered":"http:\/\/grillhouse.lv\/veikals\/?post_type=product&#038;p=930"},"modified":"2025-04-05T11:25:45","modified_gmt":"2025-04-05T08:25:45","slug":"kamado-joe-classic-ii","status":"publish","type":"product","link":"https:\/\/grillhouse.lv\/veikals\/products\/kamado-joe-classic-ii\/","title":{"rendered":"Kamado Joe Classic II"},"content":{"rendered":"<p style=\"text-align: justify;\">M\u0113\u0123in\u0101t izlemt starp Kamado Joe Classic I un Classic II? J\u016bs varat sagaid\u012bt, ka abi pied\u0101v\u0101s 18 collu v\u0101r\u012b\u0161anas virsmu Kamado Joe Classic. Bet ir da\u017eas funkcijas, kas padara Classic II par vispopul\u0101r\u0101ko. Pel\u0113juma un \u016bdensiztur\u012bgais Kontrol Tower Top Vent uztur prec\u012bzu gaisa pl\u016bsmu vienm\u0113r\u012bg\u0101m temperat\u016br\u0101m. Patent\u0113t\u0101 gaisa pacel\u0161anas e\u0146\u0123e padara j\u016bsu grila atv\u0113r\u0161anu un aizv\u0113r\u0161anu par br\u012bzi un samazina kupola svaru par 96%. Lai p\u0101rliecin\u0101tos, ka katru reizi ieg\u016bstat nevainojamu gatavo\u0161anu, stiep\u013cu sietu bl\u012bv\u0113juma bl\u012bv\u0113jums ir izgatavots no stikla \u0161\u0137iedras, lai nodro\u0161in\u0101tu izcilu herm\u0113tisku bl\u012bv\u0113jumu.<\/p>\n<p>Gatavo\u0161ans virsmas diametrs: 46cm<\/p>\n<p>Karstuma diapazons: 82<a class=\"mw-selflink selflink\">\u00b0C\u00a0<\/a>\u2013 399<a class=\"mw-selflink selflink\">\u00b0C<\/a><\/p>\n<p>Svars bez iepakojuma: 113kg<\/p>\n","protected":false},"excerpt":{"rendered":"<p style=\"text-align: justify;\">Classic II ir m\u016bsu vispopul\u0101r\u0101kais keramikas kokog\u013cu grils, kas lieliski piem\u0113rots tradicion\u0101lai gril\u0113\u0161anai un sm\u0113\u0137\u0113\u0161anai piem\u0101jas pagalm\u0101, k\u0101 ar\u012b jebkuram jaunam keramikas grilim. \u0160is keramikas grila grils uzst\u0101d\u012bja jaunu augstu meistar\u012bbas standartu ar ieb\u016bv\u0113t\u0101m funkcij\u0101m \u0113diena gatavo\u0161anai bez probl\u0113m\u0101m un regul\u0113jamu 18 collu gatavo\u0161anas virsmu ar divpak\u0101pju Divide &amp; Conquer\u00ae elast\u012bgo gatavo\u0161anas sist\u0113mu. Katram Kamado Joe kamado keramikas grilam ir standarta inov\u0101cija.<\/p>\n","protected":false},"featured_media":933,"comment_status":"open","ping_status":"closed","template":"","meta":[],"pwb-brand":[149],"product_brand":[],"product_cat":[86,48],"product_tag":[127,78,125,128],"class_list":{"0":"post-930","1":"product","2":"type-product","3":"status-publish","4":"has-post-thumbnail","6":"pwb-brand-kamado-joe","7":"product_cat-kamado-joe","8":"product_cat-kokoglu-grili","9":"product_tag-kamado","10":"product_tag-kamado-joe","11":"product_tag-keramiskais-grils","12":"product_tag-kokoglu","13":"thunk-woo-product-list","14":"opn-qv-enable","15":"open-woo-hover-none","16":"open-single-product-tab-horizontal","17":"open-shadow-","18":"open-shadow-hover-","20":"first","21":"onbackorder","22":"taxable","23":"shipping-taxable","24":"purchasable","25":"product-type-simple"},"jetpack-related-posts":[],"jetpack_sharing_enabled":true,"brands":[{"id":149,"name":"Kamado Joe","slug":"kamado-joe"}],"_links":{"self":[{"href":"https:\/\/grillhouse.lv\/veikals\/wp-json\/wp\/v2\/product\/930","targetHints":{"allow":["GET"]}}],"collection":[{"href":"https:\/\/grillhouse.lv\/veikals\/wp-json\/wp\/v2\/product"}],"about":[{"href":"https:\/\/grillhouse.lv\/veikals\/wp-json\/wp\/v2\/types\/product"}],"replies":[{"embeddable":true,"href":"https:\/\/grillhouse.lv\/veikals\/wp-json\/wp\/v2\/comments?post=930"}],"wp:featuredmedia":[{"embeddable":true,"href":"https:\/\/grillhouse.lv\/veikals\/wp-json\/wp\/v2\/media\/933"}],"wp:attachment":[{"href":"https:\/\/grillhouse.lv\/veikals\/wp-json\/wp\/v2\/media?parent=930"}],"wp:term":[{"taxonomy":"pwb-brand","embeddable":true,"href":"https:\/\/grillhouse.lv\/veikals\/wp-json\/wp\/v2\/pwb-brand?post=930"},{"taxonomy":"product_brand","embeddable":true,"href":"https:\/\/grillhouse.lv\/veikals\/wp-json\/wp\/v2\/product_brand?post=930"},{"taxonomy":"product_cat","embeddable":true,"href":"https:\/\/grillhouse.lv\/veikals\/wp-json\/wp\/v2\/product_cat?post=930"},{"taxonomy":"product_tag","embeddable":true,"href":"https:\/\/grillhouse.lv\/veikals\/wp-json\/wp\/v2\/product_tag?post=930"}],"curies":[{"name":"wp","href":"https:\/\/api.w.org\/{rel}","templated":true}]}}