{"id":896,"date":"2020-11-12T09:44:34","date_gmt":"2020-11-12T07:44:34","guid":{"rendered":"http:\/\/grillhouse.lv\/veikals\/?post_type=product&#038;p=896"},"modified":"2025-09-30T21:57:12","modified_gmt":"2025-09-30T18:57:12","slug":"kasami-tora-chef-nazis","status":"publish","type":"product","link":"https:\/\/grillhouse.lv\/veikals\/products\/kasami-tora-chef-nazis\/","title":{"rendered":"Kasami Tora Chef nazis"},"content":{"rendered":"<p><strong><em>Magnolia<\/em><\/strong>\u00a0koka rokturi ar melnu epoks\u012bda p\u0101rkl\u0101jumu.<br \/>\n<em><strong>KASUMI profesion\u0101lie jap\u0101\u0146u na\u017ei<\/strong><\/em>, ir v\u0113rt\u012bgs ieguld\u012bjums jebkur\u0101 virtuv\u0113, izgatavoti no augstas kvalit\u0101tes materi\u0101liem un tradicion\u0101lu dizainu, kas ir laika p\u0101rbaud\u012bts.<\/p>\n<ul>\n<li><strong>Asmens garums:<\/strong>\u00a020 cm<\/li>\n<li>Asmens: DSR1K6\u00a0<strong><em>Molybdenum Vanadium<\/em><\/strong>\u00a0stainless steel<\/li>\n<li><strong>Ciet\u012bba:<\/strong>\u00a056-58 +\/-1<strong>\u00a0HRC<\/strong><\/li>\n<li><strong>Asin\u0101jums:<\/strong>\u00a0V tipa<\/li>\n<li><strong>Rokturis:<\/strong>\u00a0Magnolia Wood with Black Epoxy Coating<\/li>\n<li>Izgatavots Jap\u0101n\u0101<\/li>\n<\/ul>\n","protected":false},"excerpt":{"rendered":"<p>Chef jap\u0101\u0146u virtuves nazis no TORA s\u0113rijas na\u017eiem no uz\u0146\u0113muma KASUMI, Jap\u0101na.<br \/>\n\u0160\u012bs s\u0113rijas jap\u0101\u0146u na\u017ei ir izgatavoti no\u00a0<strong><em>Molybdenum Vanadium<\/em><\/strong>\u00a0ner\u016bs\u0113jo\u0161\u0101 t\u0113rauda, kas bag\u0101tin\u0101ts ar augstu oglek\u013ca saturu, padarot tos ciet\u0101kus<em>.<br \/>\n<\/em>\u0160ie na\u017ei tiek pieg\u0101d\u0101ti \u013coti asi. Asme\u0146i \u0161iem na\u017eiem ir pl\u0101ni &#8211; 2 mm biez\u0101kaj\u0101 viet\u0101 uz na\u017ea muguras, kas \u013cauj veikt prec\u012bzus grie\u0161anas darbus.<\/p>\n","protected":false},"featured_media":897,"comment_status":"open","ping_status":"closed","template":"","meta":[],"pwb-brand":[152],"product_brand":[],"product_cat":[121,109],"product_tag":[123,111,122,112],"class_list":{"0":"post-896","1":"product","2":"type-product","3":"status-publish","4":"has-post-thumbnail","6":"pwb-brand-kasumi","7":"product_cat-kasumi","8":"product_cat-virtuves-nazi","9":"product_tag-chef-nazis","10":"product_tag-due-cigni","11":"product_tag-kasumi","12":"product_tag-virtuves-nazis","13":"thunk-woo-product-list","14":"opn-qv-enable","15":"open-woo-hover-none","16":"open-single-product-tab-horizontal","17":"open-shadow-","18":"open-shadow-hover-","20":"first","21":"onbackorder","22":"taxable","23":"shipping-taxable","24":"purchasable","25":"product-type-simple"},"jetpack-related-posts":[],"jetpack_sharing_enabled":true,"brands":[{"id":152,"name":"Kasumi","slug":"kasumi"}],"_links":{"self":[{"href":"https:\/\/grillhouse.lv\/veikals\/wp-json\/wp\/v2\/product\/896","targetHints":{"allow":["GET"]}}],"collection":[{"href":"https:\/\/grillhouse.lv\/veikals\/wp-json\/wp\/v2\/product"}],"about":[{"href":"https:\/\/grillhouse.lv\/veikals\/wp-json\/wp\/v2\/types\/product"}],"replies":[{"embeddable":true,"href":"https:\/\/grillhouse.lv\/veikals\/wp-json\/wp\/v2\/comments?post=896"}],"wp:featuredmedia":[{"embeddable":true,"href":"https:\/\/grillhouse.lv\/veikals\/wp-json\/wp\/v2\/media\/897"}],"wp:attachment":[{"href":"https:\/\/grillhouse.lv\/veikals\/wp-json\/wp\/v2\/media?parent=896"}],"wp:term":[{"taxonomy":"pwb-brand","embeddable":true,"href":"https:\/\/grillhouse.lv\/veikals\/wp-json\/wp\/v2\/pwb-brand?post=896"},{"taxonomy":"product_brand","embeddable":true,"href":"https:\/\/grillhouse.lv\/veikals\/wp-json\/wp\/v2\/product_brand?post=896"},{"taxonomy":"product_cat","embeddable":true,"href":"https:\/\/grillhouse.lv\/veikals\/wp-json\/wp\/v2\/product_cat?post=896"},{"taxonomy":"product_tag","embeddable":true,"href":"https:\/\/grillhouse.lv\/veikals\/wp-json\/wp\/v2\/product_tag?post=896"}],"curies":[{"name":"wp","href":"https:\/\/api.w.org\/{rel}","templated":true}]}}