{"id":888,"date":"2020-11-12T09:23:03","date_gmt":"2020-11-12T07:23:03","guid":{"rendered":"http:\/\/grillhouse.lv\/veikals\/?post_type=product&#038;p=888"},"modified":"2020-11-28T09:43:26","modified_gmt":"2020-11-28T07:43:26","slug":"due-cigni-classica-santoku-nazis","status":"publish","type":"product","link":"https:\/\/grillhouse.lv\/veikals\/products\/due-cigni-classica-santoku-nazis\/","title":{"rendered":"Due Cigni Classica Santoku nazis"},"content":{"rendered":"<div>Kop\u0113jais garums: 29,0 cm<br \/>\nAsmens garums: 18,0 cm<br \/>\nSvars: 90 g<br \/>\nAsmens biezums: 1,5 mm<br \/>\nAsmens materi\u0101ls: Stainless Steel 4116 &#8211; X50CrMoV15<br \/>\nAsmens ciet\u012bba HRC: 55\/57<br \/>\nRoktura materi\u0101ls: POM ar nerus\u0113jo\u0161\u0101 t\u0113rauda knied\u0113m, mazg\u0101jams trauku mazg\u0101jam\u0101 ma\u0161\u012bn\u0101<\/div>\n<div>\n<p>Var mazg\u0101t trauku mazg\u0101jam\u0101 ma\u0161\u012bn\u0101.Izgatavots It\u0101lij\u0101<\/p>\n<\/div>\n","protected":false},"excerpt":{"rendered":"<p>Due Cigni Santoku virtuves nazis. Iztur\u012bga konstrukcija \u013caus to izmantot gadiem. Vid\u0113ji ciets t\u0113rauds \u013caus to asin\u0101t ret\u0101k, nek\u0101 parastos na\u017eus.<br \/>\nSantoku na\u017ea dizains n\u0101k no Jap\u0101nas. Tas paredz\u0113ts k\u0101 univers\u0101ls virtuves nazis, d\u0101rze\u0146u un ga\u013cas grie\u0161anai.<\/p>\n","protected":false},"featured_media":889,"comment_status":"open","ping_status":"closed","template":"","meta":[],"pwb-brand":[151],"product_brand":[],"product_cat":[110,109],"product_tag":[111,112],"class_list":{"0":"post-888","1":"product","2":"type-product","3":"status-publish","4":"has-post-thumbnail","6":"pwb-brand-due-cigni","7":"product_cat-due-cigni","8":"product_cat-virtuves-nazi","9":"product_tag-due-cigni","10":"product_tag-virtuves-nazis","11":"thunk-woo-product-list","12":"opn-qv-enable","13":"open-woo-hover-none","14":"open-single-product-tab-horizontal","15":"open-shadow-","16":"open-shadow-hover-","18":"first","19":"onbackorder","20":"taxable","21":"shipping-taxable","22":"purchasable","23":"product-type-simple"},"jetpack-related-posts":[],"jetpack_sharing_enabled":true,"brands":[{"id":151,"name":"Due Cigni","slug":"due-cigni"}],"_links":{"self":[{"href":"https:\/\/grillhouse.lv\/veikals\/wp-json\/wp\/v2\/product\/888","targetHints":{"allow":["GET"]}}],"collection":[{"href":"https:\/\/grillhouse.lv\/veikals\/wp-json\/wp\/v2\/product"}],"about":[{"href":"https:\/\/grillhouse.lv\/veikals\/wp-json\/wp\/v2\/types\/product"}],"replies":[{"embeddable":true,"href":"https:\/\/grillhouse.lv\/veikals\/wp-json\/wp\/v2\/comments?post=888"}],"wp:featuredmedia":[{"embeddable":true,"href":"https:\/\/grillhouse.lv\/veikals\/wp-json\/wp\/v2\/media\/889"}],"wp:attachment":[{"href":"https:\/\/grillhouse.lv\/veikals\/wp-json\/wp\/v2\/media?parent=888"}],"wp:term":[{"taxonomy":"pwb-brand","embeddable":true,"href":"https:\/\/grillhouse.lv\/veikals\/wp-json\/wp\/v2\/pwb-brand?post=888"},{"taxonomy":"product_brand","embeddable":true,"href":"https:\/\/grillhouse.lv\/veikals\/wp-json\/wp\/v2\/product_brand?post=888"},{"taxonomy":"product_cat","embeddable":true,"href":"https:\/\/grillhouse.lv\/veikals\/wp-json\/wp\/v2\/product_cat?post=888"},{"taxonomy":"product_tag","embeddable":true,"href":"https:\/\/grillhouse.lv\/veikals\/wp-json\/wp\/v2\/product_tag?post=888"}],"curies":[{"name":"wp","href":"https:\/\/api.w.org\/{rel}","templated":true}]}}