{"id":881,"date":"2020-11-12T08:15:59","date_gmt":"2020-11-12T06:15:59","guid":{"rendered":"http:\/\/grillhouse.lv\/veikals\/?post_type=product&#038;p=881"},"modified":"2025-06-11T09:32:41","modified_gmt":"2025-06-11T06:32:41","slug":"due-cigni-santoku-nazis","status":"publish","type":"product","link":"https:\/\/grillhouse.lv\/veikals\/products\/due-cigni-santoku-nazis\/","title":{"rendered":"Due Cigni Santoku nazis"},"content":{"rendered":"<p><strong>Santoku\u00a0<\/strong>nazis ir jap\u0101\u0146u tradicion\u0101ls virtuves nazis, kas paredz\u0113ts d\u0101rze\u0146u, ga\u013cas, zivs un cepe\u0161u grie\u0161anai. \u0160is dizains ir univers\u0101ls un b\u016bs \u0113rts lielai da\u013cai \u0113diena gatavo\u0161anas procesos.<\/p>\n<ul>\n<li><strong>Asmens garums:<\/strong>\u00a017,5 cm \/ 8,4&#8243;<\/li>\n<li>Asmens t\u0113rauds: jap\u0101\u0146u 420JS ner\u016bs\u0113jo\u0161ais t\u0113rauds<\/li>\n<li><strong>T\u0113rauda ciet\u012bba:<\/strong>\u00a054-56 +\/-1<strong>\u00a0HRC<\/strong><\/li>\n<li><strong>Asin\u0101jums:<\/strong>\u00a0asin\u0101ms no vienas puses<\/li>\n<li><strong>Rokturis:<\/strong>\u00a0k\u013cava<\/li>\n<li>Izgatavots Jap\u0101n\u0101<\/li>\n<\/ul>\n<p>NAV paredz\u0113ts mazg\u0101\u0161anai trauku mazg\u0101jamaj\u0101 ma\u0161\u012bn\u0101.<\/p>\n<h4>Padomi na\u017ea uztur\u0113\u0161anai<\/h4>\n<ul>\n<li>Ne\u013caujiet nazim palikt pavisam neasam, asiniet to regul\u0101ri. Asin\u0101t v\u0113lams ar uz galda liekamu akmens vai dimanta galodu.<\/li>\n<li>K\u0101 jebkuru labu virtuves nazi, to nedr\u012bkst mazg\u0101t trauku ma\u0161\u012bn\u0101. Mazg\u0101jiet nazi zem teko\u0161a, karsta \u016bdens ar birst\u012bti un nosusiniet ar pap\u012bra dvieli uzreiz p\u0113c lieto\u0161anas pabeig\u0161anas.<\/li>\n<li>Haiku home s\u0113rijas virtuves na\u017ei ir izgatavoti no piem\u0113rota t\u0113rauda un noasin\u0101ti ar\u00a0<strong>&#8220;V&#8221; veida jap\u0101\u0146u asin\u0101jumu.<\/strong><\/li>\n<\/ul>\n<h4>Asin\u0101\u0161anas instrukcija (ar \u016bdens akmeni)<\/h4>\n<ol>\n<li>S\u0101kum\u0101 akmeni iem\u0113rciet \u016bden\u012b 15 min\u016btes. Asin\u0101\u0161anas laik\u0101 vienm\u0113r turiet akmeni mitru, varat to aplaist\u012bt regul\u0101ri ar \u016bdeni, ja dom\u0101jat, ka tas \u017e\u016bst. \u016adens darbojas k\u0101 sm\u0113rviela uz akmens.<\/li>\n<li>Nazis j\u0101tur 10-20\u00b0 le\u0146\u0137\u012b pret galodu. Tad nazis tiek novilkts pa akmens virsmu ar nelielu spiedienu uz priek\u0161u un atpaka\u013c. Nazis ar vienpus\u0113ju asin\u0101jumu asin\u0101ms 80% asin\u0101juma pus\u0113 un 20% otr\u0101 pus\u0113. Abpus\u0113ji asin\u0101tu nazi j\u0101asina 70% labaj\u0101 pus\u0113 un 30% kreisaj\u0101. P\u0113c asin\u0101\u0161anas nazi j\u0101skalo silt\u0101, teko\u0161\u0101 \u016bden\u012b un j\u0101nosusina ar pap\u012bra dvieli l\u012bdz lieto\u0161anai.<\/li>\n<li>P\u0113c akmens m\u0113rc\u0113\u0161anas labro\u010diem j\u0101s\u0101k asin\u0101t nazis no lab\u0101s puses t\u0101, ka na\u017ea smaile ir v\u0113rsta prom no \u0137erme\u0146a. Krei\u013ciem ieteicams s\u0101kt asin\u0101t na\u017ea kreiso pusi.<\/li>\n<li>Asin\u0101\u0161anas laik\u0101 nazis j\u0101tur stingri. Virziet nazi pa akmeni le\u0146\u0137\u012b turp un atpaka\u013c k\u0101 redzams ilustr\u0101cij\u0101. Katru kust\u012bbu lab\u0101 s\u0101kt ar na\u017ea smaili un turpin\u0101t uz na\u017ea vidu un zem\u0101ko da\u013cu. Regul\u0101ri mitriniet akmeni. Asin\u0101\u0161anas laik\u0101 uz asin\u0101m\u0101s smailes veidojas t\u0113rauda kant\u012bte, ko var sataust\u012bt ar pirkstu, ja nav redzama. Kad tas notiek, mainiet na\u017ea pusi. Kad abas puses ir noasin\u0101tas t\u0101d\u0101 veid\u0101, tad mainiet uz aug\u0161u akmens smalkumu un samaziniet asin\u0101\u0161anas sp\u0113ku. Asin\u0101\u0161ana j\u0101beidz, kad var nevarat sataust\u012bt asin\u0101juma kant\u012bti p\u0113c asin\u0101\u0161anas jebkur\u0101 pus\u0113. P\u0113c asin\u0101\u0161anas nazi j\u0101skalo silt\u0101, teko\u0161\u0101 \u016bden\u012b un j\u0101nosusina ar pap\u012bra dvieli l\u012bdz lieto\u0161anai. Asin\u0101\u0161anas akmens j\u0101nosusina un j\u0101\u013cauj tam iz\u0161\u016bt.<\/li>\n<\/ol>\n","protected":false},"excerpt":{"rendered":"<p>Haiku home na\u017eu s\u0113rija ir na\u017ei no Jap\u0101nas ar kvalitat\u012bvu dizainu, kas paredz\u0113ti m\u0101jas virtuvei un par pie\u0146emamu cenu. Na\u017ea t\u0113rauds \u0161iem na\u017eiem ir m\u012bkst\u0101ks par premium klases na\u017eiem un pras\u012bs bie\u017e\u0101ku asin\u0101\u0161anu atkar\u012bb\u0101 no lieto\u0161anas bie\u017euma.<\/p>\n","protected":false},"featured_media":882,"comment_status":"open","ping_status":"closed","template":"","meta":[],"pwb-brand":[151],"product_brand":[],"product_cat":[110,109],"product_tag":[111,119],"class_list":{"0":"post-881","1":"product","2":"type-product","3":"status-publish","4":"has-post-thumbnail","6":"pwb-brand-due-cigni","7":"product_cat-due-cigni","8":"product_cat-virtuves-nazi","9":"product_tag-due-cigni","10":"product_tag-japanu-profesionalais-nazis","11":"thunk-woo-product-list","12":"opn-qv-enable","13":"open-woo-hover-none","14":"open-single-product-tab-horizontal","15":"open-shadow-","16":"open-shadow-hover-","18":"first","19":"onbackorder","20":"taxable","21":"shipping-taxable","22":"purchasable","23":"product-type-simple"},"jetpack-related-posts":[],"jetpack_sharing_enabled":true,"brands":[{"id":151,"name":"Due Cigni","slug":"due-cigni"}],"_links":{"self":[{"href":"https:\/\/grillhouse.lv\/veikals\/wp-json\/wp\/v2\/product\/881","targetHints":{"allow":["GET"]}}],"collection":[{"href":"https:\/\/grillhouse.lv\/veikals\/wp-json\/wp\/v2\/product"}],"about":[{"href":"https:\/\/grillhouse.lv\/veikals\/wp-json\/wp\/v2\/types\/product"}],"replies":[{"embeddable":true,"href":"https:\/\/grillhouse.lv\/veikals\/wp-json\/wp\/v2\/comments?post=881"}],"wp:featuredmedia":[{"embeddable":true,"href":"https:\/\/grillhouse.lv\/veikals\/wp-json\/wp\/v2\/media\/882"}],"wp:attachment":[{"href":"https:\/\/grillhouse.lv\/veikals\/wp-json\/wp\/v2\/media?parent=881"}],"wp:term":[{"taxonomy":"pwb-brand","embeddable":true,"href":"https:\/\/grillhouse.lv\/veikals\/wp-json\/wp\/v2\/pwb-brand?post=881"},{"taxonomy":"product_brand","embeddable":true,"href":"https:\/\/grillhouse.lv\/veikals\/wp-json\/wp\/v2\/product_brand?post=881"},{"taxonomy":"product_cat","embeddable":true,"href":"https:\/\/grillhouse.lv\/veikals\/wp-json\/wp\/v2\/product_cat?post=881"},{"taxonomy":"product_tag","embeddable":true,"href":"https:\/\/grillhouse.lv\/veikals\/wp-json\/wp\/v2\/product_tag?post=881"}],"curies":[{"name":"wp","href":"https:\/\/api.w.org\/{rel}","templated":true}]}}