{"id":867,"date":"2020-11-11T22:25:09","date_gmt":"2020-11-11T20:25:09","guid":{"rendered":"http:\/\/grillhouse.lv\/veikals\/?post_type=product&#038;p=867"},"modified":"2024-04-15T16:36:16","modified_gmt":"2024-04-15T13:36:16","slug":"due-cigni-profesionals-atkaulosanas-nazis","status":"publish","type":"product","link":"https:\/\/grillhouse.lv\/veikals\/products\/due-cigni-profesionals-atkaulosanas-nazis\/","title":{"rendered":"Due Cigni profesion\u0101ls atkaulo\u0161anas nazis"},"content":{"rendered":"<div>Kop\u0113jais garums: 26,5 cm<br \/>\nAsmens garums: 13,0 cm<br \/>\nSvars: 140 g<br \/>\nAsmens biezums: 2,0 mm<br \/>\nAsmens materi\u0101ls: X50CrMoV15<br \/>\nRoktura materi\u0101ls: neilons, nesl\u012bdo\u0161s<\/div>\n<div>Var mazg\u0101t trauku mazg\u0101jam\u0101 ma\u0161\u012bn\u0101.<\/div>\n","protected":false},"excerpt":{"rendered":"<p>Due Cigni profesion\u0101lie na\u017ei, kas paredz\u0113ti ga\u013cas p\u0101rstr\u0101des uz\u0146\u0113mumiem, restor\u0101nu un kafejn\u012bcu virtuv\u0113m un citur, kur nazis tiek izmantots daudz. \u0160ie na\u017ei ir \u0113rti, efekt\u012bvi un rentabli. Sint\u0113tiskais rokturis ir mitrumiztur\u012bgs, ar nesl\u012bdo\u0161u virsmu un ergonomisks, tas ir dro\u0161s lieto\u0161an\u0101.<br \/>\nAtkaulo\u0161anas nazis, ga\u013cas grie\u0161ana ar \u0161o nazi b\u016bs \u0101tra un efekt\u012bva.<\/p>\n","protected":false},"featured_media":868,"comment_status":"open","ping_status":"closed","template":"","meta":[],"pwb-brand":[151],"product_brand":[],"product_cat":[110,109],"product_tag":[115,111,112],"class_list":{"0":"post-867","1":"product","2":"type-product","3":"status-publish","4":"has-post-thumbnail","6":"pwb-brand-due-cigni","7":"product_cat-due-cigni","8":"product_cat-virtuves-nazi","9":"product_tag-atkaulosanas-nazis","10":"product_tag-due-cigni","11":"product_tag-virtuves-nazis","12":"thunk-woo-product-list","13":"opn-qv-enable","14":"open-woo-hover-none","15":"open-single-product-tab-horizontal","16":"open-shadow-","17":"open-shadow-hover-","19":"first","20":"onbackorder","21":"taxable","22":"shipping-taxable","23":"purchasable","24":"product-type-simple"},"jetpack-related-posts":[],"jetpack_sharing_enabled":true,"brands":[{"id":151,"name":"Due Cigni","slug":"due-cigni"}],"_links":{"self":[{"href":"https:\/\/grillhouse.lv\/veikals\/wp-json\/wp\/v2\/product\/867","targetHints":{"allow":["GET"]}}],"collection":[{"href":"https:\/\/grillhouse.lv\/veikals\/wp-json\/wp\/v2\/product"}],"about":[{"href":"https:\/\/grillhouse.lv\/veikals\/wp-json\/wp\/v2\/types\/product"}],"replies":[{"embeddable":true,"href":"https:\/\/grillhouse.lv\/veikals\/wp-json\/wp\/v2\/comments?post=867"}],"wp:featuredmedia":[{"embeddable":true,"href":"https:\/\/grillhouse.lv\/veikals\/wp-json\/wp\/v2\/media\/868"}],"wp:attachment":[{"href":"https:\/\/grillhouse.lv\/veikals\/wp-json\/wp\/v2\/media?parent=867"}],"wp:term":[{"taxonomy":"pwb-brand","embeddable":true,"href":"https:\/\/grillhouse.lv\/veikals\/wp-json\/wp\/v2\/pwb-brand?post=867"},{"taxonomy":"product_brand","embeddable":true,"href":"https:\/\/grillhouse.lv\/veikals\/wp-json\/wp\/v2\/product_brand?post=867"},{"taxonomy":"product_cat","embeddable":true,"href":"https:\/\/grillhouse.lv\/veikals\/wp-json\/wp\/v2\/product_cat?post=867"},{"taxonomy":"product_tag","embeddable":true,"href":"https:\/\/grillhouse.lv\/veikals\/wp-json\/wp\/v2\/product_tag?post=867"}],"curies":[{"name":"wp","href":"https:\/\/api.w.org\/{rel}","templated":true}]}}