{"id":863,"date":"2020-11-11T22:15:31","date_gmt":"2020-11-11T20:15:31","guid":{"rendered":"http:\/\/grillhouse.lv\/veikals\/?post_type=product&#038;p=863"},"modified":"2021-03-30T18:21:34","modified_gmt":"2021-03-30T15:21:34","slug":"due-cigni-classica-virtuves-nazis","status":"publish","type":"product","link":"https:\/\/grillhouse.lv\/veikals\/products\/due-cigni-classica-virtuves-nazis\/","title":{"rendered":"Due Cigni Classica virtuves nazis"},"content":{"rendered":"<div>Kop\u0113jais garums: 19,0 cm<br \/>\nAsmens garums: 10,0 cm<br \/>\nSvars: 70 g<br \/>\nAsmens biezums: 1,0 mm<br \/>\nAsmens materi\u0101ls: Stainless Steel 4116 &#8211; X50CrMoV15<br \/>\nAsmens ciet\u012bba HRC: 55\/57<br \/>\nRoktura materi\u0101ls: POM ar nerus\u0113jo\u0161\u0101 t\u0113rauda knied\u0113m, mazg\u0101jams trauku mazg\u0101jam\u0101 ma\u0161\u012bn\u0101<\/div>\n<div>\n<p>Var mazg\u0101t trauku mazg\u0101jam\u0101 ma\u0161\u012bn\u0101.Izgatavots It\u0101lij\u0101.<\/p>\n<\/div>\n","protected":false},"excerpt":{"rendered":"<p>Due Cigni univers\u0101ls virtuves nazis. Iztur\u012bga konstrukcija \u013caus to izmantot gadiem. Vid\u0113ji ciets t\u0113rauds \u013caus to asin\u0101t ret\u0101k, nek\u0101 parastos na\u017eus.<\/p>\n","protected":false},"featured_media":864,"comment_status":"open","ping_status":"closed","template":"","meta":[],"pwb-brand":[151],"product_brand":[],"product_cat":[110,109],"product_tag":[111,112],"class_list":{"0":"post-863","1":"product","2":"type-product","3":"status-publish","4":"has-post-thumbnail","6":"pwb-brand-due-cigni","7":"product_cat-due-cigni","8":"product_cat-virtuves-nazi","9":"product_tag-due-cigni","10":"product_tag-virtuves-nazis","11":"thunk-woo-product-list","12":"opn-qv-enable","13":"open-woo-hover-none","14":"open-single-product-tab-horizontal","15":"open-shadow-","16":"open-shadow-hover-","18":"first","19":"instock","20":"taxable","21":"shipping-taxable","22":"purchasable","23":"product-type-simple"},"jetpack-related-posts":[],"jetpack_sharing_enabled":true,"brands":[{"id":151,"name":"Due Cigni","slug":"due-cigni"}],"_links":{"self":[{"href":"https:\/\/grillhouse.lv\/veikals\/wp-json\/wp\/v2\/product\/863","targetHints":{"allow":["GET"]}}],"collection":[{"href":"https:\/\/grillhouse.lv\/veikals\/wp-json\/wp\/v2\/product"}],"about":[{"href":"https:\/\/grillhouse.lv\/veikals\/wp-json\/wp\/v2\/types\/product"}],"replies":[{"embeddable":true,"href":"https:\/\/grillhouse.lv\/veikals\/wp-json\/wp\/v2\/comments?post=863"}],"wp:featuredmedia":[{"embeddable":true,"href":"https:\/\/grillhouse.lv\/veikals\/wp-json\/wp\/v2\/media\/864"}],"wp:attachment":[{"href":"https:\/\/grillhouse.lv\/veikals\/wp-json\/wp\/v2\/media?parent=863"}],"wp:term":[{"taxonomy":"pwb-brand","embeddable":true,"href":"https:\/\/grillhouse.lv\/veikals\/wp-json\/wp\/v2\/pwb-brand?post=863"},{"taxonomy":"product_brand","embeddable":true,"href":"https:\/\/grillhouse.lv\/veikals\/wp-json\/wp\/v2\/product_brand?post=863"},{"taxonomy":"product_cat","embeddable":true,"href":"https:\/\/grillhouse.lv\/veikals\/wp-json\/wp\/v2\/product_cat?post=863"},{"taxonomy":"product_tag","embeddable":true,"href":"https:\/\/grillhouse.lv\/veikals\/wp-json\/wp\/v2\/product_tag?post=863"}],"curies":[{"name":"wp","href":"https:\/\/api.w.org\/{rel}","templated":true}]}}