{"id":861,"date":"2020-11-11T22:09:11","date_gmt":"2020-11-11T20:09:11","guid":{"rendered":"http:\/\/grillhouse.lv\/veikals\/?post_type=product&#038;p=861"},"modified":"2025-11-17T17:55:51","modified_gmt":"2025-11-17T15:55:51","slug":"due-cigni-classica-mizosanas-nazis","status":"publish","type":"product","link":"https:\/\/grillhouse.lv\/veikals\/products\/due-cigni-classica-mizosanas-nazis\/","title":{"rendered":"Due Cigni Classica mizo\u0161anas nazis"},"content":{"rendered":"<div>Kop\u0113jais garums: 17,3 cm<br \/>\nAsmens garums: 7,0 cm<br \/>\nSvars: 48 g<br \/>\nAsmens biezums: 1,0 mm<br \/>\nAsmens materi\u0101ls: Stainless Steel 4116 &#8211; X50CrMoV15<br \/>\nAsmens ciet\u012bba HRC: 55\/57<br \/>\nRoktura materi\u0101ls: POM ar nerus\u0113jo\u0161\u0101 t\u0113rauda knied\u0113m, mazg\u0101jams trauku mazg\u0101jam\u0101 ma\u0161\u012bn\u0101<\/div>\n<div>Var mazg\u0101t trauku mazg\u0101jam\u0101 ma\u0161\u012bn\u0101.<\/div>\n","protected":false},"excerpt":{"rendered":"<p>Due Cigni mizo\u017eanas nazis. Iztur\u012bga konstrukcija \u013caus to izmantot gadiem. Vid\u0113ji ciets t\u0113rauds \u013caus to asin\u0101t ret\u0101k, nek\u0101 parastos na\u017eus.<\/p>\n","protected":false},"featured_media":862,"comment_status":"open","ping_status":"closed","template":"","meta":[],"pwb-brand":[151],"product_brand":[],"product_cat":[110,109],"product_tag":[111,113,112],"class_list":{"0":"post-861","1":"product","2":"type-product","3":"status-publish","4":"has-post-thumbnail","6":"pwb-brand-due-cigni","7":"product_cat-due-cigni","8":"product_cat-virtuves-nazi","9":"product_tag-due-cigni","10":"product_tag-mizosanas-nazis","11":"product_tag-virtuves-nazis","12":"thunk-woo-product-list","13":"opn-qv-enable","14":"open-woo-hover-none","15":"open-single-product-tab-horizontal","16":"open-shadow-","17":"open-shadow-hover-","19":"first","20":"onbackorder","21":"taxable","22":"shipping-taxable","23":"purchasable","24":"product-type-simple"},"jetpack-related-posts":[],"jetpack_sharing_enabled":true,"brands":[{"id":151,"name":"Due Cigni","slug":"due-cigni"}],"_links":{"self":[{"href":"https:\/\/grillhouse.lv\/veikals\/wp-json\/wp\/v2\/product\/861","targetHints":{"allow":["GET"]}}],"collection":[{"href":"https:\/\/grillhouse.lv\/veikals\/wp-json\/wp\/v2\/product"}],"about":[{"href":"https:\/\/grillhouse.lv\/veikals\/wp-json\/wp\/v2\/types\/product"}],"replies":[{"embeddable":true,"href":"https:\/\/grillhouse.lv\/veikals\/wp-json\/wp\/v2\/comments?post=861"}],"wp:featuredmedia":[{"embeddable":true,"href":"https:\/\/grillhouse.lv\/veikals\/wp-json\/wp\/v2\/media\/862"}],"wp:attachment":[{"href":"https:\/\/grillhouse.lv\/veikals\/wp-json\/wp\/v2\/media?parent=861"}],"wp:term":[{"taxonomy":"pwb-brand","embeddable":true,"href":"https:\/\/grillhouse.lv\/veikals\/wp-json\/wp\/v2\/pwb-brand?post=861"},{"taxonomy":"product_brand","embeddable":true,"href":"https:\/\/grillhouse.lv\/veikals\/wp-json\/wp\/v2\/product_brand?post=861"},{"taxonomy":"product_cat","embeddable":true,"href":"https:\/\/grillhouse.lv\/veikals\/wp-json\/wp\/v2\/product_cat?post=861"},{"taxonomy":"product_tag","embeddable":true,"href":"https:\/\/grillhouse.lv\/veikals\/wp-json\/wp\/v2\/product_tag?post=861"}],"curies":[{"name":"wp","href":"https:\/\/api.w.org\/{rel}","templated":true}]}}