{"id":857,"date":"2020-11-11T21:53:54","date_gmt":"2020-11-11T19:53:54","guid":{"rendered":"http:\/\/grillhouse.lv\/veikals\/?post_type=product&#038;p=857"},"modified":"2021-07-28T18:11:03","modified_gmt":"2021-07-28T15:11:03","slug":"due-cigni-universals-steika-nazis","status":"publish","type":"product","link":"https:\/\/grillhouse.lv\/veikals\/products\/due-cigni-universals-steika-nazis\/","title":{"rendered":"Due Cigni univers\u0101ls steika nazis"},"content":{"rendered":"<p>Kop\u0113jais garums: 21,0 cm<br \/>\nAsmens garums: 11,0 cm<br \/>\nSvars: 30 g<br \/>\nAsmens biezums: 1,0 mm<br \/>\nAsmens materi\u0101ls: Stainless Steel (INOX)<br \/>\nRoktura materi\u0101ls: Termoplastisks rokturis, mazg\u0101jams trauku mazg\u0101jam\u0101 ma\u0161\u012bn\u0101<\/p>\n<p>Izgatavots It\u0101lij\u0101.<\/p>\n","protected":false},"excerpt":{"rendered":"<p>Due Cigni univers\u0101ls steika nazis.<\/p>\n","protected":false},"featured_media":860,"comment_status":"open","ping_status":"closed","template":"","meta":[],"pwb-brand":[151],"product_brand":[],"product_cat":[110,109],"product_tag":[111,114,112],"class_list":{"0":"post-857","1":"product","2":"type-product","3":"status-publish","4":"has-post-thumbnail","6":"pwb-brand-due-cigni","7":"product_cat-due-cigni","8":"product_cat-virtuves-nazi","9":"product_tag-due-cigni","10":"product_tag-universals-steika-nazis","11":"product_tag-virtuves-nazis","12":"thunk-woo-product-list","13":"opn-qv-enable","14":"open-woo-hover-none","15":"open-single-product-tab-horizontal","16":"open-shadow-","17":"open-shadow-hover-","19":"first","20":"onbackorder","21":"taxable","22":"shipping-taxable","23":"purchasable","24":"product-type-simple"},"jetpack-related-posts":[],"jetpack_sharing_enabled":true,"brands":[{"id":151,"name":"Due Cigni","slug":"due-cigni"}],"_links":{"self":[{"href":"https:\/\/grillhouse.lv\/veikals\/wp-json\/wp\/v2\/product\/857","targetHints":{"allow":["GET"]}}],"collection":[{"href":"https:\/\/grillhouse.lv\/veikals\/wp-json\/wp\/v2\/product"}],"about":[{"href":"https:\/\/grillhouse.lv\/veikals\/wp-json\/wp\/v2\/types\/product"}],"replies":[{"embeddable":true,"href":"https:\/\/grillhouse.lv\/veikals\/wp-json\/wp\/v2\/comments?post=857"}],"wp:featuredmedia":[{"embeddable":true,"href":"https:\/\/grillhouse.lv\/veikals\/wp-json\/wp\/v2\/media\/860"}],"wp:attachment":[{"href":"https:\/\/grillhouse.lv\/veikals\/wp-json\/wp\/v2\/media?parent=857"}],"wp:term":[{"taxonomy":"pwb-brand","embeddable":true,"href":"https:\/\/grillhouse.lv\/veikals\/wp-json\/wp\/v2\/pwb-brand?post=857"},{"taxonomy":"product_brand","embeddable":true,"href":"https:\/\/grillhouse.lv\/veikals\/wp-json\/wp\/v2\/product_brand?post=857"},{"taxonomy":"product_cat","embeddable":true,"href":"https:\/\/grillhouse.lv\/veikals\/wp-json\/wp\/v2\/product_cat?post=857"},{"taxonomy":"product_tag","embeddable":true,"href":"https:\/\/grillhouse.lv\/veikals\/wp-json\/wp\/v2\/product_tag?post=857"}],"curies":[{"name":"wp","href":"https:\/\/api.w.org\/{rel}","templated":true}]}}