{"id":848,"date":"2020-11-11T20:02:16","date_gmt":"2020-11-11T18:02:16","guid":{"rendered":"http:\/\/grillhouse.lv\/veikals\/?post_type=product&#038;p=848"},"modified":"2020-11-28T08:40:58","modified_gmt":"2020-11-28T06:40:58","slug":"klaipa-panna-ar-vaku-k4","status":"publish","type":"product","link":"https:\/\/grillhouse.lv\/veikals\/products\/klaipa-panna-ar-vaku-k4\/","title":{"rendered":"Klaipa panna ar v\u0101ku k4"},"content":{"rendered":"<p>Ja j\u016bs zin\u0101t un m\u012blat \u010duguna izcil\u0101s \u012bpa\u0161\u012bbas, tad j\u016bs zin\u0101t, ka \u0161ai klaipu pannai vajadz\u0113tu b\u016bt katras virtuves pamata traukiem: mitras k\u016bkas, svaigi cepta maize, sacepumi vai krauk\u0161\u0137\u012bga grauzd\u0113ta ga\u013ca turpm\u0101k tiks pagatavota Petromax Loaf Pan .<\/p>\n<p><strong>\u010cuguns katram gad\u012bjumam<\/strong><br \/>\nIzgatavota no \u010duguna, klaipu panna izcili sadala un uzglab\u0101 siltumu. Neatkar\u012bgi no t\u0101, vai lietojat to uz atkl\u0101tas uguns, vai uz v\u0101ka uzliekat briketes: Izveidotais apa\u013cais siltums ir iespaid\u012bgs kr\u0101sn\u012b m\u0101j\u0101s un gatavojot \u0113dienu \u0101r\u0101. Pateicoties t\u0101 sauktajai nor\u016bd\u012btajai apdarei, klaipu pannu var izmantot uzreiz.<\/p>\n<p><strong>Viegl\u0101k cept<\/strong><br \/>\n\u010cuguna dabisk\u0101 pretl\u012bm\u0113jo\u0161\u0101 kvalit\u0101te, kas uzlabojas katr\u0101 lieto\u0161anas reiz\u0113, padara to \u012bpa\u0161i pat\u012bkamu cept klaipu pann\u0101. Abi rokturi nodro\u0161ina praktisku lieto\u0161anu, lai j\u016bs to var\u0113tu viegli iz\u0146emt no kr\u0101sns. Turkl\u0101t, t\u0101 k\u0101 pamatnei ir plakana pamatne, kvadr\u0101tveida veidne darbojas uz visiem pl\u012bts veidiem, ieskaitot indukciju. Klaipu panna ir ide\u0101ls papildin\u0101jums j\u016bsu Petromax \u010duguna izstr\u0101d\u0101jumiem, jo \u200b\u200bv\u0101ku var no\u0146emt ar Petromax Lid Lifter.<\/p>\n<p>Tehniskie dati<br \/>\nTilpums: 2,4 litri<br \/>\nMateri\u0101ls: \u010duguns<br \/>\nL x W x H (cm): 13,5 x 34 x 13<br \/>\nL x W x H w \/ iepakojums (cm): 14 x 35 x 13<br \/>\nSvars (g): 5250<br \/>\nSvars ar iepakojumu (g): 5600<\/p>\n<p>Pieg\u0101des apjoms<br \/>\n1 x Petromax Loaf panna ar v\u0101ku k4<br \/>\n1x lietot\u0101ja rokasgr\u0101mata (v\u0101cu, ang\u013cu, fran\u010du)<\/p>\n","protected":false},"excerpt":{"rendered":"<p>Kvadr\u0101tveida veidne ar v\u0101ku izgatavota no \u010duguna.<\/p>\n","protected":false},"featured_media":849,"comment_status":"open","ping_status":"closed","template":"","meta":[],"pwb-brand":[153],"product_brand":[],"product_cat":[104,107],"product_tag":[105,106],"class_list":{"0":"post-848","1":"product","2":"type-product","3":"status-publish","4":"has-post-thumbnail","6":"pwb-brand-petromax","7":"product_cat-cuguna-katli","8":"product_cat-petromax","9":"product_tag-cuguna-katls","10":"product_tag-petromax","11":"thunk-woo-product-list","12":"opn-qv-enable","13":"open-woo-hover-none","14":"open-single-product-tab-horizontal","15":"open-shadow-","16":"open-shadow-hover-","18":"first","19":"outofstock","20":"taxable","21":"shipping-taxable","22":"purchasable","23":"product-type-simple"},"jetpack-related-posts":[],"jetpack_sharing_enabled":true,"brands":[{"id":153,"name":"Petromax","slug":"petromax"}],"_links":{"self":[{"href":"https:\/\/grillhouse.lv\/veikals\/wp-json\/wp\/v2\/product\/848","targetHints":{"allow":["GET"]}}],"collection":[{"href":"https:\/\/grillhouse.lv\/veikals\/wp-json\/wp\/v2\/product"}],"about":[{"href":"https:\/\/grillhouse.lv\/veikals\/wp-json\/wp\/v2\/types\/product"}],"replies":[{"embeddable":true,"href":"https:\/\/grillhouse.lv\/veikals\/wp-json\/wp\/v2\/comments?post=848"}],"wp:featuredmedia":[{"embeddable":true,"href":"https:\/\/grillhouse.lv\/veikals\/wp-json\/wp\/v2\/media\/849"}],"wp:attachment":[{"href":"https:\/\/grillhouse.lv\/veikals\/wp-json\/wp\/v2\/media?parent=848"}],"wp:term":[{"taxonomy":"pwb-brand","embeddable":true,"href":"https:\/\/grillhouse.lv\/veikals\/wp-json\/wp\/v2\/pwb-brand?post=848"},{"taxonomy":"product_brand","embeddable":true,"href":"https:\/\/grillhouse.lv\/veikals\/wp-json\/wp\/v2\/product_brand?post=848"},{"taxonomy":"product_cat","embeddable":true,"href":"https:\/\/grillhouse.lv\/veikals\/wp-json\/wp\/v2\/product_cat?post=848"},{"taxonomy":"product_tag","embeddable":true,"href":"https:\/\/grillhouse.lv\/veikals\/wp-json\/wp\/v2\/product_tag?post=848"}],"curies":[{"name":"wp","href":"https:\/\/api.w.org\/{rel}","templated":true}]}}