{"id":845,"date":"2020-11-11T19:58:57","date_gmt":"2020-11-11T17:58:57","guid":{"rendered":"http:\/\/grillhouse.lv\/veikals\/?post_type=product&#038;p=845"},"modified":"2020-11-28T08:42:33","modified_gmt":"2020-11-28T06:42:33","slug":"katls-ft9","status":"publish","type":"product","link":"https:\/\/grillhouse.lv\/veikals\/products\/katls-ft9\/","title":{"rendered":"Katls ft9"},"content":{"rendered":"<p>Ori\u0123in\u0101lais Petromax katls ir ide\u0101li piem\u0113rots \u0113dienu gatavo\u0161anai un cep\u0161anai br\u012bv\u0101 dab\u0101 vai kr\u0101sn\u012b m\u0101j\u0101s. \u010cuguna podi past\u0101v kop\u0161 18. gadsimta. Pat taj\u0101 laik\u0101 tika nov\u0113rt\u0113tas \u010duguna unik\u0101l\u0101s \u012bpa\u0161\u012bbas. Izmantojot katlus Petromax p\u0101r\u0146em \u0161o trad\u012bciju, k\u0101 ar\u012b nodro\u0161ina katlus\u00a0 ar daudz\u0101m izsmalcin\u0101t\u0101m deta\u013c\u0101m.<\/p>\n<p><strong>Petromax \u010duguna kvalit\u0101te<\/strong><br \/>\nPateicoties p\u0101rsteidzo\u0161aj\u0101m \u010duguna \u012bpa\u0161\u012bb\u0101m un \u012bpa\u0161ajai virsmas strukt\u016brai, siltums tiek efekt\u012bvi uzglab\u0101ts un sadal\u012bts. Iepriek\u0161 apstr\u0101d\u0101t\u0101 virsma (nor\u016bd\u012bjusies apdare) padara iztur\u012bgo holandie\u0161u katlu uzreiz lietojamu. Br\u012bv\u0101 dab\u0101 to lieto uz atkl\u0101tas uguns vai kop\u0101 ar ogl\u0113m un briket\u0113m. Paaugstin\u0101t\u0101 v\u0101ka mala dod iesp\u0113ju uz katla novietot ar\u012b ogles vai kokogles, t\u0101d\u0113j\u0101di tas tiek uzkars\u0113ts no vis\u0101m pus\u0113m, un tas, piem\u0113ram, ir piem\u0113rota maizes cep\u0161anai.<\/p>\n<p><strong>Liels \u0113diena gatavo\u0161anas prieks, pateicoties izsmalcin\u0101t\u0101m deta\u013c\u0101m<\/strong><br \/>\nKatls ir apr\u012bkots ar \u0123eni\u0101l\u0101m deta\u013c\u0101m, kas atvieglo j\u016bsu r\u012bc\u012bbu un pied\u0101v\u0101 p\u0101rsteidzo\u0161u gatavo\u0161anas pieredzi. Katlu var dro\u0161i pacelt, pateicoties iztur\u012bgam rokturim, tr\u012bs k\u0101jas nodro\u0161ina stabilit\u0101ti,un termometra atvere \u013cauj jums p\u0101rbaud\u012bt temperat\u016bru, nepace\u013cot v\u0101ku. Kad jums tas ir nepiecie\u0161ams, karst\u0101 v\u0101ka pacel\u0161ana ir \u012bpa\u0161i vienk\u0101r\u0161a, pateicoties Petromax Lid Lifter. V\u0113l viena \u012bpa\u0161a iez\u012bme ir t\u0101, ka apg\u0101zto v\u0101ku var izmantot ar\u012b k\u0101 pannu. Blakus vis\u0101m \u0161\u012bm atjaut\u012bgaj\u0101m deta\u013c\u0101m katlam ir tradicion\u0101ls Petromax dizains: V\u0101ku rot\u0101 elegants p\u016b\u0137a logotips, kas vienm\u0113r ir bijis izcilas kvalit\u0101tes un visaugst\u0101k\u0101s klases produktu \u012bpa\u0161nieks. Katl\u0101 izcili var pagatavot zupas, ga\u013cas \u0113dienus, k\u0101 ar\u012b saut\u0113jumus, sacepumus un pat k\u016bkas.<\/p>\n<p><strong>Pieejami da\u017e\u0101dos izm\u0113ros, un tos var komplekt\u0113t ar praktiskiem piederumiem<\/strong><br \/>\nPetromax katls ir pieejams vair\u0101kos izm\u0113ros, lai p\u0113c receptes vai personu skaita var\u0113tu izv\u0113l\u0113ties pareizo. Aug\u0161\u0113j\u0101 vid\u0113j\u0101 izm\u0113ra katla mode\u013ca ft9 ietilp\u012bba ir maks. 7,5 litri (katls). Tas \u013cauj gatavot malt\u012btes l\u012bdz 8-14 person\u0101m. Petromax katlam ir pieejami citi piederumi, iz\u0146emot v\u0101ka pac\u0113l\u0101ju, piem\u0113ram, transporta un uzglab\u0101\u0161anas soma, kop\u0161anas kondicionieris un ar\u012b \u010duguna t\u012br\u012b\u0161anas piederumi. Turkl\u0101t m\u0113s pied\u0101v\u0101jam holandie\u0161u kr\u0101sns triveri un \u010duguna trivets (ft6 un vair\u0101k), kas \u013cauj gatavot un cept \u0113dienu, neko nededzinot.<\/p>\n<p>Tehniskie dati<br \/>\nMateri\u0101ls: \u010duguns<br \/>\nPersonas: 8.-14<br \/>\nTilpuma katls (maks.): 7,5 litri (s)<br \/>\nTilpuma v\u0101ks (maks.): 1,5 litri (s)<\/p>\n<p>Pieg\u0101des apjoms<br \/>\n1 x holandie\u0161u kr\u0101sns ft9<br \/>\n1 x lietot\u0101ja rokasgr\u0101mata (v\u0101cu \/ ang\u013cu \/ fran\u010du valod\u0101)<\/p>\n","protected":false},"excerpt":{"rendered":"<p>Augst\u0101kais vid\u0113ja izm\u0113ra Petromax \u010duguna katls.<\/p>\n","protected":false},"featured_media":847,"comment_status":"open","ping_status":"closed","template":"","meta":[],"pwb-brand":[153],"product_brand":[],"product_cat":[104,107],"product_tag":[105,106],"class_list":{"0":"post-845","1":"product","2":"type-product","3":"status-publish","4":"has-post-thumbnail","6":"pwb-brand-petromax","7":"product_cat-cuguna-katli","8":"product_cat-petromax","9":"product_tag-cuguna-katls","10":"product_tag-petromax","11":"thunk-woo-product-list","12":"opn-qv-enable","13":"open-woo-hover-none","14":"open-single-product-tab-horizontal","15":"open-shadow-","16":"open-shadow-hover-","18":"first","19":"outofstock","20":"taxable","21":"shipping-taxable","22":"purchasable","23":"product-type-simple"},"jetpack-related-posts":[],"jetpack_sharing_enabled":true,"brands":[{"id":153,"name":"Petromax","slug":"petromax"}],"_links":{"self":[{"href":"https:\/\/grillhouse.lv\/veikals\/wp-json\/wp\/v2\/product\/845","targetHints":{"allow":["GET"]}}],"collection":[{"href":"https:\/\/grillhouse.lv\/veikals\/wp-json\/wp\/v2\/product"}],"about":[{"href":"https:\/\/grillhouse.lv\/veikals\/wp-json\/wp\/v2\/types\/product"}],"replies":[{"embeddable":true,"href":"https:\/\/grillhouse.lv\/veikals\/wp-json\/wp\/v2\/comments?post=845"}],"wp:featuredmedia":[{"embeddable":true,"href":"https:\/\/grillhouse.lv\/veikals\/wp-json\/wp\/v2\/media\/847"}],"wp:attachment":[{"href":"https:\/\/grillhouse.lv\/veikals\/wp-json\/wp\/v2\/media?parent=845"}],"wp:term":[{"taxonomy":"pwb-brand","embeddable":true,"href":"https:\/\/grillhouse.lv\/veikals\/wp-json\/wp\/v2\/pwb-brand?post=845"},{"taxonomy":"product_brand","embeddable":true,"href":"https:\/\/grillhouse.lv\/veikals\/wp-json\/wp\/v2\/product_brand?post=845"},{"taxonomy":"product_cat","embeddable":true,"href":"https:\/\/grillhouse.lv\/veikals\/wp-json\/wp\/v2\/product_cat?post=845"},{"taxonomy":"product_tag","embeddable":true,"href":"https:\/\/grillhouse.lv\/veikals\/wp-json\/wp\/v2\/product_tag?post=845"}],"curies":[{"name":"wp","href":"https:\/\/api.w.org\/{rel}","templated":true}]}}