{"id":84,"date":"2020-07-12T19:24:48","date_gmt":"2020-07-12T16:24:48","guid":{"rendered":"http:\/\/grillhouse.lv\/veikals\/?post_type=product&#038;p=84"},"modified":"2025-04-05T11:34:10","modified_gmt":"2025-04-05T08:34:10","slug":"broilking-imperial-xls","status":"publish","type":"product","link":"https:\/\/grillhouse.lv\/veikals\/products\/broilking-imperial-xls\/","title":{"rendered":"BroilKing Imperial XLS"},"content":{"rendered":"<p>SIST\u0112MA<br \/>\n17,58 kW galven\u0101 deg\u013ca jauda<\/p>\n<p>2,93 kW komerci\u0101la l\u012bme\u0146a s\u0101nu deglis<\/p>\n<p>4,39 kW ner\u016bs\u0113jo\u0161\u0101 t\u0113rauda aizmugur\u0113j\u0101 rotora deglis un augst\u0101k\u0101s kvalit\u0101tes rotisserie komplekts<\/p>\n<p>6 452 cm2 kop\u0113j\u0101 gatavo\u0161anas virsma, ieskaitot 2 ar porcel\u0101nu p\u0101rkl\u0101tus sild\u012b\u0161anas stat\u012bvus<\/p>\n<p>3225 cm2 prim\u0101r\u0101 liel\u0101 gatavo\u0161anas virsma<\/p>\n<p>1613 cm2 prim\u0101r\u0101 maz\u0101 gatavo\u0161anas virsma<\/p>\n<p>Profesion\u0101li lietie ner\u016bs\u0113jo\u0161\u0101 t\u0113rauda v\u0101r\u012b\u0161anas re\u017e\u0123i<\/p>\n<p>Ner\u016bs\u0113jo\u0161\u0101 t\u0113rauda Flav-R-Wave \u2122 v\u0101r\u012b\u0161anas sist\u0113ma<\/p>\n<p>Se\u0161i ner\u016bs\u0113jo\u0161\u0101 t\u0113rauda Dual-Tube \u2122 deg\u013ci<\/p>\n<p>Linear-Flow \u2122 v\u0101rsti ar 180 \u00b0 sensi-touch \u2122 vad\u012bbu<\/p>\n<p>Sure-lite \u2122 elektronisk\u0101 divu elektrodu aizdedzes sist\u0113ma<\/p>\n<p>Divi Deluxe Accu-Temp \u2122 termometri<\/p>\n<p>DIZAINS<br \/>\nNer\u016bs\u0113jo\u0161\u0101 t\u0113rauda velm\u0113jams v\u0101ks ar stil\u012bgiem alum\u012bnija lietajiem gala v\u0101ci\u0146iem<\/p>\n<p>Ner\u016bs\u0113jo\u0161\u0101 t\u0113rauda pl\u012bts kast\u012bte ar lietiem alum\u012bnija gala v\u0101ci\u0146iem<\/p>\n<p>Stingra t\u0113rauda skapis ar ner\u016bs\u0113jo\u0161\u0101 t\u0113rauda durv\u012bm un atvilktn\u0113m<\/p>\n<p>Ner\u016bs\u0113jo\u0161\u0101 t\u0113rauda s\u0101nu plaukti ar vienu izvelkamu atvilktni<\/p>\n<p>Lieli 3 &#8220;\/ 7,6 cm fiks\u0113jo\u0161ie rite\u0146i<\/p>\n<p>Q l\u012bme\u0146a k\u0101ju nol\u012bdzin\u0101t\u0101ji atrodas uz priek\u0161\u0113jiem rite\u0146iem<\/p>\n<p>Augst\u0101k\u0101s klases pulverveida kr\u0101sas epoks\u012bda kr\u0101sas apdare uz korpusa un pamatnes<\/p>\n<p>Prop\u0101na mode\u013ciem ir izvelkama tvertnes atvilktne, lai to var\u0113tu viegli main\u012bt<\/p>\n<p>Ieb\u016bv\u0113ti lukturi, kas atrodas v\u0101r\u012b\u0161anas kast\u0113 un vad\u012bbas pog\u0101s<\/p>\n<p>Aizmugur\u0113 uzst\u0101d\u012bts dubult\u0101s kontaktligzdas baro\u0161anas stienis rot\u0101rijai un cit\u0101m elektroier\u012bc\u0113m<\/p>\n<p>SALIKTU GRILU IZM\u0112RI<br \/>\nAugstums &#8211; 125 cm, Platums &#8211; 63 cm, Garums &#8211; 193<\/p>\n<p>GRILA SVARS<br \/>\n142 kg<\/p>\n","protected":false},"excerpt":{"rendered":"<p style=\"text-align: justify;\">Broil King\u00ae Imperial \u2122 XLS ir divas piln\u012bgi neatkar\u012bgas grila virsmas ar kop\u0113jo 1000 kv.m. lielu gatavo\u0161anas vietu, un taj\u0101 ir 6 ner\u016bs\u0113jo\u0161\u0101 t\u0113rauda Dual-Tube \u2122 deg\u013ci, profesion\u0101lie ner\u016bs\u0113jo\u0161\u0101 t\u0113rauda re\u017e\u0123i, ner\u016bs\u0113jo\u0161ais t\u0113rauds Flav-R-Wave \u2122 \u0113diena gatavo\u0161anas sist\u0113ma, ieb\u016bv\u0113ta cepe\u0161kr\u0101sns un vad\u012bbas pogas gaismas, divi elektroniski aizdedzin\u0101t\u0101ji. XLS apr\u012bkots ar ner\u016bs\u0113jo\u0161\u0101 t\u0113rauda s\u0101nu plauktiem ar lab\u0101s puses glab\u0101\u0161anas atvilktni un sl\u0113gtu skapja pamatni ar div\u0101m lietder\u012bbas atvilktn\u0113m un div\u0101m skapja durv\u012bm.<\/p>\n","protected":false},"featured_media":85,"comment_status":"open","ping_status":"closed","template":"","meta":[],"pwb-brand":[154],"product_brand":[],"product_cat":[90,17],"product_tag":[19,26],"class_list":{"0":"post-84","1":"product","2":"type-product","3":"status-publish","4":"has-post-thumbnail","6":"pwb-brand-broilking","7":"product_cat-broilking-gazes-grili","8":"product_cat-gazes-grili","9":"product_tag-broilking","10":"product_tag-gazes-grili","11":"thunk-woo-product-list","12":"opn-qv-enable","13":"open-woo-hover-none","14":"open-single-product-tab-horizontal","15":"open-shadow-","16":"open-shadow-hover-","18":"first","19":"onbackorder","20":"taxable","21":"shipping-taxable","22":"purchasable","23":"product-type-simple"},"jetpack-related-posts":[],"jetpack_sharing_enabled":true,"brands":[{"id":154,"name":"BroilKing","slug":"broilking"}],"_links":{"self":[{"href":"https:\/\/grillhouse.lv\/veikals\/wp-json\/wp\/v2\/product\/84","targetHints":{"allow":["GET"]}}],"collection":[{"href":"https:\/\/grillhouse.lv\/veikals\/wp-json\/wp\/v2\/product"}],"about":[{"href":"https:\/\/grillhouse.lv\/veikals\/wp-json\/wp\/v2\/types\/product"}],"replies":[{"embeddable":true,"href":"https:\/\/grillhouse.lv\/veikals\/wp-json\/wp\/v2\/comments?post=84"}],"wp:featuredmedia":[{"embeddable":true,"href":"https:\/\/grillhouse.lv\/veikals\/wp-json\/wp\/v2\/media\/85"}],"wp:attachment":[{"href":"https:\/\/grillhouse.lv\/veikals\/wp-json\/wp\/v2\/media?parent=84"}],"wp:term":[{"taxonomy":"pwb-brand","embeddable":true,"href":"https:\/\/grillhouse.lv\/veikals\/wp-json\/wp\/v2\/pwb-brand?post=84"},{"taxonomy":"product_brand","embeddable":true,"href":"https:\/\/grillhouse.lv\/veikals\/wp-json\/wp\/v2\/product_brand?post=84"},{"taxonomy":"product_cat","embeddable":true,"href":"https:\/\/grillhouse.lv\/veikals\/wp-json\/wp\/v2\/product_cat?post=84"},{"taxonomy":"product_tag","embeddable":true,"href":"https:\/\/grillhouse.lv\/veikals\/wp-json\/wp\/v2\/product_tag?post=84"}],"curies":[{"name":"wp","href":"https:\/\/api.w.org\/{rel}","templated":true}]}}