{"id":797,"date":"2020-11-11T11:24:52","date_gmt":"2020-11-11T09:24:52","guid":{"rendered":"http:\/\/grillhouse.lv\/veikals\/?post_type=product&#038;p=797"},"modified":"2020-11-28T08:51:00","modified_gmt":"2020-11-28T06:51:00","slug":"tauku-panna","status":"publish","type":"product","link":"https:\/\/grillhouse.lv\/veikals\/products\/tauku-panna\/","title":{"rendered":"Tauku panna"},"content":{"rendered":"","protected":false},"excerpt":{"rendered":"<p>Prec\u012bzi piem\u0113rots rezerves tauku trauku komplekts. Komplekt\u0101 10 pannas. Piem\u0113rots Broil King\u00ae Monarch \u2122 s\u0113rija, Crown \u2122 s\u0113rija pirms 2015. gada, Signet \u2122 s\u0113rija, Sovereign \u2122 s\u0113rija, k\u0101 ar\u012b citiem BroilKing mode\u013ciem.<\/p>\n","protected":false},"featured_media":798,"comment_status":"open","ping_status":"closed","template":"","meta":[],"pwb-brand":[154],"product_brand":[],"product_cat":[97,41,37],"product_tag":[],"class_list":{"0":"post-797","1":"product","2":"type-product","3":"status-publish","4":"has-post-thumbnail","6":"pwb-brand-broilking","7":"product_cat-broilking-piederumi","8":"product_cat-piederumi","9":"product_cat-tirisanas-lidzekli","10":"thunk-woo-product-list","11":"opn-qv-enable","12":"open-woo-hover-none","13":"open-single-product-tab-horizontal","14":"open-shadow-","15":"open-shadow-hover-","17":"first","18":"instock","19":"taxable","20":"shipping-taxable","21":"purchasable","22":"product-type-simple"},"jetpack-related-posts":[],"jetpack_sharing_enabled":true,"brands":[{"id":154,"name":"BroilKing","slug":"broilking"}],"_links":{"self":[{"href":"https:\/\/grillhouse.lv\/veikals\/wp-json\/wp\/v2\/product\/797","targetHints":{"allow":["GET"]}}],"collection":[{"href":"https:\/\/grillhouse.lv\/veikals\/wp-json\/wp\/v2\/product"}],"about":[{"href":"https:\/\/grillhouse.lv\/veikals\/wp-json\/wp\/v2\/types\/product"}],"replies":[{"embeddable":true,"href":"https:\/\/grillhouse.lv\/veikals\/wp-json\/wp\/v2\/comments?post=797"}],"wp:featuredmedia":[{"embeddable":true,"href":"https:\/\/grillhouse.lv\/veikals\/wp-json\/wp\/v2\/media\/798"}],"wp:attachment":[{"href":"https:\/\/grillhouse.lv\/veikals\/wp-json\/wp\/v2\/media?parent=797"}],"wp:term":[{"taxonomy":"pwb-brand","embeddable":true,"href":"https:\/\/grillhouse.lv\/veikals\/wp-json\/wp\/v2\/pwb-brand?post=797"},{"taxonomy":"product_brand","embeddable":true,"href":"https:\/\/grillhouse.lv\/veikals\/wp-json\/wp\/v2\/product_brand?post=797"},{"taxonomy":"product_cat","embeddable":true,"href":"https:\/\/grillhouse.lv\/veikals\/wp-json\/wp\/v2\/product_cat?post=797"},{"taxonomy":"product_tag","embeddable":true,"href":"https:\/\/grillhouse.lv\/veikals\/wp-json\/wp\/v2\/product_tag?post=797"}],"curies":[{"name":"wp","href":"https:\/\/api.w.org\/{rel}","templated":true}]}}