{"id":795,"date":"2020-11-11T11:14:44","date_gmt":"2020-11-11T09:14:44","guid":{"rendered":"http:\/\/grillhouse.lv\/veikals\/?post_type=product&#038;p=795"},"modified":"2021-05-11T19:15:37","modified_gmt":"2021-05-11T16:15:37","slug":"paklajs-grilam","status":"publish","type":"product","link":"https:\/\/grillhouse.lv\/veikals\/products\/paklajs-grilam\/","title":{"rendered":"Pakl\u0101js grilam"},"content":{"rendered":"<p>\u0160is grila pakl\u0101js ir izgatavots no 100% p\u0101rstr\u0101d\u0101tas EPDM gumijas, ir ugunsiztur\u012bgs un viegli izl\u012bdzin\u0101s.<\/p>\n<p>Izm\u0113rs: 91,5 x 152,5 cm<\/p>\n","protected":false},"excerpt":{"rendered":"<p>Lab\u0101kais veids, k\u0101 pasarg\u0101t savu kl\u0101ju no net\u012brumiem un traipiem<\/p>\n","protected":false},"featured_media":796,"comment_status":"open","ping_status":"closed","template":"","meta":[],"pwb-brand":[155],"product_brand":[],"product_cat":[41,37],"product_tag":[],"class_list":{"0":"post-795","1":"product","2":"type-product","3":"status-publish","4":"has-post-thumbnail","6":"pwb-brand-grillpro","7":"product_cat-piederumi","8":"product_cat-tirisanas-lidzekli","9":"thunk-woo-product-list","10":"opn-qv-enable","11":"open-woo-hover-none","12":"open-single-product-tab-horizontal","13":"open-shadow-","14":"open-shadow-hover-","16":"first","17":"outofstock","18":"taxable","19":"shipping-taxable","20":"purchasable","21":"product-type-simple"},"jetpack-related-posts":[],"jetpack_sharing_enabled":true,"brands":[{"id":155,"name":"Grillpro","slug":"grillpro"}],"_links":{"self":[{"href":"https:\/\/grillhouse.lv\/veikals\/wp-json\/wp\/v2\/product\/795","targetHints":{"allow":["GET"]}}],"collection":[{"href":"https:\/\/grillhouse.lv\/veikals\/wp-json\/wp\/v2\/product"}],"about":[{"href":"https:\/\/grillhouse.lv\/veikals\/wp-json\/wp\/v2\/types\/product"}],"replies":[{"embeddable":true,"href":"https:\/\/grillhouse.lv\/veikals\/wp-json\/wp\/v2\/comments?post=795"}],"wp:featuredmedia":[{"embeddable":true,"href":"https:\/\/grillhouse.lv\/veikals\/wp-json\/wp\/v2\/media\/796"}],"wp:attachment":[{"href":"https:\/\/grillhouse.lv\/veikals\/wp-json\/wp\/v2\/media?parent=795"}],"wp:term":[{"taxonomy":"pwb-brand","embeddable":true,"href":"https:\/\/grillhouse.lv\/veikals\/wp-json\/wp\/v2\/pwb-brand?post=795"},{"taxonomy":"product_brand","embeddable":true,"href":"https:\/\/grillhouse.lv\/veikals\/wp-json\/wp\/v2\/product_brand?post=795"},{"taxonomy":"product_cat","embeddable":true,"href":"https:\/\/grillhouse.lv\/veikals\/wp-json\/wp\/v2\/product_cat?post=795"},{"taxonomy":"product_tag","embeddable":true,"href":"https:\/\/grillhouse.lv\/veikals\/wp-json\/wp\/v2\/product_tag?post=795"}],"curies":[{"name":"wp","href":"https:\/\/api.w.org\/{rel}","templated":true}]}}