{"id":790,"date":"2020-11-11T11:05:25","date_gmt":"2020-11-11T09:05:25","guid":{"rendered":"http:\/\/grillhouse.lv\/veikals\/?post_type=product&#038;p=790"},"modified":"2020-11-28T09:37:49","modified_gmt":"2020-11-28T07:37:49","slug":"grilesanas-terauds","status":"publish","type":"product","link":"https:\/\/grillhouse.lv\/veikals\/products\/grilesanas-terauds\/","title":{"rendered":"Gril\u0113\u0161anas t\u0113rauda pl\u0101ksne"},"content":{"rendered":"<p>Nekas neuztur tik labi un past\u0101v\u012bgi siltumu k\u0101 biezs oglek\u013ca t\u0113rauds. Ide\u0101la pl\u0101ksne steiku, j\u016bras vel\u0161u, burgeru un s\u012bpolu gatavo\u0161anai.<\/p>\n","protected":false},"excerpt":{"rendered":"<p>Oglek\u013ca t\u0113rauda pl\u0101ksne gatavo\u0161anai.<\/p>\n","protected":false},"featured_media":793,"comment_status":"open","ping_status":"closed","template":"","meta":[],"pwb-brand":[154],"product_brand":[],"product_cat":[41,101],"product_tag":[],"class_list":{"0":"post-790","1":"product","2":"type-product","3":"status-publish","4":"has-post-thumbnail","6":"pwb-brand-broilking","7":"product_cat-piederumi","8":"product_cat-virsmas-restes","9":"thunk-woo-product-list","10":"opn-qv-enable","11":"open-woo-hover-none","12":"open-single-product-tab-horizontal","13":"open-shadow-","14":"open-shadow-hover-","16":"first","17":"instock","18":"taxable","19":"shipping-taxable","20":"purchasable","21":"product-type-simple"},"jetpack-related-posts":[],"jetpack_sharing_enabled":true,"brands":[{"id":154,"name":"BroilKing","slug":"broilking"}],"_links":{"self":[{"href":"https:\/\/grillhouse.lv\/veikals\/wp-json\/wp\/v2\/product\/790","targetHints":{"allow":["GET"]}}],"collection":[{"href":"https:\/\/grillhouse.lv\/veikals\/wp-json\/wp\/v2\/product"}],"about":[{"href":"https:\/\/grillhouse.lv\/veikals\/wp-json\/wp\/v2\/types\/product"}],"replies":[{"embeddable":true,"href":"https:\/\/grillhouse.lv\/veikals\/wp-json\/wp\/v2\/comments?post=790"}],"wp:featuredmedia":[{"embeddable":true,"href":"https:\/\/grillhouse.lv\/veikals\/wp-json\/wp\/v2\/media\/793"}],"wp:attachment":[{"href":"https:\/\/grillhouse.lv\/veikals\/wp-json\/wp\/v2\/media?parent=790"}],"wp:term":[{"taxonomy":"pwb-brand","embeddable":true,"href":"https:\/\/grillhouse.lv\/veikals\/wp-json\/wp\/v2\/pwb-brand?post=790"},{"taxonomy":"product_brand","embeddable":true,"href":"https:\/\/grillhouse.lv\/veikals\/wp-json\/wp\/v2\/product_brand?post=790"},{"taxonomy":"product_cat","embeddable":true,"href":"https:\/\/grillhouse.lv\/veikals\/wp-json\/wp\/v2\/product_cat?post=790"},{"taxonomy":"product_tag","embeddable":true,"href":"https:\/\/grillhouse.lv\/veikals\/wp-json\/wp\/v2\/product_tag?post=790"}],"curies":[{"name":"wp","href":"https:\/\/api.w.org\/{rel}","templated":true}]}}