{"id":782,"date":"2020-11-11T10:36:20","date_gmt":"2020-11-11T08:36:20","guid":{"rendered":"http:\/\/grillhouse.lv\/veikals\/?post_type=product&#038;p=782"},"modified":"2022-05-07T22:04:07","modified_gmt":"2022-05-07T19:04:07","slug":"ribu-un-cepesa-plaukts","status":"publish","type":"product","link":"https:\/\/grillhouse.lv\/veikals\/products\/ribu-un-cepesa-plaukts\/","title":{"rendered":"Ribu un cepe\u0161a plaukts"},"content":{"rendered":"","protected":false},"excerpt":{"rendered":"<p>Broil King\u00ae Imperial \u2122 profesion\u0101l\u0101 ribu un cepe\u0161u plaukts ievieto 5 ribu gabalus \u012bpa\u0161i iztur\u012bg\u0101 augstas kvalit\u0101tes ner\u016bs\u0113jo\u0161\u0101 t\u0113rauda stiep\u013cu r\u0101m\u012b. Daudzfunkcion\u0101lais dizains nodro\u0161ina ar\u012b lielus ga\u013cas izcirt\u0146us, kas paredz\u0113ti cep\u0161anai uz aug\u0161\u0113j\u0101s ieliekt\u0101s stieples strukt\u016bras. Liela izm\u0113ra 10 mm rokturi atbalsta visu plauktu un \u013cauj to viegli p\u0101rvietot no vienas grila da\u013cas uz otru.<\/p>\n","protected":false},"featured_media":1454,"comment_status":"open","ping_status":"closed","template":"","meta":[],"pwb-brand":[154],"product_brand":[],"product_cat":[92,41],"product_tag":[19,99],"class_list":{"0":"post-782","1":"product","2":"type-product","3":"status-publish","4":"has-post-thumbnail","6":"pwb-brand-broilking","7":"product_cat-pannas","8":"product_cat-piederumi","9":"product_tag-broilking","10":"product_tag-ribam","11":"thunk-woo-product-list","12":"opn-qv-enable","13":"open-woo-hover-none","14":"open-single-product-tab-horizontal","15":"open-shadow-","16":"open-shadow-hover-","18":"first","19":"instock","20":"taxable","21":"shipping-taxable","22":"purchasable","23":"product-type-simple"},"jetpack-related-posts":[],"jetpack_sharing_enabled":true,"brands":[{"id":154,"name":"BroilKing","slug":"broilking"}],"_links":{"self":[{"href":"https:\/\/grillhouse.lv\/veikals\/wp-json\/wp\/v2\/product\/782","targetHints":{"allow":["GET"]}}],"collection":[{"href":"https:\/\/grillhouse.lv\/veikals\/wp-json\/wp\/v2\/product"}],"about":[{"href":"https:\/\/grillhouse.lv\/veikals\/wp-json\/wp\/v2\/types\/product"}],"replies":[{"embeddable":true,"href":"https:\/\/grillhouse.lv\/veikals\/wp-json\/wp\/v2\/comments?post=782"}],"wp:featuredmedia":[{"embeddable":true,"href":"https:\/\/grillhouse.lv\/veikals\/wp-json\/wp\/v2\/media\/1454"}],"wp:attachment":[{"href":"https:\/\/grillhouse.lv\/veikals\/wp-json\/wp\/v2\/media?parent=782"}],"wp:term":[{"taxonomy":"pwb-brand","embeddable":true,"href":"https:\/\/grillhouse.lv\/veikals\/wp-json\/wp\/v2\/pwb-brand?post=782"},{"taxonomy":"product_brand","embeddable":true,"href":"https:\/\/grillhouse.lv\/veikals\/wp-json\/wp\/v2\/product_brand?post=782"},{"taxonomy":"product_cat","embeddable":true,"href":"https:\/\/grillhouse.lv\/veikals\/wp-json\/wp\/v2\/product_cat?post=782"},{"taxonomy":"product_tag","embeddable":true,"href":"https:\/\/grillhouse.lv\/veikals\/wp-json\/wp\/v2\/product_tag?post=782"}],"curies":[{"name":"wp","href":"https:\/\/api.w.org\/{rel}","templated":true}]}}