{"id":779,"date":"2020-11-11T10:15:51","date_gmt":"2020-11-11T08:15:51","guid":{"rendered":"http:\/\/grillhouse.lv\/veikals\/?post_type=product&#038;p=779"},"modified":"2026-04-16T22:55:15","modified_gmt":"2026-04-16T19:55:15","slug":"gaisma-grilam-un-taimers","status":"publish","type":"product","link":"https:\/\/grillhouse.lv\/veikals\/products\/gaisma-grilam-un-taimers\/","title":{"rendered":"Gaisma grilam un taimers"},"content":{"rendered":"<p>Broil King Grill Light un taimeris apvieno divus lieliskus gril\u0113\u0161anas piederumus vien\u0101. Jaud\u012bgas LED sloksnes var pagriezt par 360 \u00b0, lai apgaismotu visu grilu nakts gril\u0113\u0161anai bez probl\u0113m\u0101m. Taimera interv\u0101la atpaka\u013cskait\u012b\u0161anas funkciju var iestat\u012bt, lai atg\u0101din\u0101tu, ka ik p\u0113c div\u0101m min\u016bt\u0113m j\u0101pagrie\u017e steiks, lai j\u016bs katru reizi var\u0113tu gril\u0113t perfektu steiku.<\/p>\n<p>&nbsp;<\/p>\n","protected":false},"excerpt":{"rendered":"<p>Paredz\u0113ts grila s\u0113rij\u0101m Imperial \u2122, Regal \u2122 un Baron \u2122.<\/p>\n","protected":false},"featured_media":776,"comment_status":"open","ping_status":"closed","template":"","meta":[],"pwb-brand":[154],"product_brand":[],"product_cat":[94,41],"product_tag":[19,95,96],"class_list":{"0":"post-779","1":"product","2":"type-product","3":"status-publish","4":"has-post-thumbnail","6":"pwb-brand-broilking","7":"product_cat-lukturisi","8":"product_cat-piederumi","9":"product_tag-broilking","10":"product_tag-lukturis","11":"product_tag-taimers","12":"thunk-woo-product-list","13":"opn-qv-enable","14":"open-woo-hover-none","15":"open-single-product-tab-horizontal","16":"open-shadow-","17":"open-shadow-hover-","19":"first","20":"instock","21":"taxable","22":"shipping-taxable","23":"purchasable","24":"product-type-simple"},"jetpack-related-posts":[],"jetpack_sharing_enabled":true,"brands":[{"id":154,"name":"BroilKing","slug":"broilking"}],"_links":{"self":[{"href":"https:\/\/grillhouse.lv\/veikals\/wp-json\/wp\/v2\/product\/779","targetHints":{"allow":["GET"]}}],"collection":[{"href":"https:\/\/grillhouse.lv\/veikals\/wp-json\/wp\/v2\/product"}],"about":[{"href":"https:\/\/grillhouse.lv\/veikals\/wp-json\/wp\/v2\/types\/product"}],"replies":[{"embeddable":true,"href":"https:\/\/grillhouse.lv\/veikals\/wp-json\/wp\/v2\/comments?post=779"}],"wp:featuredmedia":[{"embeddable":true,"href":"https:\/\/grillhouse.lv\/veikals\/wp-json\/wp\/v2\/media\/776"}],"wp:attachment":[{"href":"https:\/\/grillhouse.lv\/veikals\/wp-json\/wp\/v2\/media?parent=779"}],"wp:term":[{"taxonomy":"pwb-brand","embeddable":true,"href":"https:\/\/grillhouse.lv\/veikals\/wp-json\/wp\/v2\/pwb-brand?post=779"},{"taxonomy":"product_brand","embeddable":true,"href":"https:\/\/grillhouse.lv\/veikals\/wp-json\/wp\/v2\/product_brand?post=779"},{"taxonomy":"product_cat","embeddable":true,"href":"https:\/\/grillhouse.lv\/veikals\/wp-json\/wp\/v2\/product_cat?post=779"},{"taxonomy":"product_tag","embeddable":true,"href":"https:\/\/grillhouse.lv\/veikals\/wp-json\/wp\/v2\/product_tag?post=779"}],"curies":[{"name":"wp","href":"https:\/\/api.w.org\/{rel}","templated":true}]}}