{"id":771,"date":"2020-11-11T09:21:11","date_gmt":"2020-11-11T07:21:11","guid":{"rendered":"http:\/\/grillhouse.lv\/veikals\/?post_type=product&#038;p=771"},"modified":"2022-05-07T21:56:00","modified_gmt":"2022-05-07T18:56:00","slug":"cuguna-trauks","status":"publish","type":"product","link":"https:\/\/grillhouse.lv\/veikals\/products\/cuguna-trauks\/","title":{"rendered":"\u010cuguna trauks"},"content":{"rendered":"<p style=\"text-align: justify;\">Broil King\u00ae Rib Roaster ribi\u0146as novieto vertik\u0101li uz ner\u016bs\u0113jo\u0161\u0101 re\u017e\u0123a, ietaupot vietu un \u013caujot rib\u0101m ide\u0101li gatavoties, nevis saut\u0113ties. Izgatavots no smag\u0101 \u010duguna ar iztur\u012bgu porcel\u0101na p\u0101rkl\u0101jumu, kuru ir viegli t\u012br\u012bt. Rib Roaster ir piem\u0113rots lieto\u0161anai tie\u0161i uz gatavo\u0161anais virsmasvai Broil King\u2019s Flav-R-Wave \u2122.<\/p>\n<p style=\"text-align: justify;\">Gatavo\u0161anas padoms: k\u016bpiniet 1 stundu 110 \u00b0C temperat\u016br\u0101, p\u0113c tam 2 stundas temperat\u016br\u0101 150 \u00b0 C. Uz g\u0101zes grila cepiet ribi\u0146as 220 \u00b0 C temperat\u016br\u0101 apm\u0113ram 1 stundu (vai maz\u0101k).<\/p>\n","protected":false},"excerpt":{"rendered":"<p>Trauks ribi\u0146u pagatavo\u0161anai<\/p>\n","protected":false},"featured_media":774,"comment_status":"open","ping_status":"closed","template":"","meta":[],"pwb-brand":[154],"product_brand":[],"product_cat":[92,41],"product_tag":[],"class_list":{"0":"post-771","1":"product","2":"type-product","3":"status-publish","4":"has-post-thumbnail","6":"pwb-brand-broilking","7":"product_cat-pannas","8":"product_cat-piederumi","9":"thunk-woo-product-list","10":"opn-qv-enable","11":"open-woo-hover-none","12":"open-single-product-tab-horizontal","13":"open-shadow-","14":"open-shadow-hover-","16":"first","17":"instock","18":"taxable","19":"shipping-taxable","20":"purchasable","21":"product-type-simple"},"jetpack-related-posts":[],"jetpack_sharing_enabled":true,"brands":[{"id":154,"name":"BroilKing","slug":"broilking"}],"_links":{"self":[{"href":"https:\/\/grillhouse.lv\/veikals\/wp-json\/wp\/v2\/product\/771","targetHints":{"allow":["GET"]}}],"collection":[{"href":"https:\/\/grillhouse.lv\/veikals\/wp-json\/wp\/v2\/product"}],"about":[{"href":"https:\/\/grillhouse.lv\/veikals\/wp-json\/wp\/v2\/types\/product"}],"replies":[{"embeddable":true,"href":"https:\/\/grillhouse.lv\/veikals\/wp-json\/wp\/v2\/comments?post=771"}],"wp:featuredmedia":[{"embeddable":true,"href":"https:\/\/grillhouse.lv\/veikals\/wp-json\/wp\/v2\/media\/774"}],"wp:attachment":[{"href":"https:\/\/grillhouse.lv\/veikals\/wp-json\/wp\/v2\/media?parent=771"}],"wp:term":[{"taxonomy":"pwb-brand","embeddable":true,"href":"https:\/\/grillhouse.lv\/veikals\/wp-json\/wp\/v2\/pwb-brand?post=771"},{"taxonomy":"product_brand","embeddable":true,"href":"https:\/\/grillhouse.lv\/veikals\/wp-json\/wp\/v2\/product_brand?post=771"},{"taxonomy":"product_cat","embeddable":true,"href":"https:\/\/grillhouse.lv\/veikals\/wp-json\/wp\/v2\/product_cat?post=771"},{"taxonomy":"product_tag","embeddable":true,"href":"https:\/\/grillhouse.lv\/veikals\/wp-json\/wp\/v2\/product_tag?post=771"}],"curies":[{"name":"wp","href":"https:\/\/api.w.org\/{rel}","templated":true}]}}