{"id":765,"date":"2020-11-09T21:49:00","date_gmt":"2020-11-09T19:49:00","guid":{"rendered":"http:\/\/grillhouse.lv\/veikals\/?post_type=product&#038;p=765"},"modified":"2020-11-28T09:21:05","modified_gmt":"2020-11-28T07:21:05","slug":"yakiniku-shichirin-rectangular","status":"publish","type":"product","link":"https:\/\/grillhouse.lv\/veikals\/products\/yakiniku-shichirin-rectangular\/","title":{"rendered":"Yakiniku Shichirin Rectangular"},"content":{"rendered":"<p style=\"text-align: justify;\">Jap\u0101\u0146u keramiskais grils.\u00a0Shichirin grils ir izgatavots no keramikas ar kvarcu, kordier\u012bta un gatavots augst\u0101 temperat\u016br\u0101. Tas padara \u0161o grilu par \u012bstu sp\u0113kstaciju. Grilu ir viegli t\u012br\u012bt stiklot\u0101s \u0101rpuses d\u0113\u013c. Ier\u012bci var izmantot tikai \u0101rpus telp\u0101m ar briket\u0113m, pa\u0161aizdeg\u0161an\u0101s briket\u0113m vai ogl\u0113m. Jap\u0101\u0146i izmanto bin\u010dot\u0101na kokogles, Jap\u0101nas melno zeltu, kas noz\u012bm\u0113, ka var sasniegt \u0101rk\u0101rt\u012bgi augstu temperat\u016bru. \u012asts Yakitori grils sasniedz 900 gr\u0101du temperat\u016bru.<\/p>\n<p style=\"text-align: left;\">Piederumi<\/p>\n<p style=\"text-align: left;\">\u2022 Standarta bambusa p\u0101rn\u0113s\u0101jama pamatne<\/p>\n<p style=\"text-align: left;\">\u2022 Ner\u016bs\u0113jo\u0161\u0101 t\u0113rauda re\u017e\u0123is<\/p>\n<p style=\"text-align: left;\">Grila izm\u0113rs 400 * 200<\/p>\n<p style=\"text-align: left;\">Piem\u0113rots l\u012bdz 6 cilv\u0113kiem<\/p>\n","protected":false},"excerpt":{"rendered":"<p>Uz galda liekams keramiskais grils.<\/p>\n","protected":false},"featured_media":767,"comment_status":"open","ping_status":"closed","template":"","meta":[],"pwb-brand":[161],"product_brand":[],"product_cat":[48,85],"product_tag":[],"class_list":{"0":"post-765","1":"product","2":"type-product","3":"status-publish","4":"has-post-thumbnail","6":"pwb-brand-yakiniku","7":"product_cat-kokoglu-grili","8":"product_cat-yakiniku","9":"thunk-woo-product-list","10":"opn-qv-enable","11":"open-woo-hover-none","12":"open-single-product-tab-horizontal","13":"open-shadow-","14":"open-shadow-hover-","16":"first","17":"onbackorder","18":"taxable","19":"shipping-taxable","20":"purchasable","21":"product-type-simple"},"jetpack-related-posts":[],"jetpack_sharing_enabled":true,"brands":[{"id":161,"name":"Yakiniku","slug":"yakiniku"}],"_links":{"self":[{"href":"https:\/\/grillhouse.lv\/veikals\/wp-json\/wp\/v2\/product\/765","targetHints":{"allow":["GET"]}}],"collection":[{"href":"https:\/\/grillhouse.lv\/veikals\/wp-json\/wp\/v2\/product"}],"about":[{"href":"https:\/\/grillhouse.lv\/veikals\/wp-json\/wp\/v2\/types\/product"}],"replies":[{"embeddable":true,"href":"https:\/\/grillhouse.lv\/veikals\/wp-json\/wp\/v2\/comments?post=765"}],"wp:featuredmedia":[{"embeddable":true,"href":"https:\/\/grillhouse.lv\/veikals\/wp-json\/wp\/v2\/media\/767"}],"wp:attachment":[{"href":"https:\/\/grillhouse.lv\/veikals\/wp-json\/wp\/v2\/media?parent=765"}],"wp:term":[{"taxonomy":"pwb-brand","embeddable":true,"href":"https:\/\/grillhouse.lv\/veikals\/wp-json\/wp\/v2\/pwb-brand?post=765"},{"taxonomy":"product_brand","embeddable":true,"href":"https:\/\/grillhouse.lv\/veikals\/wp-json\/wp\/v2\/product_brand?post=765"},{"taxonomy":"product_cat","embeddable":true,"href":"https:\/\/grillhouse.lv\/veikals\/wp-json\/wp\/v2\/product_cat?post=765"},{"taxonomy":"product_tag","embeddable":true,"href":"https:\/\/grillhouse.lv\/veikals\/wp-json\/wp\/v2\/product_tag?post=765"}],"curies":[{"name":"wp","href":"https:\/\/api.w.org\/{rel}","templated":true}]}}