{"id":711,"date":"2020-10-24T21:21:14","date_gmt":"2020-10-24T18:21:14","guid":{"rendered":"http:\/\/grillhouse.lv\/veikals\/?post_type=product&#038;p=711"},"modified":"2025-04-05T11:26:16","modified_gmt":"2025-04-05T08:26:16","slug":"remundi-pro-carus-s","status":"publish","type":"product","link":"https:\/\/grillhouse.lv\/veikals\/products\/remundi-pro-carus-s\/","title":{"rendered":"Remundi Pro Carus S"},"content":{"rendered":"<p>Materi\u0101ls: t\u0113rauds \/ ner\u016bs\u0113jo\u0161ais t\u0113rauds<br \/>\nIzm\u0113rs: (L x W x H) 62 x 62 x 70 cm<br \/>\nGrila pl\u0101ksne: \u00d8 62 cm<br \/>\nGrila re\u017e\u0123is \u00d8 25 cm<br \/>\nSvars apm. 107 kg<br \/>\nIepakojuma izm\u0113rs (L x W x H) 104 x 104 x 70,4 cm<br \/>\nPieg\u0101des apjoms Uguns trauks, t\u0113rauda grila pl\u0101ksne, pamatne, ner\u016bs\u0113jo\u0161\u0101 t\u0113rauda grila re\u017e\u0123is,<br \/>\nPieg\u0101des gaisa vad\u012bba, pelnu trauks un pelnu tvertne<\/p>\n","protected":false},"excerpt":{"rendered":"<p>Iztur\u012bgs dizains ar bag\u0101t\u012bgu pamatni &#8211; ide\u0101li piem\u0113rots malkas uzglab\u0101\u0161anai.<\/p>\n","protected":false},"featured_media":712,"comment_status":"open","ping_status":"closed","template":"","meta":[],"pwb-brand":[160],"product_brand":[],"product_cat":[69,80],"product_tag":[70,81],"class_list":{"0":"post-711","1":"product","2":"type-product","3":"status-publish","4":"has-post-thumbnail","6":"pwb-brand-remundi","7":"product_cat-malkas-grili","8":"product_cat-remundi","9":"product_tag-malkas-grili","10":"product_tag-remundi","11":"thunk-woo-product-list","12":"opn-qv-enable","13":"open-woo-hover-none","14":"open-single-product-tab-horizontal","15":"open-shadow-","16":"open-shadow-hover-","18":"first","19":"onbackorder","20":"taxable","21":"shipping-taxable","22":"purchasable","23":"product-type-simple"},"jetpack-related-posts":[],"jetpack_sharing_enabled":true,"brands":[{"id":160,"name":"Remundi","slug":"remundi"}],"_links":{"self":[{"href":"https:\/\/grillhouse.lv\/veikals\/wp-json\/wp\/v2\/product\/711","targetHints":{"allow":["GET"]}}],"collection":[{"href":"https:\/\/grillhouse.lv\/veikals\/wp-json\/wp\/v2\/product"}],"about":[{"href":"https:\/\/grillhouse.lv\/veikals\/wp-json\/wp\/v2\/types\/product"}],"replies":[{"embeddable":true,"href":"https:\/\/grillhouse.lv\/veikals\/wp-json\/wp\/v2\/comments?post=711"}],"wp:featuredmedia":[{"embeddable":true,"href":"https:\/\/grillhouse.lv\/veikals\/wp-json\/wp\/v2\/media\/712"}],"wp:attachment":[{"href":"https:\/\/grillhouse.lv\/veikals\/wp-json\/wp\/v2\/media?parent=711"}],"wp:term":[{"taxonomy":"pwb-brand","embeddable":true,"href":"https:\/\/grillhouse.lv\/veikals\/wp-json\/wp\/v2\/pwb-brand?post=711"},{"taxonomy":"product_brand","embeddable":true,"href":"https:\/\/grillhouse.lv\/veikals\/wp-json\/wp\/v2\/product_brand?post=711"},{"taxonomy":"product_cat","embeddable":true,"href":"https:\/\/grillhouse.lv\/veikals\/wp-json\/wp\/v2\/product_cat?post=711"},{"taxonomy":"product_tag","embeddable":true,"href":"https:\/\/grillhouse.lv\/veikals\/wp-json\/wp\/v2\/product_tag?post=711"}],"curies":[{"name":"wp","href":"https:\/\/api.w.org\/{rel}","templated":true}]}}