{"id":677,"date":"2020-10-09T20:40:32","date_gmt":"2020-10-09T17:40:32","guid":{"rendered":"http:\/\/grillhouse.lv\/veikals\/?post_type=product&#038;p=677"},"modified":"2021-07-22T17:28:42","modified_gmt":"2021-07-22T14:28:42","slug":"grila-rinkis-100","status":"publish","type":"product","link":"https:\/\/grillhouse.lv\/veikals\/products\/grila-rinkis-100\/","title":{"rendered":"Grila ri\u0146\u0137is 100"},"content":{"rendered":"","protected":false},"excerpt":{"rendered":"<p>\u0160is iztur\u012bgais divda\u013c\u012bgais grila rin\u0137is ir ide\u0101li piem\u0113rots liel\u0101ku ga\u013cas gabalu pagatavo\u0161anai uz OFYR grila. Novietojiet grila rin\u0137i tie\u0161i virs liesm\u0101m.<\/p>\n","protected":false},"featured_media":678,"comment_status":"open","ping_status":"closed","template":"","meta":[],"pwb-brand":[156],"product_brand":[],"product_cat":[69,74],"product_tag":[76],"class_list":{"0":"post-677","1":"product","2":"type-product","3":"status-publish","4":"has-post-thumbnail","6":"pwb-brand-ofyr","7":"product_cat-malkas-grili","8":"product_cat-piederumi-malkas-grili","9":"product_tag-piederumi-ofyr","10":"thunk-woo-product-list","11":"opn-qv-enable","12":"open-woo-hover-none","13":"open-single-product-tab-horizontal","14":"open-shadow-","15":"open-shadow-hover-","17":"first","18":"onbackorder","19":"taxable","20":"shipping-taxable","21":"purchasable","22":"product-type-simple"},"jetpack-related-posts":[],"jetpack_sharing_enabled":true,"brands":[{"id":156,"name":"OFYR","slug":"ofyr"}],"_links":{"self":[{"href":"https:\/\/grillhouse.lv\/veikals\/wp-json\/wp\/v2\/product\/677","targetHints":{"allow":["GET"]}}],"collection":[{"href":"https:\/\/grillhouse.lv\/veikals\/wp-json\/wp\/v2\/product"}],"about":[{"href":"https:\/\/grillhouse.lv\/veikals\/wp-json\/wp\/v2\/types\/product"}],"replies":[{"embeddable":true,"href":"https:\/\/grillhouse.lv\/veikals\/wp-json\/wp\/v2\/comments?post=677"}],"wp:featuredmedia":[{"embeddable":true,"href":"https:\/\/grillhouse.lv\/veikals\/wp-json\/wp\/v2\/media\/678"}],"wp:attachment":[{"href":"https:\/\/grillhouse.lv\/veikals\/wp-json\/wp\/v2\/media?parent=677"}],"wp:term":[{"taxonomy":"pwb-brand","embeddable":true,"href":"https:\/\/grillhouse.lv\/veikals\/wp-json\/wp\/v2\/pwb-brand?post=677"},{"taxonomy":"product_brand","embeddable":true,"href":"https:\/\/grillhouse.lv\/veikals\/wp-json\/wp\/v2\/product_brand?post=677"},{"taxonomy":"product_cat","embeddable":true,"href":"https:\/\/grillhouse.lv\/veikals\/wp-json\/wp\/v2\/product_cat?post=677"},{"taxonomy":"product_tag","embeddable":true,"href":"https:\/\/grillhouse.lv\/veikals\/wp-json\/wp\/v2\/product_tag?post=677"}],"curies":[{"name":"wp","href":"https:\/\/api.w.org\/{rel}","templated":true}]}}