{"id":655,"date":"2020-09-21T22:45:41","date_gmt":"2020-09-21T19:45:41","guid":{"rendered":"http:\/\/grillhouse.lv\/veikals\/?post_type=product&#038;p=655"},"modified":"2020-11-28T09:21:23","modified_gmt":"2020-11-28T07:21:23","slug":"ofyr-tablo","status":"publish","type":"product","link":"https:\/\/grillhouse.lv\/veikals\/products\/ofyr-tablo\/","title":{"rendered":"Grils OFYR Tabl&#8217;O"},"content":{"rendered":"<table id=\"product-attribute-specs-table\" class=\"data table additional-attributes\">\n<tbody>\n<tr>\n<th class=\"col label\" scope=\"row\">Virsmas svars<\/th>\n<td class=\"col data\" data-th=\"Weight Plate\">\u00a04,3 kg<\/td>\n<\/tr>\n<tr>\n<th class=\"col label\" scope=\"row\">Virsmas diametrs<\/th>\n<td class=\"col data\" data-th=\"Diameter Plate\">39,5 cm<\/td>\n<\/tr>\n<tr>\n<th class=\"col label\" scope=\"row\">Izm\u0113ri<\/th>\n<td class=\"col data\" data-th=\"Dimensions\">\u00d846,5&#215;12 cm<\/td>\n<\/tr>\n<tr>\n<th class=\"col label\" scope=\"row\">Materi\u0101ls<\/th>\n<td class=\"col data\" data-th=\"Material\">Corten Steel<\/td>\n<\/tr>\n<tr>\n<th class=\"col label\" scope=\"row\">Kop\u0113jais svars<\/th>\n<td class=\"col data\" data-th=\"Total weight\">17 kg<\/td>\n<\/tr>\n<\/tbody>\n<\/table>\n","protected":false},"excerpt":{"rendered":"<p style=\"text-align: justify;\">Kompakts, efekt\u012bvs un elegants: OFYR Tabl\u2019O ir ide\u0101ls galda grils vesel\u012bgu un gar\u0161\u012bgu \u0113dienu pagatavo\u0161anai 2-6 cilv\u0113kiem. OFYR Tabl\u2019O ir izgatavots no t\u0113rauda ar melnu p\u0101rkl\u0101jumu un balst\u0101s uz karstumiztur\u012bga d\u0113\u013ca. Tas tiks pieg\u0101d\u0101ts ar Quickstarter un \u0113rtu r\u012bku, lai apgrieztu v\u0101r\u012b\u0161anas pl\u0101ksni, k\u0101 ar\u012b atv\u0113rtu vai aizv\u0113rtu gaisa atveres. Veltiet vair\u0101k laika, lai vienk\u0101r\u0161i b\u016btu kop\u0101 un dal\u012btos gar\u0161\u0101 par labaj\u0101m liet\u0101m dz\u012bv\u0113.<\/p>\n","protected":false},"featured_media":656,"comment_status":"open","ping_status":"closed","template":"","meta":[],"pwb-brand":[156],"product_brand":[],"product_cat":[48,87],"product_tag":[50,47],"class_list":{"0":"post-655","1":"product","2":"type-product","3":"status-publish","4":"has-post-thumbnail","6":"pwb-brand-ofyr","7":"product_cat-kokoglu-grili","8":"product_cat-ofyr-kokoglu-grili","9":"product_tag-kokoglu-grili","10":"product_tag-ofyr","11":"thunk-woo-product-list","12":"opn-qv-enable","13":"open-woo-hover-none","14":"open-single-product-tab-horizontal","15":"open-shadow-","16":"open-shadow-hover-","18":"first","19":"onbackorder","20":"taxable","21":"shipping-taxable","22":"purchasable","23":"product-type-simple"},"jetpack-related-posts":[],"jetpack_sharing_enabled":true,"brands":[{"id":156,"name":"OFYR","slug":"ofyr"}],"_links":{"self":[{"href":"https:\/\/grillhouse.lv\/veikals\/wp-json\/wp\/v2\/product\/655","targetHints":{"allow":["GET"]}}],"collection":[{"href":"https:\/\/grillhouse.lv\/veikals\/wp-json\/wp\/v2\/product"}],"about":[{"href":"https:\/\/grillhouse.lv\/veikals\/wp-json\/wp\/v2\/types\/product"}],"replies":[{"embeddable":true,"href":"https:\/\/grillhouse.lv\/veikals\/wp-json\/wp\/v2\/comments?post=655"}],"wp:featuredmedia":[{"embeddable":true,"href":"https:\/\/grillhouse.lv\/veikals\/wp-json\/wp\/v2\/media\/656"}],"wp:attachment":[{"href":"https:\/\/grillhouse.lv\/veikals\/wp-json\/wp\/v2\/media?parent=655"}],"wp:term":[{"taxonomy":"pwb-brand","embeddable":true,"href":"https:\/\/grillhouse.lv\/veikals\/wp-json\/wp\/v2\/pwb-brand?post=655"},{"taxonomy":"product_brand","embeddable":true,"href":"https:\/\/grillhouse.lv\/veikals\/wp-json\/wp\/v2\/product_brand?post=655"},{"taxonomy":"product_cat","embeddable":true,"href":"https:\/\/grillhouse.lv\/veikals\/wp-json\/wp\/v2\/product_cat?post=655"},{"taxonomy":"product_tag","embeddable":true,"href":"https:\/\/grillhouse.lv\/veikals\/wp-json\/wp\/v2\/product_tag?post=655"}],"curies":[{"name":"wp","href":"https:\/\/api.w.org\/{rel}","templated":true}]}}