{"id":653,"date":"2020-09-21T22:38:31","date_gmt":"2020-09-21T19:38:31","guid":{"rendered":"http:\/\/grillhouse.lv\/veikals\/?post_type=product&#038;p=653"},"modified":"2022-06-01T22:24:21","modified_gmt":"2022-06-01T19:24:21","slug":"ofyr-xl-corten","status":"publish","type":"product","link":"https:\/\/grillhouse.lv\/veikals\/products\/ofyr-xl-corten\/","title":{"rendered":"OFYR XL Corten"},"content":{"rendered":"<table id=\"product-attribute-specs-table\" class=\"data table additional-attributes\">\n<tbody>\n<tr>\n<th class=\"col label\" scope=\"row\">Virsmas svars<\/th>\n<td class=\"col data\" data-th=\"Weight Plate\">126 kg<\/td>\n<\/tr>\n<tr>\n<th class=\"col label\" scope=\"row\">Virsmas laukums<\/th>\n<td class=\"col data\" data-th=\"Cooking Surface\">1,28 m\u00b2<\/td>\n<\/tr>\n<tr>\n<th class=\"col label\" scope=\"row\">Virsmas diametrs<\/th>\n<td class=\"col data\" data-th=\"Diameter Plate\">150 cm<\/td>\n<\/tr>\n<tr>\n<th class=\"col label\" scope=\"row\">Izm\u0113ri<\/th>\n<td class=\"col data\" data-th=\"Dimensions\">149x149x108 cm<\/td>\n<\/tr>\n<tr>\n<th class=\"col label\" scope=\"row\">K\u0101jas izm\u0113ri<\/th>\n<td class=\"col data\" data-th=\"Dimensions Base\">77x77x62 cm<\/td>\n<\/tr>\n<tr>\n<th class=\"col label\" scope=\"row\">Materi\u0101ls<\/th>\n<td class=\"col data\" data-th=\"Material\">Corten Steel<\/td>\n<\/tr>\n<tr>\n<th class=\"col label\" scope=\"row\">Kop\u0113jais svars<\/th>\n<td class=\"col data\" data-th=\"Total weight\">230,5 kg<\/td>\n<\/tr>\n<\/tbody>\n<\/table>\n","protected":false},"excerpt":{"rendered":"<p>Visas OFYR pl\u012btis ir veidotas p\u0113c profesion\u0101las specifik\u0101cijas, ta\u010du \u0161is lielizm\u0113ra modelis ir \u012bpa\u0161i piem\u0113rots \u0113din\u0101\u0161anai liel\u0101k\u0101m grup\u0101m. 150 cm diametr\u0101 ir vieta diviem pav\u0101riem, kuri var str\u0101d\u0101t vienlaic\u012bgi un apkalpot l\u012bdz 150 person\u0101m. V\u0113l daudzpus\u012bg\u0101kai izv\u0113lei ir pieejams XL grils un citi OFYR grila piederumi.<\/p>\n","protected":false},"featured_media":654,"comment_status":"open","ping_status":"closed","template":"","meta":[],"pwb-brand":[156],"product_brand":[],"product_cat":[69,79],"product_tag":[70,47],"class_list":{"0":"post-653","1":"product","2":"type-product","3":"status-publish","4":"has-post-thumbnail","6":"pwb-brand-ofyr","7":"product_cat-malkas-grili","8":"product_cat-ofyr","9":"product_tag-malkas-grili","10":"product_tag-ofyr","11":"thunk-woo-product-list","12":"opn-qv-enable","13":"open-woo-hover-none","14":"open-single-product-tab-horizontal","15":"open-shadow-","16":"open-shadow-hover-","18":"first","19":"onbackorder","20":"taxable","21":"shipping-taxable","22":"purchasable","23":"product-type-simple"},"jetpack-related-posts":[],"jetpack_sharing_enabled":true,"brands":[{"id":156,"name":"OFYR","slug":"ofyr"}],"_links":{"self":[{"href":"https:\/\/grillhouse.lv\/veikals\/wp-json\/wp\/v2\/product\/653","targetHints":{"allow":["GET"]}}],"collection":[{"href":"https:\/\/grillhouse.lv\/veikals\/wp-json\/wp\/v2\/product"}],"about":[{"href":"https:\/\/grillhouse.lv\/veikals\/wp-json\/wp\/v2\/types\/product"}],"replies":[{"embeddable":true,"href":"https:\/\/grillhouse.lv\/veikals\/wp-json\/wp\/v2\/comments?post=653"}],"wp:featuredmedia":[{"embeddable":true,"href":"https:\/\/grillhouse.lv\/veikals\/wp-json\/wp\/v2\/media\/654"}],"wp:attachment":[{"href":"https:\/\/grillhouse.lv\/veikals\/wp-json\/wp\/v2\/media?parent=653"}],"wp:term":[{"taxonomy":"pwb-brand","embeddable":true,"href":"https:\/\/grillhouse.lv\/veikals\/wp-json\/wp\/v2\/pwb-brand?post=653"},{"taxonomy":"product_brand","embeddable":true,"href":"https:\/\/grillhouse.lv\/veikals\/wp-json\/wp\/v2\/product_brand?post=653"},{"taxonomy":"product_cat","embeddable":true,"href":"https:\/\/grillhouse.lv\/veikals\/wp-json\/wp\/v2\/product_cat?post=653"},{"taxonomy":"product_tag","embeddable":true,"href":"https:\/\/grillhouse.lv\/veikals\/wp-json\/wp\/v2\/product_tag?post=653"}],"curies":[{"name":"wp","href":"https:\/\/api.w.org\/{rel}","templated":true}]}}