{"id":640,"date":"2020-09-21T22:15:41","date_gmt":"2020-09-21T19:15:41","guid":{"rendered":"http:\/\/grillhouse.lv\/veikals\/?post_type=product&#038;p=640"},"modified":"2022-06-01T22:21:40","modified_gmt":"2022-06-01T19:21:40","slug":"ofyr-island-black-85-teak-wood","status":"publish","type":"product","link":"https:\/\/grillhouse.lv\/veikals\/products\/ofyr-island-black-85-teak-wood\/","title":{"rendered":"OFYR Island Black 85 Teak Wood"},"content":{"rendered":"<table id=\"product-attribute-specs-table\" class=\"data table additional-attributes\">\n<tbody>\n<tr>\n<th class=\"col label\" scope=\"row\">Virsmas svars<\/th>\n<td class=\"col data\" data-th=\"Weight Plate\">44 kg<\/td>\n<\/tr>\n<tr>\n<th class=\"col label\" scope=\"row\">Virsmas laukums<\/th>\n<td class=\"col data\" data-th=\"Cooking Surface\">0,44 m\u00b2<\/td>\n<\/tr>\n<tr>\n<th class=\"col label\" scope=\"row\">Virsmas diametrs<\/th>\n<td class=\"col data\" data-th=\"Diameter Plate\">85 cm<\/td>\n<\/tr>\n<tr>\n<th class=\"col label\" scope=\"row\">Izm\u0113ri<\/th>\n<td class=\"col data\" data-th=\"Dimensions\">85x165x100 cm<\/td>\n<\/tr>\n<tr>\n<th class=\"col label\" scope=\"row\">K\u0101jas izm\u0113ri<\/th>\n<td class=\"col data\" data-th=\"Dimensions Base\">45x135x78 cm<\/td>\n<\/tr>\n<tr>\n<th class=\"col label\" scope=\"row\">Materi\u0101ls<\/th>\n<td class=\"col data\" data-th=\"Material\">Melnais t\u0113rauds<\/td>\n<\/tr>\n<tr>\n<th class=\"col label\" scope=\"row\">Glab\u0101tuve<\/th>\n<td class=\"col data\" data-th=\"Material\">0,3 m3<\/td>\n<\/tr>\n<tr>\n<th class=\"col label\" scope=\"row\">Kop\u0113jais svars<\/th>\n<td class=\"col data\" data-th=\"Total weight\">146 kg<\/td>\n<\/tr>\n<\/tbody>\n<\/table>\n<p>&nbsp;<\/p>\n","protected":false},"excerpt":{"rendered":"<p>\u0160\u012b &#8220;viss vien\u0101&#8221; vien\u012bba apvieno nep\u0101rsp\u0113jamu stilu un funkcionalit\u0101ti kompakt\u0101 dizain\u0101. OFYR sala nodro\u0161ina visu nepiecie\u0161amo, lai g\u016btu izcilu \u0113diena gatavo\u0161anas pieredzi br\u012bv\u0101 dab\u0101 kop\u0101 ar draugiem vai \u0123imeni. Taj\u0101 ietilpst 85 cm vai 100 cm OFYR v\u0101r\u012b\u0161anas iek\u0101rta ar koka glab\u0101tuvi, mas\u012bvkoka smalcin\u0101\u0161anas d\u0113lis un \u0113rta piederumu papl\u0101te traukiem un gar\u0161viel\u0101m. Grie\u0161anas d\u0113lis ir pieejams no t\u012bkkoka koka vai tum\u0161i pel\u0113kas keramikas.<\/p>\n","protected":false},"featured_media":641,"comment_status":"open","ping_status":"closed","template":"","meta":[],"pwb-brand":[156],"product_brand":[],"product_cat":[69,79],"product_tag":[70,47],"class_list":{"0":"post-640","1":"product","2":"type-product","3":"status-publish","4":"has-post-thumbnail","6":"pwb-brand-ofyr","7":"product_cat-malkas-grili","8":"product_cat-ofyr","9":"product_tag-malkas-grili","10":"product_tag-ofyr","11":"thunk-woo-product-list","12":"opn-qv-enable","13":"open-woo-hover-none","14":"open-single-product-tab-horizontal","15":"open-shadow-","16":"open-shadow-hover-","18":"first","19":"onbackorder","20":"taxable","21":"shipping-taxable","22":"purchasable","23":"product-type-simple"},"jetpack-related-posts":[],"jetpack_sharing_enabled":true,"brands":[{"id":156,"name":"OFYR","slug":"ofyr"}],"_links":{"self":[{"href":"https:\/\/grillhouse.lv\/veikals\/wp-json\/wp\/v2\/product\/640","targetHints":{"allow":["GET"]}}],"collection":[{"href":"https:\/\/grillhouse.lv\/veikals\/wp-json\/wp\/v2\/product"}],"about":[{"href":"https:\/\/grillhouse.lv\/veikals\/wp-json\/wp\/v2\/types\/product"}],"replies":[{"embeddable":true,"href":"https:\/\/grillhouse.lv\/veikals\/wp-json\/wp\/v2\/comments?post=640"}],"wp:featuredmedia":[{"embeddable":true,"href":"https:\/\/grillhouse.lv\/veikals\/wp-json\/wp\/v2\/media\/641"}],"wp:attachment":[{"href":"https:\/\/grillhouse.lv\/veikals\/wp-json\/wp\/v2\/media?parent=640"}],"wp:term":[{"taxonomy":"pwb-brand","embeddable":true,"href":"https:\/\/grillhouse.lv\/veikals\/wp-json\/wp\/v2\/pwb-brand?post=640"},{"taxonomy":"product_brand","embeddable":true,"href":"https:\/\/grillhouse.lv\/veikals\/wp-json\/wp\/v2\/product_brand?post=640"},{"taxonomy":"product_cat","embeddable":true,"href":"https:\/\/grillhouse.lv\/veikals\/wp-json\/wp\/v2\/product_cat?post=640"},{"taxonomy":"product_tag","embeddable":true,"href":"https:\/\/grillhouse.lv\/veikals\/wp-json\/wp\/v2\/product_tag?post=640"}],"curies":[{"name":"wp","href":"https:\/\/api.w.org\/{rel}","templated":true}]}}