{"id":625,"date":"2020-09-21T21:32:14","date_gmt":"2020-09-21T18:32:14","guid":{"rendered":"http:\/\/grillhouse.lv\/veikals\/?post_type=product&#038;p=625"},"modified":"2025-04-05T11:26:16","modified_gmt":"2025-04-05T08:26:16","slug":"ofyr-classic-storage-black-85","status":"publish","type":"product","link":"https:\/\/grillhouse.lv\/veikals\/products\/ofyr-classic-storage-black-85\/","title":{"rendered":"OFYR Classic Storage Black 85"},"content":{"rendered":"<table id=\"product-attribute-specs-table\" class=\"data table additional-attributes\">\n<tbody>\n<tr>\n<th class=\"col label\" scope=\"row\">Virsmas svars<\/th>\n<td class=\"col data\" data-th=\"Weight Plate\">44 kg<\/td>\n<\/tr>\n<tr>\n<th class=\"col label\" scope=\"row\">Virsmas laukums<\/th>\n<td class=\"col data\" data-th=\"Cooking Surface\">0,44 m\u00b2<\/td>\n<\/tr>\n<tr>\n<th class=\"col label\" scope=\"row\">Virsmas diametrs<\/th>\n<td class=\"col data\" data-th=\"Diameter Plate\">85 cm<\/td>\n<\/tr>\n<tr>\n<th class=\"col label\" scope=\"row\">Izm\u0113ri<\/th>\n<td class=\"col data\" data-th=\"Dimensions\">85x85x103 cm<\/td>\n<\/tr>\n<tr>\n<th class=\"col label\" scope=\"row\">K\u0101jas izm\u0113ri<\/th>\n<td class=\"col data\" data-th=\"Dimensions Base\">45x45x78 cm<\/td>\n<\/tr>\n<tr>\n<th class=\"col label\" scope=\"row\">Materi\u0101ls<\/th>\n<td class=\"col data\" data-th=\"Material\">Melns t\u0113rauds<\/td>\n<\/tr>\n<tr>\n<th class=\"col label\" scope=\"row\">Glab\u0101tuve<\/th>\n<td class=\"col data\" data-th=\"Material\">0,12 m3<\/td>\n<\/tr>\n<tr>\n<th class=\"col label\" scope=\"row\">Kop\u0113jais svars<\/th>\n<td class=\"col data\" data-th=\"Total weight\">96 kg<\/td>\n<\/tr>\n<\/tbody>\n<\/table>\n<p>&nbsp;<\/p>\n","protected":false},"excerpt":{"rendered":"<p>Viss OFYR Classic Black stils un izsmalcin\u0101t\u012bba ar papildu ieb\u016bv\u0113t\u0101s koka glab\u0101\u0161anas \u0113rt\u012bb\u0101m. Izgatavots no iztur\u012bga t\u0113rauda ar melnu karstumiztur\u012bgu p\u0101rkl\u0101jumu. Pieejams 85 cm un 100 cm diametr\u0101.<\/p>\n","protected":false},"featured_media":626,"comment_status":"open","ping_status":"closed","template":"","meta":[],"pwb-brand":[156],"product_brand":[],"product_cat":[69,79],"product_tag":[70,47],"class_list":{"0":"post-625","1":"product","2":"type-product","3":"status-publish","4":"has-post-thumbnail","6":"pwb-brand-ofyr","7":"product_cat-malkas-grili","8":"product_cat-ofyr","9":"product_tag-malkas-grili","10":"product_tag-ofyr","11":"thunk-woo-product-list","12":"opn-qv-enable","13":"open-woo-hover-none","14":"open-single-product-tab-horizontal","15":"open-shadow-","16":"open-shadow-hover-","18":"first","19":"onbackorder","20":"taxable","21":"shipping-taxable","22":"purchasable","23":"product-type-simple"},"jetpack-related-posts":[],"jetpack_sharing_enabled":true,"brands":[{"id":156,"name":"OFYR","slug":"ofyr"}],"_links":{"self":[{"href":"https:\/\/grillhouse.lv\/veikals\/wp-json\/wp\/v2\/product\/625","targetHints":{"allow":["GET"]}}],"collection":[{"href":"https:\/\/grillhouse.lv\/veikals\/wp-json\/wp\/v2\/product"}],"about":[{"href":"https:\/\/grillhouse.lv\/veikals\/wp-json\/wp\/v2\/types\/product"}],"replies":[{"embeddable":true,"href":"https:\/\/grillhouse.lv\/veikals\/wp-json\/wp\/v2\/comments?post=625"}],"wp:featuredmedia":[{"embeddable":true,"href":"https:\/\/grillhouse.lv\/veikals\/wp-json\/wp\/v2\/media\/626"}],"wp:attachment":[{"href":"https:\/\/grillhouse.lv\/veikals\/wp-json\/wp\/v2\/media?parent=625"}],"wp:term":[{"taxonomy":"pwb-brand","embeddable":true,"href":"https:\/\/grillhouse.lv\/veikals\/wp-json\/wp\/v2\/pwb-brand?post=625"},{"taxonomy":"product_brand","embeddable":true,"href":"https:\/\/grillhouse.lv\/veikals\/wp-json\/wp\/v2\/product_brand?post=625"},{"taxonomy":"product_cat","embeddable":true,"href":"https:\/\/grillhouse.lv\/veikals\/wp-json\/wp\/v2\/product_cat?post=625"},{"taxonomy":"product_tag","embeddable":true,"href":"https:\/\/grillhouse.lv\/veikals\/wp-json\/wp\/v2\/product_tag?post=625"}],"curies":[{"name":"wp","href":"https:\/\/api.w.org\/{rel}","templated":true}]}}