{"id":51,"date":"2020-07-12T16:37:19","date_gmt":"2020-07-12T13:37:19","guid":{"rendered":"http:\/\/grillhouse.lv\/veikals\/?post_type=product&#038;p=51"},"modified":"2026-03-25T02:59:19","modified_gmt":"2026-03-25T00:59:19","slug":"broilking-baron-340","status":"publish","type":"product","link":"https:\/\/grillhouse.lv\/veikals\/products\/broilking-baron-340\/","title":{"rendered":"BroilKing Baron 340"},"content":{"rendered":"<p><strong>GATAVO\u0160ANAS SIST\u0112MA<\/strong><\/p>\n<p>8,8 kW\u00a0ner\u016bs\u0113jo\u0161\u0101 t\u0113rauda\u00a0Dual-Tube \u2122 deg\u013cu sist\u0113ma<\/p>\n<p>2,7 kW\u00a0tirdzniec\u012bbas kvalit\u0101tes\u00a0deglis s\u0101nu plaukt\u0101<\/p>\n<p>2130 cm<sup>2<\/sup>\u00a0gatavo\u0161anas virsma lielums<\/p>\n<p>730\u00a0cm<sup>2<\/sup>\u00a0sild\u012b\u0161anas plauks ar porcel\u0101na p\u0101rkl\u0101jumu<\/p>\n<p>Lieljaudas\u00a0\u010duguna gril\u0113\u0161anas reste<\/p>\n<p>Ner\u016bs\u0113jo\u0161\u0101 t\u0113rauda\u00a0Flav-R-Wave \u2122\u00a0gatavo\u0161anas sist\u0113ma<\/p>\n<p>Tr\u012bs ner\u016bs\u0113jo\u0161\u0101 t\u0113rauda\u00a0Dual-Tube \u2122 deg\u013ci<\/p>\n<p>Linear-Flow \u2122\u00a0180 \u00b0 groz\u0101mas Sensi-Touch vad\u012bbas pogas<\/p>\n<p>Sure-Lite \u2122 elektronisk\u0101 aizdedzes sist\u0113ma<\/p>\n<p>Deluxe Accu-Temp \u2122 termometrs<\/p>\n<p>Nolok\u0101mi nerus\u0113jo\u0161\u0101 t\u0113rauda s\u0101nu plaukti ar \u0101\u0137iem<\/p>\n<p>Lieljaudas rite\u0146i ar bremz\u012bti, divi augstums regulatori<\/p>\n<p><strong>IZM\u0112RI<\/strong><\/p>\n<p>Platums: 127cm<\/p>\n<p>Dzi\u013cums: 61cm<\/p>\n<p>Augstums: 116cm<\/p>\n<p>Svars: 58kg<\/p>\n<p><img data-recalc-dims=\"1\" loading=\"lazy\" decoding=\"async\" src=\"https:\/\/i0.wp.com\/www.grillhouse.lv\/bbq\/baron_340_grid.jpg?resize=364%2C217\" alt=\"\" width=\"364\" height=\"217\" \/><\/p>\n<p>\u010cuguna reste<\/p>\n<p><strong>P\u0100RVALKS<\/strong><\/p>\n<p>\u0160im grilam der Broil\u00a0King\u00ae\u00a0Premium Grill Cover 68470<\/p>\n<p>GARANTIJA<\/p>\n<p>M\u016b\u017ea garantija \u00a0&#8211; liet\u0101 aluminija da\u013c\u0101m<\/p>\n<p>5 gadu garantija &#8211; Dual-Tube \u2122 deg\u013cu sist\u0113mai, iz\u0146emot\u00a0Flav-R-Wave \u2122<\/p>\n<p>2 gadu garantija &#8211; da\u013c\u0101m un kr\u0101sojumam<\/p>\n","protected":false},"excerpt":{"rendered":"<p style=\"text-align: justify;\">Baron \u2122 s\u0113rija pied\u0101v\u0101 gan jaudu gan labu veiktsp\u0113ju visos izm\u0113ra grilos. izm\u0113ros, lai atbilstu visu veidu griliem. Baron s\u0113rijai ir visas le\u0123end\u0101r\u0101s\u00a0Broil\u00a0King gatavo\u0161anas sist\u0113mas: lieljaudas \u010duguna gatavo\u0161anas restes, ner\u016bs\u0113jo\u0161\u0101 t\u0113rauda Flav-R-Wave \u2122 tehnolo\u0123ija un jaud\u012bgi ner\u016bs\u0113jo\u0161\u0101 t\u0113rauda Dual-Tube \u2122 deg\u013ci. Viegli uzturams, ar urb\u0101nu dizainu un veiktsp\u0113jas paket. Baron s\u0113rija ir klase pati par sevi.<\/p>\n","protected":false},"featured_media":58,"comment_status":"open","ping_status":"closed","template":"","meta":[],"pwb-brand":[154],"product_brand":[],"product_cat":[90,17],"product_tag":[19],"class_list":{"0":"post-51","1":"product","2":"type-product","3":"status-publish","4":"has-post-thumbnail","6":"pwb-brand-broilking","7":"product_cat-broilking-gazes-grili","8":"product_cat-gazes-grili","9":"product_tag-broilking","10":"thunk-woo-product-list","11":"opn-qv-enable","12":"open-woo-hover-none","13":"open-single-product-tab-horizontal","14":"open-shadow-","15":"open-shadow-hover-","17":"first","18":"outofstock","19":"taxable","20":"shipping-taxable","21":"purchasable","22":"product-type-simple"},"jetpack-related-posts":[],"jetpack_sharing_enabled":true,"brands":[{"id":154,"name":"BroilKing","slug":"broilking"}],"_links":{"self":[{"href":"https:\/\/grillhouse.lv\/veikals\/wp-json\/wp\/v2\/product\/51","targetHints":{"allow":["GET"]}}],"collection":[{"href":"https:\/\/grillhouse.lv\/veikals\/wp-json\/wp\/v2\/product"}],"about":[{"href":"https:\/\/grillhouse.lv\/veikals\/wp-json\/wp\/v2\/types\/product"}],"replies":[{"embeddable":true,"href":"https:\/\/grillhouse.lv\/veikals\/wp-json\/wp\/v2\/comments?post=51"}],"wp:featuredmedia":[{"embeddable":true,"href":"https:\/\/grillhouse.lv\/veikals\/wp-json\/wp\/v2\/media\/58"}],"wp:attachment":[{"href":"https:\/\/grillhouse.lv\/veikals\/wp-json\/wp\/v2\/media?parent=51"}],"wp:term":[{"taxonomy":"pwb-brand","embeddable":true,"href":"https:\/\/grillhouse.lv\/veikals\/wp-json\/wp\/v2\/pwb-brand?post=51"},{"taxonomy":"product_brand","embeddable":true,"href":"https:\/\/grillhouse.lv\/veikals\/wp-json\/wp\/v2\/product_brand?post=51"},{"taxonomy":"product_cat","embeddable":true,"href":"https:\/\/grillhouse.lv\/veikals\/wp-json\/wp\/v2\/product_cat?post=51"},{"taxonomy":"product_tag","embeddable":true,"href":"https:\/\/grillhouse.lv\/veikals\/wp-json\/wp\/v2\/product_tag?post=51"}],"curies":[{"name":"wp","href":"https:\/\/api.w.org\/{rel}","templated":true}]}}