{"id":377,"date":"2020-07-14T23:43:13","date_gmt":"2020-07-14T20:43:13","guid":{"rendered":"http:\/\/grillhouse.lv\/veikals\/?post_type=product&#038;p=377"},"modified":"2025-10-28T13:10:52","modified_gmt":"2025-10-28T11:10:52","slug":"377","status":"publish","type":"product","link":"https:\/\/grillhouse.lv\/veikals\/products\/377\/","title":{"rendered":"Picas akmens"},"content":{"rendered":"","protected":false},"excerpt":{"rendered":"<p>38 cm diametra keramikas kompoz\u012btmateri\u0101lu gril\u0113\u0161anas un picas akmens ir ide\u0101li piem\u0113rots cep\u0161anai augst\u0101 temperat\u016br\u0101 uz j\u016bsu grila. Kompoz\u012bts ir iztur\u012bgs pret mitruma vai temperat\u016bras plais\u0101\u0161anu. \u012apa\u0161i biezs 2 cm akmens nodro\u0161ina vienm\u0113r\u012bg\u0101ku siltumu un lab\u0101ku izol\u0101ciju no tie\u0161aj\u0101m liesm\u0101m.<\/p>\n<p>NENOKAV\u0112 SEZONU AR E\u013b\u013bU! Noskalo ar \u016bdeni un tikai nedaudz maiga mazg\u0101\u0161anas l\u012bdzek\u013ca, nekav\u0113joties nosusina.<\/p>\n","protected":false},"featured_media":378,"comment_status":"open","ping_status":"closed","template":"","meta":[],"pwb-brand":[154],"product_brand":[],"product_cat":[67,41],"product_tag":[19,103],"class_list":{"0":"post-377","1":"product","2":"type-product","3":"status-publish","4":"has-post-thumbnail","6":"pwb-brand-broilking","7":"product_cat-picai","8":"product_cat-piederumi","9":"product_tag-broilking","10":"product_tag-picas-akmens","11":"thunk-woo-product-list","12":"opn-qv-enable","13":"open-woo-hover-none","14":"open-single-product-tab-horizontal","15":"open-shadow-","16":"open-shadow-hover-","18":"first","19":"instock","20":"taxable","21":"shipping-taxable","22":"purchasable","23":"product-type-simple"},"jetpack-related-posts":[],"jetpack_sharing_enabled":true,"brands":[{"id":154,"name":"BroilKing","slug":"broilking"}],"_links":{"self":[{"href":"https:\/\/grillhouse.lv\/veikals\/wp-json\/wp\/v2\/product\/377","targetHints":{"allow":["GET"]}}],"collection":[{"href":"https:\/\/grillhouse.lv\/veikals\/wp-json\/wp\/v2\/product"}],"about":[{"href":"https:\/\/grillhouse.lv\/veikals\/wp-json\/wp\/v2\/types\/product"}],"replies":[{"embeddable":true,"href":"https:\/\/grillhouse.lv\/veikals\/wp-json\/wp\/v2\/comments?post=377"}],"wp:featuredmedia":[{"embeddable":true,"href":"https:\/\/grillhouse.lv\/veikals\/wp-json\/wp\/v2\/media\/378"}],"wp:attachment":[{"href":"https:\/\/grillhouse.lv\/veikals\/wp-json\/wp\/v2\/media?parent=377"}],"wp:term":[{"taxonomy":"pwb-brand","embeddable":true,"href":"https:\/\/grillhouse.lv\/veikals\/wp-json\/wp\/v2\/pwb-brand?post=377"},{"taxonomy":"product_brand","embeddable":true,"href":"https:\/\/grillhouse.lv\/veikals\/wp-json\/wp\/v2\/product_brand?post=377"},{"taxonomy":"product_cat","embeddable":true,"href":"https:\/\/grillhouse.lv\/veikals\/wp-json\/wp\/v2\/product_cat?post=377"},{"taxonomy":"product_tag","embeddable":true,"href":"https:\/\/grillhouse.lv\/veikals\/wp-json\/wp\/v2\/product_tag?post=377"}],"curies":[{"name":"wp","href":"https:\/\/api.w.org\/{rel}","templated":true}]}}