{"id":376,"date":"2020-07-14T23:31:02","date_gmt":"2020-07-14T20:31:02","guid":{"rendered":"http:\/\/grillhouse.lv\/veikals\/?post_type=product&#038;p=376"},"modified":"2022-05-07T22:37:29","modified_gmt":"2022-05-07T19:37:29","slug":"picas-akmens-komplekts","status":"publish","type":"product","link":"https:\/\/grillhouse.lv\/veikals\/products\/picas-akmens-komplekts\/","title":{"rendered":"Picas akmens komplekts"},"content":{"rendered":"","protected":false},"excerpt":{"rendered":"<p>Broil King\u00ae Imperial \u2122 picas akmens ir augstas kvalit\u0101tes 1,2 mm ner\u016bs\u0113jo\u0161\u0101 t\u0113rauda r\u0101mi ar lieliem 10 mm ner\u016bs\u0113jo\u0161\u0101 t\u0113rauda rokturiem. Komplekt\u0101 ietilpst 33 cm picas akmens, kas sp\u0113j iztur\u0113t straujas temperat\u016bras izmai\u0146as, augstas kvalit\u0101tes ner\u016bs\u0113jo\u0161ais r\u0101mis un koka picas l\u0101psti\u0146a. R\u0101mis ir paredz\u0113ts, lai pica nesl\u012bd\u0113tu no akmens, vienlaikus no\u0146emot to ar l\u0101psti\u0146u.<\/p>\n<p>NEAPSTR\u0100D\u0100T AR E\u013b\u013bU! Noskalo ar \u016bdeni un tikai nedaudz maiga mazg\u0101\u0161anas l\u012bdzek\u013ca, nekav\u0113joties nosusina.<\/p>\n","protected":false},"featured_media":375,"comment_status":"open","ping_status":"closed","template":"","meta":[],"pwb-brand":[154],"product_brand":[],"product_cat":[67,41],"product_tag":[19,103,68],"class_list":{"0":"post-376","1":"product","2":"type-product","3":"status-publish","4":"has-post-thumbnail","6":"pwb-brand-broilking","7":"product_cat-picai","8":"product_cat-piederumi","9":"product_tag-broilking","10":"product_tag-picas-akmens","11":"product_tag-picas-lapsta","12":"thunk-woo-product-list","13":"opn-qv-enable","14":"open-woo-hover-none","15":"open-single-product-tab-horizontal","16":"open-shadow-","17":"open-shadow-hover-","19":"first","20":"instock","21":"taxable","22":"shipping-taxable","23":"purchasable","24":"product-type-simple"},"jetpack-related-posts":[],"jetpack_sharing_enabled":true,"brands":[{"id":154,"name":"BroilKing","slug":"broilking"}],"_links":{"self":[{"href":"https:\/\/grillhouse.lv\/veikals\/wp-json\/wp\/v2\/product\/376","targetHints":{"allow":["GET"]}}],"collection":[{"href":"https:\/\/grillhouse.lv\/veikals\/wp-json\/wp\/v2\/product"}],"about":[{"href":"https:\/\/grillhouse.lv\/veikals\/wp-json\/wp\/v2\/types\/product"}],"replies":[{"embeddable":true,"href":"https:\/\/grillhouse.lv\/veikals\/wp-json\/wp\/v2\/comments?post=376"}],"wp:featuredmedia":[{"embeddable":true,"href":"https:\/\/grillhouse.lv\/veikals\/wp-json\/wp\/v2\/media\/375"}],"wp:attachment":[{"href":"https:\/\/grillhouse.lv\/veikals\/wp-json\/wp\/v2\/media?parent=376"}],"wp:term":[{"taxonomy":"pwb-brand","embeddable":true,"href":"https:\/\/grillhouse.lv\/veikals\/wp-json\/wp\/v2\/pwb-brand?post=376"},{"taxonomy":"product_brand","embeddable":true,"href":"https:\/\/grillhouse.lv\/veikals\/wp-json\/wp\/v2\/product_brand?post=376"},{"taxonomy":"product_cat","embeddable":true,"href":"https:\/\/grillhouse.lv\/veikals\/wp-json\/wp\/v2\/product_cat?post=376"},{"taxonomy":"product_tag","embeddable":true,"href":"https:\/\/grillhouse.lv\/veikals\/wp-json\/wp\/v2\/product_tag?post=376"}],"curies":[{"name":"wp","href":"https:\/\/api.w.org\/{rel}","templated":true}]}}