{"id":371,"date":"2020-07-14T23:17:28","date_gmt":"2020-07-14T20:17:28","guid":{"rendered":"http:\/\/grillhouse.lv\/veikals\/?post_type=product&#038;p=371"},"modified":"2025-04-05T11:26:38","modified_gmt":"2025-04-05T08:26:38","slug":"abpuseja-grila-virsma-baron","status":"publish","type":"product","link":"https:\/\/grillhouse.lv\/veikals\/products\/abpuseja-grila-virsma-baron\/","title":{"rendered":"Abpus\u0113ja grila virsma Baron"},"content":{"rendered":"","protected":false},"excerpt":{"rendered":"<p>Gatavojiet \u0113dienu uz grila, izmantojot Broil King\u00ae pannu. Brokastis, pusdienas un vakari\u0146as. Abpus\u0113js lieljaudas \u010duguna re\u017e\u0123is ar mat\u0113tu porcel\u0101na p\u0101rkl\u0101jumu. Viena puse ir gluda cep\u0161anai, bet otra ir rievota, lai var\u0113tu apcept. Prec\u012bza piem\u0113rot\u012bba \u013cauj to izmantot Broil King\u00ae grila gatavo\u0161anas re\u017e\u0123u da\u013cas viet\u0101. Izm\u0113rs: 17,48 \u2033 x 12,48 \u2033. Der: Baron \u2122 s\u0113rijas griliem.<\/p>\n","protected":false},"featured_media":372,"comment_status":"open","ping_status":"closed","template":"","meta":[],"pwb-brand":[154],"product_brand":[],"product_cat":[64],"product_tag":[65,66],"class_list":{"0":"post-371","1":"product","2":"type-product","3":"status-publish","4":"has-post-thumbnail","6":"pwb-brand-broilking","7":"product_cat-grila-restes-virsmas","8":"product_tag-grila-reste","9":"product_tag-grila-virsma","10":"thunk-woo-product-list","11":"opn-qv-enable","12":"open-woo-hover-none","13":"open-single-product-tab-horizontal","14":"open-shadow-","15":"open-shadow-hover-","17":"first","18":"outofstock","19":"taxable","20":"shipping-taxable","21":"purchasable","22":"product-type-simple"},"jetpack-related-posts":[],"jetpack_sharing_enabled":true,"brands":[{"id":154,"name":"BroilKing","slug":"broilking"}],"_links":{"self":[{"href":"https:\/\/grillhouse.lv\/veikals\/wp-json\/wp\/v2\/product\/371","targetHints":{"allow":["GET"]}}],"collection":[{"href":"https:\/\/grillhouse.lv\/veikals\/wp-json\/wp\/v2\/product"}],"about":[{"href":"https:\/\/grillhouse.lv\/veikals\/wp-json\/wp\/v2\/types\/product"}],"replies":[{"embeddable":true,"href":"https:\/\/grillhouse.lv\/veikals\/wp-json\/wp\/v2\/comments?post=371"}],"wp:featuredmedia":[{"embeddable":true,"href":"https:\/\/grillhouse.lv\/veikals\/wp-json\/wp\/v2\/media\/372"}],"wp:attachment":[{"href":"https:\/\/grillhouse.lv\/veikals\/wp-json\/wp\/v2\/media?parent=371"}],"wp:term":[{"taxonomy":"pwb-brand","embeddable":true,"href":"https:\/\/grillhouse.lv\/veikals\/wp-json\/wp\/v2\/pwb-brand?post=371"},{"taxonomy":"product_brand","embeddable":true,"href":"https:\/\/grillhouse.lv\/veikals\/wp-json\/wp\/v2\/product_brand?post=371"},{"taxonomy":"product_cat","embeddable":true,"href":"https:\/\/grillhouse.lv\/veikals\/wp-json\/wp\/v2\/product_cat?post=371"},{"taxonomy":"product_tag","embeddable":true,"href":"https:\/\/grillhouse.lv\/veikals\/wp-json\/wp\/v2\/product_tag?post=371"}],"curies":[{"name":"wp","href":"https:\/\/api.w.org\/{rel}","templated":true}]}}