{"id":333,"date":"2020-07-13T23:50:04","date_gmt":"2020-07-13T20:50:04","guid":{"rendered":"http:\/\/grillhouse.lv\/veikals\/?post_type=product&#038;p=333"},"modified":"2023-09-10T10:04:21","modified_gmt":"2023-09-10T07:04:21","slug":"ofyr-adas-prieksauts-melns","status":"publish","type":"product","link":"https:\/\/grillhouse.lv\/veikals\/products\/ofyr-adas-prieksauts-melns\/","title":{"rendered":"OFYR \u0101das priek\u0161auts &#8211; melns"},"content":{"rendered":"","protected":false},"excerpt":{"rendered":"<p>OFYR \u0101das priek\u0161auts, kas izgatavots no augstas kvalit\u0101tes \u0101das ar knied\u0113t\u0101m logotipa deta\u013c\u0101m un regul\u0113jamu siksnu, ir stil\u012bgs priek\u0161auts, kas pied\u0101v\u0101 lielisku siltuma aizsardz\u012bbu un izskat\u0101s v\u0113l lab\u0101k ar vecumu.<\/p>\n","protected":false},"featured_media":334,"comment_status":"open","ping_status":"closed","template":"","meta":[],"pwb-brand":[156],"product_brand":[],"product_cat":[69,74,41,45],"product_tag":[47,42,46],"class_list":{"0":"post-333","1":"product","2":"type-product","3":"status-publish","4":"has-post-thumbnail","6":"pwb-brand-ofyr","7":"product_cat-malkas-grili","8":"product_cat-piederumi-malkas-grili","9":"product_cat-piederumi","10":"product_cat-prieksauti","11":"product_tag-ofyr","12":"product_tag-piederumi","13":"product_tag-prieksauti","14":"thunk-woo-product-list","15":"opn-qv-enable","16":"open-woo-hover-none","17":"open-single-product-tab-horizontal","18":"open-shadow-","19":"open-shadow-hover-","21":"first","22":"onbackorder","23":"taxable","24":"shipping-taxable","25":"purchasable","26":"product-type-simple"},"jetpack-related-posts":[],"jetpack_sharing_enabled":true,"brands":[{"id":156,"name":"OFYR","slug":"ofyr"}],"_links":{"self":[{"href":"https:\/\/grillhouse.lv\/veikals\/wp-json\/wp\/v2\/product\/333","targetHints":{"allow":["GET"]}}],"collection":[{"href":"https:\/\/grillhouse.lv\/veikals\/wp-json\/wp\/v2\/product"}],"about":[{"href":"https:\/\/grillhouse.lv\/veikals\/wp-json\/wp\/v2\/types\/product"}],"replies":[{"embeddable":true,"href":"https:\/\/grillhouse.lv\/veikals\/wp-json\/wp\/v2\/comments?post=333"}],"wp:featuredmedia":[{"embeddable":true,"href":"https:\/\/grillhouse.lv\/veikals\/wp-json\/wp\/v2\/media\/334"}],"wp:attachment":[{"href":"https:\/\/grillhouse.lv\/veikals\/wp-json\/wp\/v2\/media?parent=333"}],"wp:term":[{"taxonomy":"pwb-brand","embeddable":true,"href":"https:\/\/grillhouse.lv\/veikals\/wp-json\/wp\/v2\/pwb-brand?post=333"},{"taxonomy":"product_brand","embeddable":true,"href":"https:\/\/grillhouse.lv\/veikals\/wp-json\/wp\/v2\/product_brand?post=333"},{"taxonomy":"product_cat","embeddable":true,"href":"https:\/\/grillhouse.lv\/veikals\/wp-json\/wp\/v2\/product_cat?post=333"},{"taxonomy":"product_tag","embeddable":true,"href":"https:\/\/grillhouse.lv\/veikals\/wp-json\/wp\/v2\/product_tag?post=333"}],"curies":[{"name":"wp","href":"https:\/\/api.w.org\/{rel}","templated":true}]}}