{"id":328,"date":"2020-07-13T23:42:05","date_gmt":"2020-07-13T20:42:05","guid":{"rendered":"http:\/\/grillhouse.lv\/veikals\/?post_type=product&#038;p=328"},"modified":"2024-09-02T09:09:11","modified_gmt":"2024-09-02T06:09:11","slug":"broilking-prieksauts","status":"publish","type":"product","link":"https:\/\/grillhouse.lv\/veikals\/products\/broilking-prieksauts\/","title":{"rendered":"BroilKing priek\u0161auts"},"content":{"rendered":"","protected":false},"excerpt":{"rendered":"<p>\u0160is priek\u0161auts ir izgatavots no t\u0101da pa\u0161a \u016bdens iztur\u012bga materi\u0101la k\u0101 Broil King\u00ae Professional grila p\u0101rvalki. \u0160is priek\u0161auts pied\u0101v\u0101 aizsardz\u012bbu pret taukiem un m\u0113rc\u0113m un ir viegli noslauk\u0101ms. Integr\u0113ts pude\u013cu attais\u0101mais, kabatas termometram, dz\u0113rienam un vair\u0101kiem traukiem. Regul\u0113jama kakla siksna ar spr\u0101dzes meh\u0101nismu.<\/p>\n","protected":false},"featured_media":325,"comment_status":"open","ping_status":"closed","template":"","meta":[],"pwb-brand":[154],"product_brand":[],"product_cat":[41,45],"product_tag":[19,42,46],"class_list":{"0":"post-328","1":"product","2":"type-product","3":"status-publish","4":"has-post-thumbnail","6":"pwb-brand-broilking","7":"product_cat-piederumi","8":"product_cat-prieksauti","9":"product_tag-broilking","10":"product_tag-piederumi","11":"product_tag-prieksauti","12":"thunk-woo-product-list","13":"opn-qv-enable","14":"open-woo-hover-none","15":"open-single-product-tab-horizontal","16":"open-shadow-","17":"open-shadow-hover-","19":"first","20":"instock","21":"taxable","22":"shipping-taxable","23":"purchasable","24":"product-type-simple"},"jetpack-related-posts":[],"jetpack_sharing_enabled":true,"brands":[{"id":154,"name":"BroilKing","slug":"broilking"}],"_links":{"self":[{"href":"https:\/\/grillhouse.lv\/veikals\/wp-json\/wp\/v2\/product\/328","targetHints":{"allow":["GET"]}}],"collection":[{"href":"https:\/\/grillhouse.lv\/veikals\/wp-json\/wp\/v2\/product"}],"about":[{"href":"https:\/\/grillhouse.lv\/veikals\/wp-json\/wp\/v2\/types\/product"}],"replies":[{"embeddable":true,"href":"https:\/\/grillhouse.lv\/veikals\/wp-json\/wp\/v2\/comments?post=328"}],"wp:featuredmedia":[{"embeddable":true,"href":"https:\/\/grillhouse.lv\/veikals\/wp-json\/wp\/v2\/media\/325"}],"wp:attachment":[{"href":"https:\/\/grillhouse.lv\/veikals\/wp-json\/wp\/v2\/media?parent=328"}],"wp:term":[{"taxonomy":"pwb-brand","embeddable":true,"href":"https:\/\/grillhouse.lv\/veikals\/wp-json\/wp\/v2\/pwb-brand?post=328"},{"taxonomy":"product_brand","embeddable":true,"href":"https:\/\/grillhouse.lv\/veikals\/wp-json\/wp\/v2\/product_brand?post=328"},{"taxonomy":"product_cat","embeddable":true,"href":"https:\/\/grillhouse.lv\/veikals\/wp-json\/wp\/v2\/product_cat?post=328"},{"taxonomy":"product_tag","embeddable":true,"href":"https:\/\/grillhouse.lv\/veikals\/wp-json\/wp\/v2\/product_tag?post=328"}],"curies":[{"name":"wp","href":"https:\/\/api.w.org\/{rel}","templated":true}]}}