{"id":323,"date":"2020-07-13T23:35:54","date_gmt":"2020-07-13T20:35:54","guid":{"rendered":"http:\/\/grillhouse.lv\/veikals\/?post_type=product&#038;p=323"},"modified":"2024-04-15T16:36:16","modified_gmt":"2024-04-15T13:36:16","slug":"super-grila-lapstina","status":"publish","type":"product","link":"https:\/\/grillhouse.lv\/veikals\/products\/super-grila-lapstina\/","title":{"rendered":"Super grila l\u0101psti\u0146a"},"content":{"rendered":"","protected":false},"excerpt":{"rendered":"<p>Broil King\u00ae Imperial \u2122 ner\u016bs\u0113jo\u0161\u0101 t\u0113rauda super l\u0101psti\u0146a ir izgatavota no t\u0101s pa\u0161as kvalit\u0101tes materi\u0101liem. T\u0101 1,8 mm biezais asmens ir gandr\u012bz divreiz liel\u0101ks nek\u0101 parastais, t\u0101p\u0113c j\u016bs varat uzlikt vair\u0101k burgeru un pa\u0146emt liel\u0101kus produktus no sava grila. Izgatavots no augstas kvalit\u0101tes ner\u016bs\u0113jo\u0161\u0101 t\u0113rauda ar integr\u0113tu piek\u0101rto \u0101\u0137i un augsta bl\u012bvuma sve\u0137u rokturi, kas iestiprin\u0101ts ar ner\u016bs\u0113jo\u0161\u0101 t\u0113rauda Broil King\u00ae nosaukumu.<\/p>\n","protected":false},"featured_media":324,"comment_status":"open","ping_status":"closed","template":"","meta":[],"pwb-brand":[154],"product_brand":[],"product_cat":[93,41],"product_tag":[44,42],"class_list":{"0":"post-323","1":"product","2":"type-product","3":"status-publish","4":"has-post-thumbnail","6":"pwb-brand-broilking","7":"product_cat-lapstinas","8":"product_cat-piederumi","9":"product_tag-grila-lapstina","10":"product_tag-piederumi","11":"thunk-woo-product-list","12":"opn-qv-enable","13":"open-woo-hover-none","14":"open-single-product-tab-horizontal","15":"open-shadow-","16":"open-shadow-hover-","18":"first","19":"instock","20":"taxable","21":"shipping-taxable","22":"purchasable","23":"product-type-simple"},"jetpack-related-posts":[],"jetpack_sharing_enabled":true,"brands":[{"id":154,"name":"BroilKing","slug":"broilking"}],"_links":{"self":[{"href":"https:\/\/grillhouse.lv\/veikals\/wp-json\/wp\/v2\/product\/323","targetHints":{"allow":["GET"]}}],"collection":[{"href":"https:\/\/grillhouse.lv\/veikals\/wp-json\/wp\/v2\/product"}],"about":[{"href":"https:\/\/grillhouse.lv\/veikals\/wp-json\/wp\/v2\/types\/product"}],"replies":[{"embeddable":true,"href":"https:\/\/grillhouse.lv\/veikals\/wp-json\/wp\/v2\/comments?post=323"}],"wp:featuredmedia":[{"embeddable":true,"href":"https:\/\/grillhouse.lv\/veikals\/wp-json\/wp\/v2\/media\/324"}],"wp:attachment":[{"href":"https:\/\/grillhouse.lv\/veikals\/wp-json\/wp\/v2\/media?parent=323"}],"wp:term":[{"taxonomy":"pwb-brand","embeddable":true,"href":"https:\/\/grillhouse.lv\/veikals\/wp-json\/wp\/v2\/pwb-brand?post=323"},{"taxonomy":"product_brand","embeddable":true,"href":"https:\/\/grillhouse.lv\/veikals\/wp-json\/wp\/v2\/product_brand?post=323"},{"taxonomy":"product_cat","embeddable":true,"href":"https:\/\/grillhouse.lv\/veikals\/wp-json\/wp\/v2\/product_cat?post=323"},{"taxonomy":"product_tag","embeddable":true,"href":"https:\/\/grillhouse.lv\/veikals\/wp-json\/wp\/v2\/product_tag?post=323"}],"curies":[{"name":"wp","href":"https:\/\/api.w.org\/{rel}","templated":true}]}}