{"id":316,"date":"2020-07-13T23:30:01","date_gmt":"2020-07-13T20:30:01","guid":{"rendered":"http:\/\/grillhouse.lv\/veikals\/?post_type=product&#038;p=316"},"modified":"2022-05-07T22:17:36","modified_gmt":"2022-05-07T19:17:36","slug":"grila-lapstina","status":"publish","type":"product","link":"https:\/\/grillhouse.lv\/veikals\/products\/grila-lapstina\/","title":{"rendered":"Grila l\u0101psti\u0146a"},"content":{"rendered":"","protected":false},"excerpt":{"rendered":"<p>Broil King\u00ae Imperial \u2122 ner\u016bs\u0113jo\u0161\u0101 t\u0113rauda l\u0101psti\u0146a ir izgatavota no augstas kvalit\u0101tes 1,8 mm ner\u016bs\u0113jo\u0161\u0101 t\u0113rauda, un tam ir integr\u0113ts pude\u013cu attais\u0101mais, \u0101\u0137is un augsta bl\u012bvuma sve\u0137u roktura ieliktnis ar ner\u016bs\u0113jo\u0161\u0101 t\u0113rauda Broil King\u00ae logotipu.<\/p>\n","protected":false},"featured_media":317,"comment_status":"open","ping_status":"closed","template":"","meta":[],"pwb-brand":[154],"product_brand":[],"product_cat":[93,41],"product_tag":[44,42],"class_list":{"0":"post-316","1":"product","2":"type-product","3":"status-publish","4":"has-post-thumbnail","6":"pwb-brand-broilking","7":"product_cat-lapstinas","8":"product_cat-piederumi","9":"product_tag-grila-lapstina","10":"product_tag-piederumi","11":"thunk-woo-product-list","12":"opn-qv-enable","13":"open-woo-hover-none","14":"open-single-product-tab-horizontal","15":"open-shadow-","16":"open-shadow-hover-","18":"first","19":"instock","20":"taxable","21":"shipping-taxable","22":"purchasable","23":"product-type-simple"},"jetpack-related-posts":[],"jetpack_sharing_enabled":true,"brands":[{"id":154,"name":"BroilKing","slug":"broilking"}],"_links":{"self":[{"href":"https:\/\/grillhouse.lv\/veikals\/wp-json\/wp\/v2\/product\/316","targetHints":{"allow":["GET"]}}],"collection":[{"href":"https:\/\/grillhouse.lv\/veikals\/wp-json\/wp\/v2\/product"}],"about":[{"href":"https:\/\/grillhouse.lv\/veikals\/wp-json\/wp\/v2\/types\/product"}],"replies":[{"embeddable":true,"href":"https:\/\/grillhouse.lv\/veikals\/wp-json\/wp\/v2\/comments?post=316"}],"wp:featuredmedia":[{"embeddable":true,"href":"https:\/\/grillhouse.lv\/veikals\/wp-json\/wp\/v2\/media\/317"}],"wp:attachment":[{"href":"https:\/\/grillhouse.lv\/veikals\/wp-json\/wp\/v2\/media?parent=316"}],"wp:term":[{"taxonomy":"pwb-brand","embeddable":true,"href":"https:\/\/grillhouse.lv\/veikals\/wp-json\/wp\/v2\/pwb-brand?post=316"},{"taxonomy":"product_brand","embeddable":true,"href":"https:\/\/grillhouse.lv\/veikals\/wp-json\/wp\/v2\/product_brand?post=316"},{"taxonomy":"product_cat","embeddable":true,"href":"https:\/\/grillhouse.lv\/veikals\/wp-json\/wp\/v2\/product_cat?post=316"},{"taxonomy":"product_tag","embeddable":true,"href":"https:\/\/grillhouse.lv\/veikals\/wp-json\/wp\/v2\/product_tag?post=316"}],"curies":[{"name":"wp","href":"https:\/\/api.w.org\/{rel}","templated":true}]}}