{"id":306,"date":"2020-07-13T23:07:59","date_gmt":"2020-07-13T20:07:59","guid":{"rendered":"http:\/\/grillhouse.lv\/veikals\/?post_type=product&#038;p=306"},"modified":"2022-05-07T21:44:04","modified_gmt":"2022-05-07T18:44:04","slug":"silikona-paklajs","status":"publish","type":"product","link":"https:\/\/grillhouse.lv\/veikals\/products\/silikona-paklajs\/","title":{"rendered":"Silikona pakl\u0101js"},"content":{"rendered":"<p>Gril\u0113\u0161ana var k\u013c\u016bt diezgan net\u012bra un taukaina, bet tas nenoz\u012bm\u0113, ka t\u0101dam ir j\u0101b\u016bt ar\u012b j\u016bsu grilam. Broil King\u00ae silikona s\u0101nu plauktu pakl\u0101js aizsarg\u0101 j\u016bsu grilu no taukiem vai m\u0113rc\u0113m, kas var uzpil\u0113t j\u016bsu grila r\u012bkiem. Tas ir viegli t\u012br\u0101ms, mazg\u0101jams trauku mazg\u0101jam\u0101 ma\u0161\u012bn\u0101. Lielisks veids, k\u0101 nov\u0113rst ar\u012b skr\u0101p\u0113jumus uz ner\u016bs\u0113jo\u0161ajiem plauktiem.<\/p>\n","protected":false},"excerpt":{"rendered":"<p>Silikona pakl\u0101js s\u0101nu plauktam.<\/p>\n","protected":false},"featured_media":309,"comment_status":"open","ping_status":"closed","template":"","meta":[],"pwb-brand":[154],"product_brand":[],"product_cat":[41,37],"product_tag":[42,39],"class_list":{"0":"post-306","1":"product","2":"type-product","3":"status-publish","4":"has-post-thumbnail","6":"pwb-brand-broilking","7":"product_cat-piederumi","8":"product_cat-tirisanas-lidzekli","9":"product_tag-piederumi","10":"product_tag-silikona-paklajs","11":"thunk-woo-product-list","12":"opn-qv-enable","13":"open-woo-hover-none","14":"open-single-product-tab-horizontal","15":"open-shadow-","16":"open-shadow-hover-","18":"first","19":"instock","20":"taxable","21":"shipping-taxable","22":"purchasable","23":"product-type-simple"},"jetpack-related-posts":[],"jetpack_sharing_enabled":true,"brands":[{"id":154,"name":"BroilKing","slug":"broilking"}],"_links":{"self":[{"href":"https:\/\/grillhouse.lv\/veikals\/wp-json\/wp\/v2\/product\/306","targetHints":{"allow":["GET"]}}],"collection":[{"href":"https:\/\/grillhouse.lv\/veikals\/wp-json\/wp\/v2\/product"}],"about":[{"href":"https:\/\/grillhouse.lv\/veikals\/wp-json\/wp\/v2\/types\/product"}],"replies":[{"embeddable":true,"href":"https:\/\/grillhouse.lv\/veikals\/wp-json\/wp\/v2\/comments?post=306"}],"wp:featuredmedia":[{"embeddable":true,"href":"https:\/\/grillhouse.lv\/veikals\/wp-json\/wp\/v2\/media\/309"}],"wp:attachment":[{"href":"https:\/\/grillhouse.lv\/veikals\/wp-json\/wp\/v2\/media?parent=306"}],"wp:term":[{"taxonomy":"pwb-brand","embeddable":true,"href":"https:\/\/grillhouse.lv\/veikals\/wp-json\/wp\/v2\/pwb-brand?post=306"},{"taxonomy":"product_brand","embeddable":true,"href":"https:\/\/grillhouse.lv\/veikals\/wp-json\/wp\/v2\/product_brand?post=306"},{"taxonomy":"product_cat","embeddable":true,"href":"https:\/\/grillhouse.lv\/veikals\/wp-json\/wp\/v2\/product_cat?post=306"},{"taxonomy":"product_tag","embeddable":true,"href":"https:\/\/grillhouse.lv\/veikals\/wp-json\/wp\/v2\/product_tag?post=306"}],"curies":[{"name":"wp","href":"https:\/\/api.w.org\/{rel}","templated":true}]}}