{"id":29,"date":"2020-07-12T15:16:03","date_gmt":"2020-07-12T12:16:03","guid":{"rendered":"http:\/\/grillhouse.lv\/veikals\/?post_type=product&#038;p=29"},"modified":"2022-05-06T12:19:13","modified_gmt":"2022-05-06T09:19:13","slug":"broilking-monarch-390","status":"publish","type":"product","link":"https:\/\/grillhouse.lv\/veikals\/products\/broilking-monarch-390\/","title":{"rendered":"BroilKing Monarch 390"},"content":{"rendered":"<p>GATAVO\u0160ANAS SIST\u0112MA<\/p>\n<p>8,8\u00a0kW\u00a0ner\u016bs\u0113jo\u0161\u0101 t\u0113rauda\u00a0Dual-Tube \u2122 deg\u013cu sist\u0113ma<\/p>\n<p>2,7 kW\u00a0tirdzniec\u012bbas kvalit\u0101tes\u00a0deglis s\u0101nu plaukt\u0101<\/p>\n<p>3,5\u00a0kW ner\u016bs\u0113jo\u0161\u0101 t\u0113rauda\u00a0aizmugur\u0113jais\u00a0<em>rotisserie<\/em>\u00a0deglis<\/p>\n<p><em>Premium rotisserie<\/em>\u00a0sist\u0113ma iek\u013cauta komplekt\u0101<\/p>\n<p>2258 cm<sup>2<\/sup>\u00a0gatavo\u0161anas virsma lielums<\/p>\n<p>1096 cm<sup>2<\/sup>\u00a0sild\u012b\u0161anas plauks ar porcel\u0101na p\u0101rkl\u0101jumu<\/p>\n<p>Lieljaudas\u00a0\u010duguna gril\u0113\u0161anas reste<\/p>\n<p>Ner\u016bs\u0113jo\u0161\u0101 t\u0113rauda\u00a0Flav-R-Wave \u2122\u00a0gatavo\u0161anas sist\u0113ma<\/p>\n<p>\u010cetri ner\u016bs\u0113jo\u0161\u0101 t\u0113rauda\u00a0Dual-Tube \u2122 deg\u013ci<\/p>\n<p>Linear-Flow \u2122\u00a0180 \u00b0 groz\u0101mas Sensi-Touch vad\u012bbas pogas<\/p>\n<p>Sure-Lite \u2122 elektronisk\u0101 aizdedzes sist\u0113ma<\/p>\n<p>Deluxe Accu-Temp \u2122 termometrs<\/p>\n<p>Nerus\u0113jo\u0161\u0101 t\u0113rauda nolok\u0101mi s\u0101nu plaukti ar \u0101\u0137iem piederumu pakarin\u0101\u0161anai<\/p>\n<p>Lieljaudas rite\u0146i ar bremz\u012bti, divi augstums regulatori<\/p>\n<p>IZM\u0112RI<\/p>\n<p>Platums: 132cm<\/p>\n<p>Dzi\u013cums: 56cm<\/p>\n<p>Augstums: 122cm<\/p>\n<p><img data-recalc-dims=\"1\" loading=\"lazy\" decoding=\"async\" src=\"https:\/\/i0.wp.com\/www.grillhouse.lv\/bbq\/monarch_320_grid.jpg?resize=364%2C217\" alt=\"\" width=\"364\" height=\"217\" \/><\/p>\n<p>\u010cuguna reste<\/p>\n<p><strong>P\u0100RVALKS<\/strong><\/p>\n<p>\u0160im grilam der Broil\u00a0King\u00ae\u00a0Premium Grill Cover 68470<\/p>\n<p>GARANTIJA<\/p>\n<p>M\u016b\u017ea garantija \u00a0&#8211; liet\u0101 aluminija da\u013c\u0101m<\/p>\n<p>5 gadu garantija &#8211; Dual-Tube \u2122 deg\u013cu sist\u0113mai, iz\u0146emot\u00a0Flav-R-Wave \u2122<\/p>\n<p>2 gadu garantija &#8211; da\u013c\u0101m un kr\u0101sojumam<\/p>\n","protected":false},"excerpt":{"rendered":"<p>P\u0101rveidotais Monarch \u2122 s\u0113rijas dizains liks atskat\u012bties. Broil\u00a0King\u00ae pied\u0101v\u0101 grilus kartam bud\u017eetam, bet kvalit\u0101te paliek nemain\u012bga. Tas ir tas, kas padara\u00a0Monarch \u2122 s\u0113riju neatkar\u012bgu. Katram grilam ir ner\u016bs\u0113jo\u0161s lieta alum\u012bnija kaste, jaud\u012bgi Dual-Tube \u2122 deg\u013ci un iztur\u012bgas ner\u016bs\u0113jo\u0161\u0101 t\u0113rauda deta\u013cas. Jaunajam Monarch \u2122 ir\u00a0stil\u012bgi hroma kr\u0101soti t\u0113rauda nolai\u017eamie s\u0101nu plaukti ar integr\u0113t\u0101m instrumentu \u0101\u0137iem un durv\u012bm, kas paredz\u0113ta, lai viegli piek\u013c\u016bt g\u0101zes balonam.<\/p>\n<p>&nbsp;<\/p>\n","protected":false},"featured_media":37,"comment_status":"open","ping_status":"closed","template":"","meta":[],"pwb-brand":[154],"product_brand":[],"product_cat":[90,17],"product_tag":[19],"class_list":{"0":"post-29","1":"product","2":"type-product","3":"status-publish","4":"has-post-thumbnail","6":"pwb-brand-broilking","7":"product_cat-broilking-gazes-grili","8":"product_cat-gazes-grili","9":"product_tag-broilking","10":"product_shipping_class-liela-izmera-prece","11":"thunk-woo-product-list","12":"opn-qv-enable","13":"open-woo-hover-none","14":"open-single-product-tab-horizontal","15":"open-shadow-","16":"open-shadow-hover-","18":"first","19":"instock","20":"taxable","21":"shipping-taxable","22":"purchasable","23":"product-type-simple"},"jetpack-related-posts":[],"jetpack_sharing_enabled":true,"brands":[{"id":154,"name":"BroilKing","slug":"broilking"}],"_links":{"self":[{"href":"https:\/\/grillhouse.lv\/veikals\/wp-json\/wp\/v2\/product\/29","targetHints":{"allow":["GET"]}}],"collection":[{"href":"https:\/\/grillhouse.lv\/veikals\/wp-json\/wp\/v2\/product"}],"about":[{"href":"https:\/\/grillhouse.lv\/veikals\/wp-json\/wp\/v2\/types\/product"}],"replies":[{"embeddable":true,"href":"https:\/\/grillhouse.lv\/veikals\/wp-json\/wp\/v2\/comments?post=29"}],"wp:featuredmedia":[{"embeddable":true,"href":"https:\/\/grillhouse.lv\/veikals\/wp-json\/wp\/v2\/media\/37"}],"wp:attachment":[{"href":"https:\/\/grillhouse.lv\/veikals\/wp-json\/wp\/v2\/media?parent=29"}],"wp:term":[{"taxonomy":"pwb-brand","embeddable":true,"href":"https:\/\/grillhouse.lv\/veikals\/wp-json\/wp\/v2\/pwb-brand?post=29"},{"taxonomy":"product_brand","embeddable":true,"href":"https:\/\/grillhouse.lv\/veikals\/wp-json\/wp\/v2\/product_brand?post=29"},{"taxonomy":"product_cat","embeddable":true,"href":"https:\/\/grillhouse.lv\/veikals\/wp-json\/wp\/v2\/product_cat?post=29"},{"taxonomy":"product_tag","embeddable":true,"href":"https:\/\/grillhouse.lv\/veikals\/wp-json\/wp\/v2\/product_tag?post=29"}],"curies":[{"name":"wp","href":"https:\/\/api.w.org\/{rel}","templated":true}]}}