{"id":1701,"date":"2025-06-10T19:05:22","date_gmt":"2025-06-10T16:05:22","guid":{"rendered":"https:\/\/grillhouse.lv\/veikals\/?post_type=product&#038;p=1701"},"modified":"2025-06-10T19:05:22","modified_gmt":"2025-06-10T16:05:22","slug":"weber-traveler-compact","status":"publish","type":"product","link":"https:\/\/grillhouse.lv\/veikals\/products\/weber-traveler-compact\/","title":{"rendered":"Weber Traveler compact"},"content":{"rendered":"<p>Jauda: 3,5 kW<br \/>\nOptimiz\u0113ta gatavo\u0161anas zona (1548 cm2)<br \/>\nEmalj\u0113ts v\u0101ks un trauks<br \/>\nEmalj\u0113tas \u010duguna gatavo\u0161anas re\u017e\u0123is<br \/>\nManu\u0101la v\u0101ka blo\u0137\u0113\u0161ana<br \/>\n1 deglis<br \/>\n\u0100\u0137i instrumentiem<br \/>\nIztur\u012bgi integr\u0113ti atbalsta rati\u0146i<br \/>\nIztur\u012bgi integr\u0113ti atbalsta rati\u0146i<br \/>\nDizains izstr\u0101d\u0101ts, lai optimiz\u0113tu g\u0101zes pat\u0113ri\u0146u<br \/>\nEleganti rite\u0146i transport\u0113\u0161anai<br \/>\nIeb\u016bv\u0113ts termometrs<br \/>\nViegli pieejama tauku sav\u0101k\u0161anas papl\u0101te<\/p>\n<p>G\u0100ZE<br \/>\nGatavo\u0161anas re\u017e\u0123is: 52 x 36 cm<br \/>\nKr\u0101sa: melna<\/p>\n<p>IZM\u0112RI: A x Dz x P<br \/>\nProdukta izm\u0113rs ar atv\u0113rtu v\u0101ku: 122 x 87 x 65 cm<br \/>\nProdukta izm\u0113rs ar aizv\u0113rtu v\u0101ku: 88 x 87 x 55 cm<br \/>\nProdukta un iepakojuma svars: 23 kg<br \/>\nProdukta svars: 18 kg<br \/>\nIepakojuma izm\u0113rs: 41 x 84 x 60 cm<\/p>\n","protected":false},"excerpt":{"rendered":"<p>V\u0113l kompakt\u0101ks, praktisk\u0101ks un \u013coti viegli transport\u0113jams. Ide\u0101li piem\u0113rots gan kempingam, gan \u0101trai grila ball\u012btei uz balkona.<\/p>\n","protected":false},"featured_media":1702,"comment_status":"open","ping_status":"closed","template":"","meta":[],"pwb-brand":[196],"product_brand":[],"product_cat":[17,224],"product_tag":[],"class_list":{"0":"post-1701","1":"product","2":"type-product","3":"status-publish","4":"has-post-thumbnail","6":"pwb-brand-weber","7":"product_cat-gazes-grili","8":"product_cat-weber-gazes-grili","9":"thunk-woo-product-list","10":"opn-qv-enable","11":"open-woo-hover-none","12":"open-single-product-tab-horizontal","13":"open-shadow-","14":"open-shadow-hover-","16":"first","17":"onbackorder","18":"taxable","19":"shipping-taxable","20":"purchasable","21":"product-type-simple"},"jetpack-related-posts":[],"jetpack_sharing_enabled":true,"brands":[{"id":196,"name":"Weber","slug":"weber"}],"_links":{"self":[{"href":"https:\/\/grillhouse.lv\/veikals\/wp-json\/wp\/v2\/product\/1701","targetHints":{"allow":["GET"]}}],"collection":[{"href":"https:\/\/grillhouse.lv\/veikals\/wp-json\/wp\/v2\/product"}],"about":[{"href":"https:\/\/grillhouse.lv\/veikals\/wp-json\/wp\/v2\/types\/product"}],"replies":[{"embeddable":true,"href":"https:\/\/grillhouse.lv\/veikals\/wp-json\/wp\/v2\/comments?post=1701"}],"wp:featuredmedia":[{"embeddable":true,"href":"https:\/\/grillhouse.lv\/veikals\/wp-json\/wp\/v2\/media\/1702"}],"wp:attachment":[{"href":"https:\/\/grillhouse.lv\/veikals\/wp-json\/wp\/v2\/media?parent=1701"}],"wp:term":[{"taxonomy":"pwb-brand","embeddable":true,"href":"https:\/\/grillhouse.lv\/veikals\/wp-json\/wp\/v2\/pwb-brand?post=1701"},{"taxonomy":"product_brand","embeddable":true,"href":"https:\/\/grillhouse.lv\/veikals\/wp-json\/wp\/v2\/product_brand?post=1701"},{"taxonomy":"product_cat","embeddable":true,"href":"https:\/\/grillhouse.lv\/veikals\/wp-json\/wp\/v2\/product_cat?post=1701"},{"taxonomy":"product_tag","embeddable":true,"href":"https:\/\/grillhouse.lv\/veikals\/wp-json\/wp\/v2\/product_tag?post=1701"}],"curies":[{"name":"wp","href":"https:\/\/api.w.org\/{rel}","templated":true}]}}