{"id":1645,"date":"2025-05-25T12:34:44","date_gmt":"2025-05-25T09:34:44","guid":{"rendered":"https:\/\/grillhouse.lv\/veikals\/?post_type=product&#038;p=1645"},"modified":"2025-05-25T12:34:44","modified_gmt":"2025-05-25T09:34:44","slug":"weber-genesis-e-335","status":"publish","type":"product","link":"https:\/\/grillhouse.lv\/veikals\/products\/weber-genesis-e-335\/","title":{"rendered":"Weber Genesis E-335"},"content":{"rendered":"<p>3 deg\u013ci<br \/>\nGatavo\u0161anas zona (Garas platums): 68 x 48 cm<br \/>\nWeber Crafted \u010duguna re\u017e\u0123is<br \/>\nNer\u016bs\u0113jo\u0161\u0101 t\u0113rauda gar\u0161as stie\u0146i<br \/>\nLieto\u0161anai gatavs Weber Crafted r\u0101mja komplekts (p\u0101rdod atsevi\u0161\u0137i)<br \/>\nNer\u016bs\u0113jo\u0161\u0101 t\u0113rauda nolok\u0101mi lab\u0101s puses galdi\u0146i<br \/>\nGatavo\u0161anas zona ar pastiprin\u0101t\u0101ju<br \/>\nS\u0101nu deglis<br \/>\nIntegr\u0113ts digit\u0101lais termometrs<br \/>\n4 groz\u0101mi rite\u0146i<br \/>\nWeber Works s\u0101nu galdi\u0146\u0161<br \/>\nWeber Works Snap On<br \/>\nPapildu gatavo\u0161anas re\u017e\u0123is<\/p>\n<p>G\u0100ZE<br \/>\nGatavo\u0161anas re\u017e\u0123is: 68 x 48 cm<br \/>\nKr\u0101sa: melna<\/p>\n<p>IZM\u0112RI: A x Dz x P<br \/>\nProdukta izm\u0113rs ar atv\u0113rtu v\u0101ku: 160 x 78 x 156 cm<br \/>\nProdukta izm\u0113rs ar aizv\u0113rtu v\u0101ku: 122 x 69 x 156 cm<br \/>\nProdukta un iepakojuma svars: 86 kg<br \/>\nProdukta svars: 66 kg<br \/>\nIepakojuma izm\u0113rs: 66 x 92 x 78 cm<\/p>\n","protected":false},"excerpt":{"rendered":"<p>Augst\u0101k\u0101s klases grils ar 3 deg\u013ciem, Sear Zone, Crafted gril, pievilc\u012bgu dizainu un augst\u0101k\u0101s kvalit\u0101tes apdari. Lieli nolok\u0101mi plaukti, sl\u0113gts skapis un Weber Works s\u0101nu panelis piederumu glab\u0101\u0161anai. Ar s\u0101nu degli.<\/p>\n","protected":false},"featured_media":1646,"comment_status":"open","ping_status":"closed","template":"","meta":[],"pwb-brand":[196],"product_brand":[],"product_cat":[17,224],"product_tag":[],"class_list":{"0":"post-1645","1":"product","2":"type-product","3":"status-publish","4":"has-post-thumbnail","6":"pwb-brand-weber","7":"product_cat-gazes-grili","8":"product_cat-weber-gazes-grili","9":"thunk-woo-product-list","10":"opn-qv-enable","11":"open-woo-hover-none","12":"open-single-product-tab-horizontal","13":"open-shadow-","14":"open-shadow-hover-","16":"first","17":"onbackorder","18":"taxable","19":"shipping-taxable","20":"purchasable","21":"product-type-simple"},"jetpack-related-posts":[],"jetpack_sharing_enabled":true,"brands":[{"id":196,"name":"Weber","slug":"weber"}],"_links":{"self":[{"href":"https:\/\/grillhouse.lv\/veikals\/wp-json\/wp\/v2\/product\/1645","targetHints":{"allow":["GET"]}}],"collection":[{"href":"https:\/\/grillhouse.lv\/veikals\/wp-json\/wp\/v2\/product"}],"about":[{"href":"https:\/\/grillhouse.lv\/veikals\/wp-json\/wp\/v2\/types\/product"}],"replies":[{"embeddable":true,"href":"https:\/\/grillhouse.lv\/veikals\/wp-json\/wp\/v2\/comments?post=1645"}],"wp:featuredmedia":[{"embeddable":true,"href":"https:\/\/grillhouse.lv\/veikals\/wp-json\/wp\/v2\/media\/1646"}],"wp:attachment":[{"href":"https:\/\/grillhouse.lv\/veikals\/wp-json\/wp\/v2\/media?parent=1645"}],"wp:term":[{"taxonomy":"pwb-brand","embeddable":true,"href":"https:\/\/grillhouse.lv\/veikals\/wp-json\/wp\/v2\/pwb-brand?post=1645"},{"taxonomy":"product_brand","embeddable":true,"href":"https:\/\/grillhouse.lv\/veikals\/wp-json\/wp\/v2\/product_brand?post=1645"},{"taxonomy":"product_cat","embeddable":true,"href":"https:\/\/grillhouse.lv\/veikals\/wp-json\/wp\/v2\/product_cat?post=1645"},{"taxonomy":"product_tag","embeddable":true,"href":"https:\/\/grillhouse.lv\/veikals\/wp-json\/wp\/v2\/product_tag?post=1645"}],"curies":[{"name":"wp","href":"https:\/\/api.w.org\/{rel}","templated":true}]}}