{"id":1643,"date":"2025-05-25T12:26:08","date_gmt":"2025-05-25T09:26:08","guid":{"rendered":"https:\/\/grillhouse.lv\/veikals\/?post_type=product&#038;p=1643"},"modified":"2025-05-25T12:26:08","modified_gmt":"2025-05-25T09:26:08","slug":"weber-genesis-e-425","status":"publish","type":"product","link":"https:\/\/grillhouse.lv\/veikals\/products\/weber-genesis-e-425\/","title":{"rendered":"Weber Genesis E-425"},"content":{"rendered":"<p>4 deg\u013ci<br \/>\nGatavo\u0161anas zona (GPL): 86 x 48 cm<br \/>\nJauda: 16,6 kW\/h<br \/>\nWeber Crafted \u010duguna re\u017e\u0123is<br \/>\nNer\u016bs\u0113jo\u0161\u0101 t\u0113rauda aromatiz\u0113\u0161anas stie\u0146i<br \/>\nLieto\u0161anai gatavs Weber Crafted r\u0101mja komplekts (p\u0101rdod atsevi\u0161\u0137i)<br \/>\nNer\u016bs\u0113jo\u0161\u0101 t\u0113rauda nolok\u0101mi lab\u0101s puses s\u0101nu galdi\u0146i<br \/>\nGatavo\u0161anas zona ar pastiprin\u0101\u0161anas re\u017e\u012bmu<br \/>\nIntegr\u0113ts digit\u0101lais termometrs<br \/>\n4 groz\u0101mi rite\u0146i<br \/>\nWeber Works s\u0101nu galdi\u0146\u0161<br \/>\nSnap On by Weber Works<br \/>\nPapildu gatavo\u0161anas re\u017e\u0123is<\/p>\n<p>G\u0100ZE<br \/>\nGatavo\u0161anas re\u017e\u0123is: 86 x 48 cm<br \/>\nKr\u0101sa: melna<\/p>\n<p>IZM\u0112RI: A x Dz x P<br \/>\nProdukta izm\u0113rs ar atv\u0113rtu v\u0101ku: 160 x 78 x 173 cm<br \/>\nProdukta izm\u0113rs ar aizv\u0113rtu v\u0101ku: 122 x 69 x 173 cm<br \/>\nProdukta un iepakojuma svars: 100 kg<br \/>\nProdukta svars: 72 kg<br \/>\nIepakojuma izm\u0113rs: 82 x 97 x 92 cm<\/p>\n","protected":false},"excerpt":{"rendered":"<p>Augst\u0101k\u0101s klases grils ar 4 deg\u013ciem, Crafted grils, pievilc\u012bgs dizains un augst\u0101k\u0101s kvalit\u0101tes apdare. Lieli plaukti, sl\u0113gts skapis un Weber Works s\u0101nu panelis piederumu glab\u0101\u0161anai.<\/p>\n","protected":false},"featured_media":1644,"comment_status":"open","ping_status":"closed","template":"","meta":[],"pwb-brand":[],"product_brand":[],"product_cat":[17,224],"product_tag":[],"class_list":{"0":"post-1643","1":"product","2":"type-product","3":"status-publish","4":"has-post-thumbnail","6":"product_cat-gazes-grili","7":"product_cat-weber-gazes-grili","8":"thunk-woo-product-list","9":"opn-qv-enable","10":"open-woo-hover-none","11":"open-single-product-tab-horizontal","12":"open-shadow-","13":"open-shadow-hover-","15":"first","16":"onbackorder","17":"taxable","18":"shipping-taxable","19":"purchasable","20":"product-type-simple"},"jetpack-related-posts":[],"jetpack_sharing_enabled":true,"brands":[],"_links":{"self":[{"href":"https:\/\/grillhouse.lv\/veikals\/wp-json\/wp\/v2\/product\/1643","targetHints":{"allow":["GET"]}}],"collection":[{"href":"https:\/\/grillhouse.lv\/veikals\/wp-json\/wp\/v2\/product"}],"about":[{"href":"https:\/\/grillhouse.lv\/veikals\/wp-json\/wp\/v2\/types\/product"}],"replies":[{"embeddable":true,"href":"https:\/\/grillhouse.lv\/veikals\/wp-json\/wp\/v2\/comments?post=1643"}],"wp:featuredmedia":[{"embeddable":true,"href":"https:\/\/grillhouse.lv\/veikals\/wp-json\/wp\/v2\/media\/1644"}],"wp:attachment":[{"href":"https:\/\/grillhouse.lv\/veikals\/wp-json\/wp\/v2\/media?parent=1643"}],"wp:term":[{"taxonomy":"pwb-brand","embeddable":true,"href":"https:\/\/grillhouse.lv\/veikals\/wp-json\/wp\/v2\/pwb-brand?post=1643"},{"taxonomy":"product_brand","embeddable":true,"href":"https:\/\/grillhouse.lv\/veikals\/wp-json\/wp\/v2\/product_brand?post=1643"},{"taxonomy":"product_cat","embeddable":true,"href":"https:\/\/grillhouse.lv\/veikals\/wp-json\/wp\/v2\/product_cat?post=1643"},{"taxonomy":"product_tag","embeddable":true,"href":"https:\/\/grillhouse.lv\/veikals\/wp-json\/wp\/v2\/product_tag?post=1643"}],"curies":[{"name":"wp","href":"https:\/\/api.w.org\/{rel}","templated":true}]}}