{"id":1635,"date":"2025-05-25T11:50:13","date_gmt":"2025-05-25T08:50:13","guid":{"rendered":"https:\/\/grillhouse.lv\/veikals\/?post_type=product&#038;p=1635"},"modified":"2025-05-25T11:50:13","modified_gmt":"2025-05-25T08:50:13","slug":"weber-genesis-ep-435","status":"publish","type":"product","link":"https:\/\/grillhouse.lv\/veikals\/products\/weber-genesis-ep-435\/","title":{"rendered":"Weber Genesis EP-435"},"content":{"rendered":"<p>12 gadu ierobe\u017eota garantija<br \/>\nPolez\u0101na emalj\u0113ts v\u0101ks ar uz s\u0101nu galda piestiprin\u0101tu digit\u0101lo termometru<br \/>\nIzvelkamas sekund\u0101r\u0101s gatavo\u0161anas re\u017e\u0123is<br \/>\nIntegr\u0113ts roktura apgaismojums<br \/>\nKomplekt\u0101 iek\u013cauts Weber Crafted r\u0101mis; papla\u0161iniet savu \u0113dienkarti ar piel\u0101gotiem grila piederumiem<br \/>\nLiela Weber Crafted s\u0101nu uzglab\u0101\u0161anas vieta visiem j\u016bsu piederumiem<br \/>\nBoost re\u017e\u012bma apcep\u0161anas zona nodro\u0161ina augst\u0101ku BTU, lai ieg\u016btu perfektas apcep\u0161anas p\u0113das<br \/>\nPapildu speci\u0101ls augstas temperat\u016bras apcep\u0161anas deglis<br \/>\nLiels s\u0101nu galds ar ievietojamu Weber Works sist\u0113mu un Snap-On piederumiem, kas ir sader\u012bgi ar Snap-On<br \/>\nSaut\u0113jiet, v\u0101riet \u016bdeni vai sildiet m\u0113rces uz s\u0101nu deg\u013ca<br \/>\nNer\u016bs\u0113jo\u0161\u0101 t\u0113rauda Flavorizer\u2122 stie\u0146i, kas uztver d\u016bmojo\u0161us un \u0161\u0146\u0101co\u0161us pilienus, pie\u0161\u0137irot \u0113dienam d\u016bmakainu gar\u0161u<br \/>\nInfinity Ignition, kas \u013cauj deg\u013ciem \u0101tri aizdegties katru reizi<br \/>\nIzvelkama emalj\u0113ta tauku papl\u0101te \u0113rtai t\u012br\u012b\u0161anai<br \/>\nG\u0101zes tvertne glab\u0101jas lielaj\u0101 uzglab\u0101\u0161anas skap\u012b<br \/>\nAugstas kvalit\u0101tes groz\u0101mi un blo\u0137\u0113jami ritenti\u0146i<\/p>\n<p>G\u0100ZE<br \/>\nGatavo\u0161anas re\u017e\u0123is: 86 x 48 cm<br \/>\nKr\u0101sa: melna<\/p>\n<p>IZM\u0112RI: A x Dz x P<br \/>\nProdukta izm\u0113rs ar atv\u0113rtu v\u0101ku: 160 x 78 x 183 cm<br \/>\nProdukta izm\u0113rs ar aizv\u0113rtu v\u0101ku: 122 x 69 x 183 cm<br \/>\nProdukta un iepakojuma svars: 112 kg<br \/>\nProdukta svars: 84 kg<br \/>\nIepakojuma izm\u0113rs: 82 x 97 x 92 cm<\/p>\n","protected":false},"excerpt":{"rendered":"<p style=\"text-align: justify;\">Augst\u0101k\u0101s klases grils ar 4 deg\u013ciem, cep\u0161anas zonu un s\u0101nu degli. Pievilc\u012bgs dizains un augst\u0101k\u0101s kvalit\u0101tes apdare. Lieli s\u0101nu plaukti, sl\u0113gts skapis un nolok\u0101ms s\u0101nu nodal\u012bjums. Ar regul\u0113jamu apgaismojumu un s\u0101nu degli.<\/p>\n","protected":false},"featured_media":1636,"comment_status":"open","ping_status":"closed","template":"","meta":[],"pwb-brand":[196],"product_brand":[],"product_cat":[17,224],"product_tag":[],"class_list":{"0":"post-1635","1":"product","2":"type-product","3":"status-publish","4":"has-post-thumbnail","6":"pwb-brand-weber","7":"product_cat-gazes-grili","8":"product_cat-weber-gazes-grili","9":"thunk-woo-product-list","10":"opn-qv-enable","11":"open-woo-hover-none","12":"open-single-product-tab-horizontal","13":"open-shadow-","14":"open-shadow-hover-","16":"first","17":"onbackorder","18":"taxable","19":"shipping-taxable","20":"purchasable","21":"product-type-simple"},"jetpack-related-posts":[],"jetpack_sharing_enabled":true,"brands":[{"id":196,"name":"Weber","slug":"weber"}],"_links":{"self":[{"href":"https:\/\/grillhouse.lv\/veikals\/wp-json\/wp\/v2\/product\/1635","targetHints":{"allow":["GET"]}}],"collection":[{"href":"https:\/\/grillhouse.lv\/veikals\/wp-json\/wp\/v2\/product"}],"about":[{"href":"https:\/\/grillhouse.lv\/veikals\/wp-json\/wp\/v2\/types\/product"}],"replies":[{"embeddable":true,"href":"https:\/\/grillhouse.lv\/veikals\/wp-json\/wp\/v2\/comments?post=1635"}],"wp:featuredmedia":[{"embeddable":true,"href":"https:\/\/grillhouse.lv\/veikals\/wp-json\/wp\/v2\/media\/1636"}],"wp:attachment":[{"href":"https:\/\/grillhouse.lv\/veikals\/wp-json\/wp\/v2\/media?parent=1635"}],"wp:term":[{"taxonomy":"pwb-brand","embeddable":true,"href":"https:\/\/grillhouse.lv\/veikals\/wp-json\/wp\/v2\/pwb-brand?post=1635"},{"taxonomy":"product_brand","embeddable":true,"href":"https:\/\/grillhouse.lv\/veikals\/wp-json\/wp\/v2\/product_brand?post=1635"},{"taxonomy":"product_cat","embeddable":true,"href":"https:\/\/grillhouse.lv\/veikals\/wp-json\/wp\/v2\/product_cat?post=1635"},{"taxonomy":"product_tag","embeddable":true,"href":"https:\/\/grillhouse.lv\/veikals\/wp-json\/wp\/v2\/product_tag?post=1635"}],"curies":[{"name":"wp","href":"https:\/\/api.w.org\/{rel}","templated":true}]}}