{"id":1417,"date":"2021-11-05T10:24:55","date_gmt":"2021-11-05T08:24:55","guid":{"rendered":"http:\/\/grillhouse.lv\/veikals\/?post_type=product&#038;p=1417"},"modified":"2025-04-05T11:27:44","modified_gmt":"2025-04-05T08:27:44","slug":"sungrill-kokogles-50l","status":"publish","type":"product","link":"https:\/\/grillhouse.lv\/veikals\/products\/sungrill-kokogles-50l\/","title":{"rendered":"Sungrill kokogles 50L"},"content":{"rendered":"<p>Augstas kvalit\u0101tes Latvij\u0101 ra\u017eotas kokogles. Viegli aizdedzin\u0101mas un ilgi dego\u0161as.<\/p>\n<ul>\n<li>Izm\u0113rs: 0-150mm<\/li>\n<li>Oglek\u013ca l\u012bmenis: 80 \u2013 84%<\/li>\n<li>Mitrums: 3%<\/li>\n<li>Pelni: 3 \u2013 4%<\/li>\n<li>Temperat\u016bra: 300 \u2013 400C<\/li>\n<\/ul>\n","protected":false},"excerpt":{"rendered":"<p>Alk\u0161\u0146a koksnes kokogles. Lieli og\u013cu gabali. Deg ilgi.<\/p>\n<p>Svars ~ 6,2kg<\/p>\n<p>Ra\u017eots Latvij\u0101.<\/p>\n","protected":false},"featured_media":1428,"comment_status":"open","ping_status":"closed","template":"","meta":[],"pwb-brand":[],"product_brand":[],"product_cat":[71],"product_tag":[73],"class_list":{"0":"post-1417","1":"product","2":"type-product","3":"status-publish","4":"has-post-thumbnail","6":"product_cat-kokogles","7":"product_tag-kokogles","8":"thunk-woo-product-list","9":"opn-qv-enable","10":"open-woo-hover-none","11":"open-single-product-tab-horizontal","12":"open-shadow-","13":"open-shadow-hover-","15":"first","16":"instock","17":"taxable","18":"shipping-taxable","19":"purchasable","20":"product-type-simple"},"jetpack-related-posts":[],"jetpack_sharing_enabled":true,"brands":[],"_links":{"self":[{"href":"https:\/\/grillhouse.lv\/veikals\/wp-json\/wp\/v2\/product\/1417","targetHints":{"allow":["GET"]}}],"collection":[{"href":"https:\/\/grillhouse.lv\/veikals\/wp-json\/wp\/v2\/product"}],"about":[{"href":"https:\/\/grillhouse.lv\/veikals\/wp-json\/wp\/v2\/types\/product"}],"replies":[{"embeddable":true,"href":"https:\/\/grillhouse.lv\/veikals\/wp-json\/wp\/v2\/comments?post=1417"}],"wp:featuredmedia":[{"embeddable":true,"href":"https:\/\/grillhouse.lv\/veikals\/wp-json\/wp\/v2\/media\/1428"}],"wp:attachment":[{"href":"https:\/\/grillhouse.lv\/veikals\/wp-json\/wp\/v2\/media?parent=1417"}],"wp:term":[{"taxonomy":"pwb-brand","embeddable":true,"href":"https:\/\/grillhouse.lv\/veikals\/wp-json\/wp\/v2\/pwb-brand?post=1417"},{"taxonomy":"product_brand","embeddable":true,"href":"https:\/\/grillhouse.lv\/veikals\/wp-json\/wp\/v2\/product_brand?post=1417"},{"taxonomy":"product_cat","embeddable":true,"href":"https:\/\/grillhouse.lv\/veikals\/wp-json\/wp\/v2\/product_cat?post=1417"},{"taxonomy":"product_tag","embeddable":true,"href":"https:\/\/grillhouse.lv\/veikals\/wp-json\/wp\/v2\/product_tag?post=1417"}],"curies":[{"name":"wp","href":"https:\/\/api.w.org\/{rel}","templated":true}]}}