{"id":1407,"date":"2021-08-29T15:30:44","date_gmt":"2021-08-29T12:30:44","guid":{"rendered":"http:\/\/grillhouse.lv\/veikals\/?post_type=product&#038;p=1407"},"modified":"2021-08-29T15:41:28","modified_gmt":"2021-08-29T12:41:28","slug":"pitboss-kupinatava-pbv3d1","status":"publish","type":"product","link":"https:\/\/grillhouse.lv\/veikals\/products\/pitboss-kupinatava-pbv3d1\/","title":{"rendered":"Pitboss vertik\u0101la k\u016bpin\u0101tava PBV3D1"},"content":{"rendered":"<p>Jauda: 1650 W<\/p>\n<p>Gatavo\u0161anas plaukti: 4<\/p>\n<p>Gatavo\u0161anas zona: 0,36m2<\/p>\n<p>Svars: 30kg<\/p>\n<p>Izm\u0113rs: 553 x 514 x 1192<\/p>\n","protected":false},"excerpt":{"rendered":"<p style=\"text-align: justify;\">3. s\u0113rijas vertik\u0101l\u0101 granulu k\u016bpin\u0101tava. Inov\u0101cijas satiekas br\u012bv\u0101 dab\u0101, izmantojot Pit Boss jauno 3. s\u0113rijas vertik\u0101lo granulu k\u016bpin\u0101t\u0101ju. K\u016bpin\u0101\u0161anas nekad nav bijusi tik daudzpus\u012bga. Dubult\u0101 sienu segas izol\u0101cija \u013cauj sm\u0113\u0137\u0113t no 37 \u00b0 C l\u012bdz temperat\u016brai, kas sasniedz 176 \u00b0 C<\/p>\n","protected":false},"featured_media":1408,"comment_status":"open","ping_status":"closed","template":"","meta":[],"pwb-brand":[197],"product_brand":[],"product_cat":[172,215],"product_tag":[174,216],"class_list":{"0":"post-1407","1":"product","2":"type-product","3":"status-publish","4":"has-post-thumbnail","6":"pwb-brand-pit-boss","7":"product_cat-kupinatavas","8":"product_cat-pitboss-kupinatavas","9":"product_tag-kupinatavas","10":"product_tag-pitboss","11":"thunk-woo-product-list","12":"opn-qv-enable","13":"open-woo-hover-none","14":"open-single-product-tab-horizontal","15":"open-shadow-","16":"open-shadow-hover-","18":"first","19":"outofstock","20":"taxable","21":"shipping-taxable","22":"purchasable","23":"product-type-simple"},"jetpack-related-posts":[],"jetpack_sharing_enabled":true,"brands":[{"id":197,"name":"Pit Boss","slug":"pit-boss"}],"_links":{"self":[{"href":"https:\/\/grillhouse.lv\/veikals\/wp-json\/wp\/v2\/product\/1407","targetHints":{"allow":["GET"]}}],"collection":[{"href":"https:\/\/grillhouse.lv\/veikals\/wp-json\/wp\/v2\/product"}],"about":[{"href":"https:\/\/grillhouse.lv\/veikals\/wp-json\/wp\/v2\/types\/product"}],"replies":[{"embeddable":true,"href":"https:\/\/grillhouse.lv\/veikals\/wp-json\/wp\/v2\/comments?post=1407"}],"wp:featuredmedia":[{"embeddable":true,"href":"https:\/\/grillhouse.lv\/veikals\/wp-json\/wp\/v2\/media\/1408"}],"wp:attachment":[{"href":"https:\/\/grillhouse.lv\/veikals\/wp-json\/wp\/v2\/media?parent=1407"}],"wp:term":[{"taxonomy":"pwb-brand","embeddable":true,"href":"https:\/\/grillhouse.lv\/veikals\/wp-json\/wp\/v2\/pwb-brand?post=1407"},{"taxonomy":"product_brand","embeddable":true,"href":"https:\/\/grillhouse.lv\/veikals\/wp-json\/wp\/v2\/product_brand?post=1407"},{"taxonomy":"product_cat","embeddable":true,"href":"https:\/\/grillhouse.lv\/veikals\/wp-json\/wp\/v2\/product_cat?post=1407"},{"taxonomy":"product_tag","embeddable":true,"href":"https:\/\/grillhouse.lv\/veikals\/wp-json\/wp\/v2\/product_tag?post=1407"}],"curies":[{"name":"wp","href":"https:\/\/api.w.org\/{rel}","templated":true}]}}