{"id":1381,"date":"2021-06-17T21:39:30","date_gmt":"2021-06-17T18:39:30","guid":{"rendered":"http:\/\/grillhouse.lv\/veikals\/?post_type=product&#038;p=1381"},"modified":"2025-04-05T14:52:33","modified_gmt":"2025-04-05T11:52:33","slug":"alksna-granulas-10kg","status":"publish","type":"product","link":"https:\/\/grillhouse.lv\/veikals\/products\/alksna-granulas-10kg\/","title":{"rendered":"Alk\u0161\u0146a granulas 10kg"},"content":{"rendered":"","protected":false},"excerpt":{"rendered":"<p>100% dab\u012bgas grila granulas, kas izgatavotas no iepriek\u0161 nolob\u012btas alk\u0161\u0146a koksnes. Paredz\u0113tas izmanto\u0161anai granulu griloa, d\u016bmu \u0123eneratoros, d\u016bmu kr\u0101sn\u012bs un cit\u0101s grila kr\u0101sn\u012bs, lai rad\u012btu d\u016bmus.<\/p>\n<p>Ra\u017eots Igaunij\u0101<\/p>\n","protected":false},"featured_media":1382,"comment_status":"open","ping_status":"closed","template":"","meta":[],"pwb-brand":[],"product_brand":[],"product_cat":[27,23],"product_tag":[],"class_list":{"0":"post-1381","1":"product","2":"type-product","3":"status-publish","4":"has-post-thumbnail","6":"product_cat-granulas","7":"product_cat-granulu-grili","8":"thunk-woo-product-list","9":"opn-qv-enable","10":"open-woo-hover-none","11":"open-single-product-tab-horizontal","12":"open-shadow-","13":"open-shadow-hover-","15":"first","16":"instock","17":"taxable","18":"shipping-taxable","19":"purchasable","20":"product-type-simple"},"jetpack-related-posts":[],"jetpack_sharing_enabled":true,"brands":[],"_links":{"self":[{"href":"https:\/\/grillhouse.lv\/veikals\/wp-json\/wp\/v2\/product\/1381","targetHints":{"allow":["GET"]}}],"collection":[{"href":"https:\/\/grillhouse.lv\/veikals\/wp-json\/wp\/v2\/product"}],"about":[{"href":"https:\/\/grillhouse.lv\/veikals\/wp-json\/wp\/v2\/types\/product"}],"replies":[{"embeddable":true,"href":"https:\/\/grillhouse.lv\/veikals\/wp-json\/wp\/v2\/comments?post=1381"}],"wp:featuredmedia":[{"embeddable":true,"href":"https:\/\/grillhouse.lv\/veikals\/wp-json\/wp\/v2\/media\/1382"}],"wp:attachment":[{"href":"https:\/\/grillhouse.lv\/veikals\/wp-json\/wp\/v2\/media?parent=1381"}],"wp:term":[{"taxonomy":"pwb-brand","embeddable":true,"href":"https:\/\/grillhouse.lv\/veikals\/wp-json\/wp\/v2\/pwb-brand?post=1381"},{"taxonomy":"product_brand","embeddable":true,"href":"https:\/\/grillhouse.lv\/veikals\/wp-json\/wp\/v2\/product_brand?post=1381"},{"taxonomy":"product_cat","embeddable":true,"href":"https:\/\/grillhouse.lv\/veikals\/wp-json\/wp\/v2\/product_cat?post=1381"},{"taxonomy":"product_tag","embeddable":true,"href":"https:\/\/grillhouse.lv\/veikals\/wp-json\/wp\/v2\/product_tag?post=1381"}],"curies":[{"name":"wp","href":"https:\/\/api.w.org\/{rel}","templated":true}]}}