{"id":1339,"date":"2021-05-30T13:55:39","date_gmt":"2021-05-30T10:55:39","guid":{"rendered":"http:\/\/grillhouse.lv\/veikals\/?post_type=product&#038;p=1339"},"modified":"2022-02-17T10:13:44","modified_gmt":"2022-02-17T08:13:44","slug":"borniak-uwd-70-simple","status":"publish","type":"product","link":"https:\/\/grillhouse.lv\/veikals\/products\/borniak-uwd-70-simple\/","title":{"rendered":"Borniak UWD-70 Simple"},"content":{"rendered":"<p>Izm\u0113rs: 70L<br \/>\nKontrole: digit\u0101ls panelis<br \/>\nMateri\u0101ls: Alu-cinka loksne<br \/>\nTemperat\u016bra: 120 \u00b0 C (klasiska k\u016bpin\u0101\u0161ana)<br \/>\nNomin\u0101lais spriegums: 230 V<br \/>\nIer\u012bces jauda: 615 W<br \/>\nDarba diapazons: 0-120 oC<br \/>\nL\u012bme\u0146u skaits: 6<br \/>\nMaksim\u0101l\u0101 slodze: 10 kg<br \/>\nKameras tilpums: 70 L (30 x 40 x 58 cm)<br \/>\nApr\u012bkojums: K\u016bpin\u0101\u0161anas skapis, D\u016bmu \u0123enerators, k\u016bpin\u0101\u0161anas n\u016bjas 3 gab., Pilienu papl\u0101te, Regul\u0113jamas k\u0101jas 4 gab., \u016adens trauki 2 gab., Rokturis 2 gab., Durvju rokturi, D\u016bmvads ar amortizatoru, V\u0101ks d\u016bmu \u0123eneratoram, Dren\u0101\u017eas kan\u0101ls, Baro\u0161anas kabe\u013ci 2 gab.<br \/>\nAksesu\u0101ri: K\u016bpin\u0101\u0161anas \u010dipsi 2L 5 gab., Re\u017e\u0123is, Dubultie \u0101\u0137i, S \u0101\u0137i, Zivju gar\u0161vielas<br \/>\nIzm\u0113ri (GxPxA) 40 x 63 x 104 cm Svars 24 kg<br \/>\nIepakojuma izm\u0113ri (GxPxA) 52 x 42 x 90 cm<br \/>\nIepakojuma svars 27 kg<br \/>\nGarantija 24 m\u0113ne\u0161i<\/p>\n","protected":false},"excerpt":{"rendered":"<p>Prec\u012bza digit\u0101l\u0101 vad\u012bba<br \/>\n70L ietilp\u012bba, l\u012bdz 10kg slodzes, 6 plaukti<br \/>\nAutom\u0101tiska d\u016bmu ra\u0161an\u0101s<br \/>\nK\u016bpin\u0101tavas iek\u0161puse ir izgatavota no ner\u016bs\u0113jo\u0161\u0101 t\u0113rauda<\/p>\n","protected":false},"featured_media":1340,"comment_status":"open","ping_status":"closed","template":"","meta":[],"pwb-brand":[190],"product_brand":[],"product_cat":[209,172],"product_tag":[192,174],"class_list":{"0":"post-1339","1":"product","2":"type-product","3":"status-publish","4":"has-post-thumbnail","6":"pwb-brand-borniak","7":"product_cat-borniak-kupinatavas","8":"product_cat-kupinatavas","9":"product_tag-borniak","10":"product_tag-kupinatavas","11":"thunk-woo-product-list","12":"opn-qv-enable","13":"open-woo-hover-none","14":"open-single-product-tab-horizontal","15":"open-shadow-","16":"open-shadow-hover-","18":"first","19":"outofstock","20":"taxable","21":"shipping-taxable","22":"purchasable","23":"product-type-simple"},"jetpack-related-posts":[],"jetpack_sharing_enabled":true,"brands":[{"id":190,"name":"Borniak","slug":"borniak"}],"_links":{"self":[{"href":"https:\/\/grillhouse.lv\/veikals\/wp-json\/wp\/v2\/product\/1339","targetHints":{"allow":["GET"]}}],"collection":[{"href":"https:\/\/grillhouse.lv\/veikals\/wp-json\/wp\/v2\/product"}],"about":[{"href":"https:\/\/grillhouse.lv\/veikals\/wp-json\/wp\/v2\/types\/product"}],"replies":[{"embeddable":true,"href":"https:\/\/grillhouse.lv\/veikals\/wp-json\/wp\/v2\/comments?post=1339"}],"wp:featuredmedia":[{"embeddable":true,"href":"https:\/\/grillhouse.lv\/veikals\/wp-json\/wp\/v2\/media\/1340"}],"wp:attachment":[{"href":"https:\/\/grillhouse.lv\/veikals\/wp-json\/wp\/v2\/media?parent=1339"}],"wp:term":[{"taxonomy":"pwb-brand","embeddable":true,"href":"https:\/\/grillhouse.lv\/veikals\/wp-json\/wp\/v2\/pwb-brand?post=1339"},{"taxonomy":"product_brand","embeddable":true,"href":"https:\/\/grillhouse.lv\/veikals\/wp-json\/wp\/v2\/product_brand?post=1339"},{"taxonomy":"product_cat","embeddable":true,"href":"https:\/\/grillhouse.lv\/veikals\/wp-json\/wp\/v2\/product_cat?post=1339"},{"taxonomy":"product_tag","embeddable":true,"href":"https:\/\/grillhouse.lv\/veikals\/wp-json\/wp\/v2\/product_tag?post=1339"}],"curies":[{"name":"wp","href":"https:\/\/api.w.org\/{rel}","templated":true}]}}