{"id":133,"date":"2020-07-12T20:18:25","date_gmt":"2020-07-12T17:18:25","guid":{"rendered":"http:\/\/grillhouse.lv\/veikals\/?post_type=product&#038;p=133"},"modified":"2020-11-28T09:00:53","modified_gmt":"2020-11-28T07:00:53","slug":"broilking-regal-pallet-400","status":"publish","type":"product","link":"https:\/\/grillhouse.lv\/veikals\/products\/broilking-regal-pallet-400\/","title":{"rendered":"BroilKing Regal Pallet 400"},"content":{"rendered":"","protected":false},"excerpt":{"rendered":"<p>Regal Pellet 400 granulu grila korpuss ir izgatavots no 2 mm bieza t\u0113rauda. Tam ir 3,226 cm2 pamata gatavo\u0161anas\u00a0virsmas un 839 cm2 gatavo\u0161anas plaukta virsmas izm\u0113rs. Pamata gatavo\u0161anas virsma ir \u010duguna re\u017e\u0123is. Izpakota grila svars ir\u00a0102\u00a0kg. Ieb\u016bv\u0113ts Wifi un Bluetooth\u00ae digit\u0101lais kontrolieris nodro\u0161ina uzlabotu temperat\u016bras kontroli k\u016bpin\u0101\u0161anai, cep\u0161anai vai kalt\u0113\u0161anai. Kontroliera displeja paneli ir \u0113rti nolas\u012bt gril\u0113\u0161anas laik\u0101 \u0160is novatoriskais produkts ir piln\u012bb\u0101 apr\u012bkots ar jaud\u012bgu granulu padeves sist\u0113mu,\u00a010kg tilpuma granulu piltuvi, no\u0146emamu tauku\u00a0sav\u0101k\u0161anas sist\u0113mu, unik\u0101lu pelnu p\u0101rvald\u012bbas sist\u0113mu, luksusa\u00a0rot\u0113jo\u0161\u0101 iesma komplektu, 2 elektronisk\u0101m ga\u013cas zondes, k\u0101 ar\u012b pamatnes un s\u0101nu plauktu.<\/p>\n<p>&nbsp;<\/p>\n<p>REGAL PALLET SPECIFIK\u0100CIJA<\/p>\n<p>Grila svars 102kg<\/p>\n<p>Kop\u0113jais gatavo\u0161anas virsmas izm\u0113rs 4 451 cm2 (ieskaitot sild\u012b\u0161anas\u00a0plauktu ar porcel\u0101na p\u0101rkl\u0101jumu)<\/p>\n<p>3,226 cm2 pamata gatavo\u0161anas virsmas izm\u0113rs (65x49cm)<\/p>\n<p>Rotisserie sist\u0113ma &#8211; ner\u016bs\u0113jo\u0161\u0101 t\u0113rauda iems un dak\u0161as\u00a0+ elektromotors<\/p>\n<p>T\u0113rauda tvertne var ievietot 10kg granulas<\/p>\n<p>Dial-dizains \u0113rtai un prec\u012bzai temperat\u016bras iestat\u012b\u0161anai.<\/p>\n<p>Iepriek\u0161 iestat\u012btas temperat\u016bras pogas: k\u016bpin\u0101\u0161anai, cepetim vai gril\u0113\u0161anai<\/p>\n<p>Divas elektroniskas ga\u013cas zondes<\/p>\n<p>Broil King\u00ae granulu gril\u0113\u0161anas aplik\u0101cija<\/p>\n<p>&nbsp;<\/p>\n<p>P\u0100RVALKS<\/p>\n<p>Broil King\u00ae Premium p\u0101rvalks 67065 der Regal Pellet 400 (j\u0101ieg\u0101d\u0101jas atsevi\u0161\u0137i)<\/p>\n<p>&nbsp;<\/p>\n<p>GARANTIJA<\/p>\n<p>\u0160im Broil King\u00ae grilam ir piecu gadu garantija\u00a0gatavo\u0161anas virsmai\u00a0un divu gadu garantija deta\u013c\u0101m un kr\u0101sai.<\/p>\n<p>&nbsp;<\/p>\n<p>REGAL PALLET STANDARTA SPECIFIK\u0100CIJA<\/p>\n<p>T\u0113rauda konstrukcija 2mm \/ 14 gauge<\/p>\n<p>Lieljaudas \u010duguna\u00a0restes<\/p>\n<p>Dubultais v\u0101ks ar kr\u0101sns kvalit\u0101tes bl\u012bvi<\/p>\n<p>Iztur\u012bga t\u0113rauda gatavo\u0161anas kamera<\/p>\n<p>Sp\u0113c\u012bgs glieme\u017etransportieris ar lieljaudas motoru granul\u0101m<\/p>\n<p>No\u0146emama ner\u016bs\u0113jo\u0161\u0101 t\u0113rauda tauku papl\u0101te<\/p>\n<p>No\u0146emams pelnu sav\u0101c\u0113js<\/p>\n<p>No\u0146emams sl\u0113pts tauku trauks ar vienreizlietojamajiem\u00a0trauci\u0146iem<\/p>\n<p>Sadedzin\u0101\u0161anas trauka mais\u012bt\u0101js, lai to viegli not\u012br\u012btu<\/p>\n<p>Liela diametra t\u0113rauda skurstenis ar Roto-Draw sl\u0101p\u0113t\u0101ju<\/p>\n<p>No\u0146emams ner\u016bs\u0113jo\u0161\u0101 t\u0113rauda s\u0101nu plaukts<\/p>\n<p>Iztur\u012bgs t\u0113rauda apak\u0161\u0113jais plaukts<\/p>\n<p>Stil\u012bgs un iztur\u012bgs ner\u016bs\u0113jo\u0161\u0101 t\u0113rauda rokturis<\/p>\n<p>\u010cetras iztur\u012bgas t\u0113rauda k\u0101jas ar diviem k\u0101ju\u00a0augstuma regul\u0113t\u0101jiem<\/p>\n<p>Divi lieli 20,3 cm iztur\u012bgi rite\u0146i<\/p>\n<p>Ieb\u016bv\u0113ts pude\u013cu atv\u0113r\u0113js s\u0101nu plaukt\u0101<\/p>\n<p>Iztur\u012bga augstas karstuma kr\u0101sas apdare (600C)<\/p>\n","protected":false},"featured_media":134,"comment_status":"open","ping_status":"closed","template":"","meta":[],"pwb-brand":[154],"product_brand":[],"product_cat":[84,23],"product_tag":[19,25],"class_list":{"0":"post-133","1":"product","2":"type-product","3":"status-publish","4":"has-post-thumbnail","6":"pwb-brand-broilking","7":"product_cat-broilking","8":"product_cat-granulu-grili","9":"product_tag-broilking","10":"product_tag-granulu-grili","11":"thunk-woo-product-list","12":"opn-qv-enable","13":"open-woo-hover-none","14":"open-single-product-tab-horizontal","15":"open-shadow-","16":"open-shadow-hover-","18":"first","19":"onbackorder","20":"taxable","21":"shipping-taxable","22":"purchasable","23":"product-type-simple"},"jetpack-related-posts":[],"jetpack_sharing_enabled":true,"brands":[{"id":154,"name":"BroilKing","slug":"broilking"}],"_links":{"self":[{"href":"https:\/\/grillhouse.lv\/veikals\/wp-json\/wp\/v2\/product\/133","targetHints":{"allow":["GET"]}}],"collection":[{"href":"https:\/\/grillhouse.lv\/veikals\/wp-json\/wp\/v2\/product"}],"about":[{"href":"https:\/\/grillhouse.lv\/veikals\/wp-json\/wp\/v2\/types\/product"}],"replies":[{"embeddable":true,"href":"https:\/\/grillhouse.lv\/veikals\/wp-json\/wp\/v2\/comments?post=133"}],"wp:featuredmedia":[{"embeddable":true,"href":"https:\/\/grillhouse.lv\/veikals\/wp-json\/wp\/v2\/media\/134"}],"wp:attachment":[{"href":"https:\/\/grillhouse.lv\/veikals\/wp-json\/wp\/v2\/media?parent=133"}],"wp:term":[{"taxonomy":"pwb-brand","embeddable":true,"href":"https:\/\/grillhouse.lv\/veikals\/wp-json\/wp\/v2\/pwb-brand?post=133"},{"taxonomy":"product_brand","embeddable":true,"href":"https:\/\/grillhouse.lv\/veikals\/wp-json\/wp\/v2\/product_brand?post=133"},{"taxonomy":"product_cat","embeddable":true,"href":"https:\/\/grillhouse.lv\/veikals\/wp-json\/wp\/v2\/product_cat?post=133"},{"taxonomy":"product_tag","embeddable":true,"href":"https:\/\/grillhouse.lv\/veikals\/wp-json\/wp\/v2\/product_tag?post=133"}],"curies":[{"name":"wp","href":"https:\/\/api.w.org\/{rel}","templated":true}]}}