{"id":1313,"date":"2021-04-27T21:24:15","date_gmt":"2021-04-27T18:24:15","guid":{"rendered":"https:\/\/grillhouse.lv\/veikals\/?post_type=product&#038;p=1313"},"modified":"2025-04-05T11:26:16","modified_gmt":"2025-04-05T08:26:16","slug":"gourmet-check","status":"publish","type":"product","link":"https:\/\/grillhouse.lv\/veikals\/products\/gourmet-check\/","title":{"rendered":"Gourmet Check"},"content":{"rendered":"<p>Svars: 0,16 kg<br \/>\nP x A x D: 8,7 x 2,8 x 10,7 cm<\/p>\n","protected":false},"excerpt":{"rendered":"<p>GOURMET CHECK pied\u0101v\u0101 iespaid\u012bgu dizainu un skaidru, lietot\u0101jam draudz\u012bgu saskarni. Du\u0101lais sensors ir piem\u0113rots mazg\u0101\u0161anai trauku mazg\u0101jamaj\u0101 ma\u0161\u012bn\u0101. Tas m\u0113ra gan cirkul\u0113jo\u0161\u0101 gaisa, gan iek\u0161\u0113jo temperat\u016bru, un kop\u0101 ar integr\u0113to taimera un trauksmes funkciju garant\u0113 sul\u012bgus steikus un nevainojamus cepe\u0161us. Gourmet Check termometrs ir univers\u0101ls, ko var izmantot ar\u012b cepe\u0161kr\u0101sn\u012b gatavotiem \u0113dieniem.<\/p>\n","protected":false},"featured_media":1314,"comment_status":"open","ping_status":"closed","template":"","meta":[],"pwb-brand":[164],"product_brand":[],"product_cat":[207],"product_tag":[205],"class_list":{"0":"post-1313","1":"product","2":"type-product","3":"status-publish","4":"has-post-thumbnail","6":"pwb-brand-outdoorchef","7":"product_cat-termometri","8":"product_tag-outdoorchef","9":"thunk-woo-product-list","10":"opn-qv-enable","11":"open-woo-hover-none","12":"open-single-product-tab-horizontal","13":"open-shadow-","14":"open-shadow-hover-","16":"first","17":"instock","18":"taxable","19":"shipping-taxable","20":"purchasable","21":"product-type-simple"},"jetpack-related-posts":[],"jetpack_sharing_enabled":true,"brands":[{"id":164,"name":"Outdoorchef","slug":"outdoorchef"}],"_links":{"self":[{"href":"https:\/\/grillhouse.lv\/veikals\/wp-json\/wp\/v2\/product\/1313","targetHints":{"allow":["GET"]}}],"collection":[{"href":"https:\/\/grillhouse.lv\/veikals\/wp-json\/wp\/v2\/product"}],"about":[{"href":"https:\/\/grillhouse.lv\/veikals\/wp-json\/wp\/v2\/types\/product"}],"replies":[{"embeddable":true,"href":"https:\/\/grillhouse.lv\/veikals\/wp-json\/wp\/v2\/comments?post=1313"}],"wp:featuredmedia":[{"embeddable":true,"href":"https:\/\/grillhouse.lv\/veikals\/wp-json\/wp\/v2\/media\/1314"}],"wp:attachment":[{"href":"https:\/\/grillhouse.lv\/veikals\/wp-json\/wp\/v2\/media?parent=1313"}],"wp:term":[{"taxonomy":"pwb-brand","embeddable":true,"href":"https:\/\/grillhouse.lv\/veikals\/wp-json\/wp\/v2\/pwb-brand?post=1313"},{"taxonomy":"product_brand","embeddable":true,"href":"https:\/\/grillhouse.lv\/veikals\/wp-json\/wp\/v2\/product_brand?post=1313"},{"taxonomy":"product_cat","embeddable":true,"href":"https:\/\/grillhouse.lv\/veikals\/wp-json\/wp\/v2\/product_cat?post=1313"},{"taxonomy":"product_tag","embeddable":true,"href":"https:\/\/grillhouse.lv\/veikals\/wp-json\/wp\/v2\/product_tag?post=1313"}],"curies":[{"name":"wp","href":"https:\/\/api.w.org\/{rel}","templated":true}]}}