{"id":1310,"date":"2021-04-27T21:16:47","date_gmt":"2021-04-27T18:16:47","guid":{"rendered":"https:\/\/grillhouse.lv\/veikals\/?post_type=product&#038;p=1310"},"modified":"2022-05-08T08:57:03","modified_gmt":"2022-05-08T05:57:03","slug":"gourmet-check-pro","status":"publish","type":"product","link":"https:\/\/grillhouse.lv\/veikals\/products\/gourmet-check-pro\/","title":{"rendered":"Gourmet Check Pro"},"content":{"rendered":"<p>Svars: 0,9 kg<br \/>\nP x A x D: 12,5 x 8 x 12,8 cm<\/p>\n","protected":false},"excerpt":{"rendered":"<p>Lietotnes kontrol\u0113tais Bluetooth b\u0101rbekj\u016b termometrs tr\u012bs galven\u0101s un cirkul\u0113jo\u0161\u0101s gaisa temperat\u016bras p\u0101rraida tie\u0161i uz j\u016bsu viedt\u0101lruni vai plan\u0161etdatoru, t\u0101d\u0113j\u0101di nodro\u0161inot pirm\u0101s klases gatavo\u0161anas rezult\u0101tus. Divi sensori nosaka temperat\u016bru ga\u013c\u0101 un b\u0101rbekj\u016b &#8211; un nos\u016bta v\u0113rt\u012bbas uz mobilo t\u0101lruni ne vair\u0101k k\u0101 100 metru att\u0101lum\u0101, izmantojot Bluetooth tehnolo\u0123iju. Gourmet Check Pro ir \u016bdensiztur\u012bgs, un sensori ir mazg\u0101jami trauku mazg\u0101jamaj\u0101 ma\u0161\u012bn\u0101. Lietotne ir pieejama bez maksas no Apple App Store un Google Play Store.<\/p>\n","protected":false},"featured_media":1312,"comment_status":"open","ping_status":"closed","template":"","meta":[],"pwb-brand":[164],"product_brand":[],"product_cat":[207],"product_tag":[205],"class_list":{"0":"post-1310","1":"product","2":"type-product","3":"status-publish","4":"has-post-thumbnail","6":"pwb-brand-outdoorchef","7":"product_cat-termometri","8":"product_tag-outdoorchef","9":"thunk-woo-product-list","10":"opn-qv-enable","11":"open-woo-hover-none","12":"open-single-product-tab-horizontal","13":"open-shadow-","14":"open-shadow-hover-","16":"first","17":"instock","18":"taxable","19":"shipping-taxable","20":"purchasable","21":"product-type-simple"},"jetpack-related-posts":[],"jetpack_sharing_enabled":true,"brands":[{"id":164,"name":"Outdoorchef","slug":"outdoorchef"}],"_links":{"self":[{"href":"https:\/\/grillhouse.lv\/veikals\/wp-json\/wp\/v2\/product\/1310","targetHints":{"allow":["GET"]}}],"collection":[{"href":"https:\/\/grillhouse.lv\/veikals\/wp-json\/wp\/v2\/product"}],"about":[{"href":"https:\/\/grillhouse.lv\/veikals\/wp-json\/wp\/v2\/types\/product"}],"replies":[{"embeddable":true,"href":"https:\/\/grillhouse.lv\/veikals\/wp-json\/wp\/v2\/comments?post=1310"}],"wp:featuredmedia":[{"embeddable":true,"href":"https:\/\/grillhouse.lv\/veikals\/wp-json\/wp\/v2\/media\/1312"}],"wp:attachment":[{"href":"https:\/\/grillhouse.lv\/veikals\/wp-json\/wp\/v2\/media?parent=1310"}],"wp:term":[{"taxonomy":"pwb-brand","embeddable":true,"href":"https:\/\/grillhouse.lv\/veikals\/wp-json\/wp\/v2\/pwb-brand?post=1310"},{"taxonomy":"product_brand","embeddable":true,"href":"https:\/\/grillhouse.lv\/veikals\/wp-json\/wp\/v2\/product_brand?post=1310"},{"taxonomy":"product_cat","embeddable":true,"href":"https:\/\/grillhouse.lv\/veikals\/wp-json\/wp\/v2\/product_cat?post=1310"},{"taxonomy":"product_tag","embeddable":true,"href":"https:\/\/grillhouse.lv\/veikals\/wp-json\/wp\/v2\/product_tag?post=1310"}],"curies":[{"name":"wp","href":"https:\/\/api.w.org\/{rel}","templated":true}]}}