{"id":1304,"date":"2021-04-27T21:03:07","date_gmt":"2021-04-27T18:03:07","guid":{"rendered":"https:\/\/grillhouse.lv\/veikals\/?post_type=product&#038;p=1304"},"modified":"2022-06-09T17:44:33","modified_gmt":"2022-06-09T14:44:33","slug":"4-iesmu-komplekts","status":"publish","type":"product","link":"https:\/\/grillhouse.lv\/veikals\/products\/4-iesmu-komplekts\/","title":{"rendered":"4 iesmu komplekts"},"content":{"rendered":"<p>Materi\u0101ls: ner\u016bs\u0113jo\u0161ais t\u0113rauds<br \/>\nKr\u0101sa: sudraba<br \/>\nIzm\u0113ri cm: P 0,6 x D 0,3 x H 40<br \/>\nSvars: 0,188 kg<\/p>\n","protected":false},"excerpt":{"rendered":"<p>Jaunie OUTDOORCHEF b\u0101rbekj\u016b iesmi der visiem b\u0101rbekj\u016b mode\u013ciem un ir izgatavoti no augstas kvalit\u0101tes ner\u016bs\u0113jo\u0161\u0101 t\u0113rauda. Kvadr\u0101tveida profils ne\u013cauj p\u0101rtikai pagriezties gril\u0113\u0161anas laik\u0101.<\/p>\n","protected":false},"featured_media":1306,"comment_status":"open","ping_status":"closed","template":"","meta":[],"pwb-brand":[164],"product_brand":[],"product_cat":[208,41],"product_tag":[205],"class_list":{"0":"post-1304","1":"product","2":"type-product","3":"status-publish","4":"has-post-thumbnail","6":"pwb-brand-outdoorchef","7":"product_cat-iesmi","8":"product_cat-piederumi","9":"product_tag-outdoorchef","10":"thunk-woo-product-list","11":"opn-qv-enable","12":"open-woo-hover-none","13":"open-single-product-tab-horizontal","14":"open-shadow-","15":"open-shadow-hover-","17":"first","18":"instock","19":"taxable","20":"shipping-taxable","21":"purchasable","22":"product-type-simple"},"jetpack-related-posts":[],"jetpack_sharing_enabled":true,"brands":[{"id":164,"name":"Outdoorchef","slug":"outdoorchef"}],"_links":{"self":[{"href":"https:\/\/grillhouse.lv\/veikals\/wp-json\/wp\/v2\/product\/1304","targetHints":{"allow":["GET"]}}],"collection":[{"href":"https:\/\/grillhouse.lv\/veikals\/wp-json\/wp\/v2\/product"}],"about":[{"href":"https:\/\/grillhouse.lv\/veikals\/wp-json\/wp\/v2\/types\/product"}],"replies":[{"embeddable":true,"href":"https:\/\/grillhouse.lv\/veikals\/wp-json\/wp\/v2\/comments?post=1304"}],"wp:featuredmedia":[{"embeddable":true,"href":"https:\/\/grillhouse.lv\/veikals\/wp-json\/wp\/v2\/media\/1306"}],"wp:attachment":[{"href":"https:\/\/grillhouse.lv\/veikals\/wp-json\/wp\/v2\/media?parent=1304"}],"wp:term":[{"taxonomy":"pwb-brand","embeddable":true,"href":"https:\/\/grillhouse.lv\/veikals\/wp-json\/wp\/v2\/pwb-brand?post=1304"},{"taxonomy":"product_brand","embeddable":true,"href":"https:\/\/grillhouse.lv\/veikals\/wp-json\/wp\/v2\/product_brand?post=1304"},{"taxonomy":"product_cat","embeddable":true,"href":"https:\/\/grillhouse.lv\/veikals\/wp-json\/wp\/v2\/product_cat?post=1304"},{"taxonomy":"product_tag","embeddable":true,"href":"https:\/\/grillhouse.lv\/veikals\/wp-json\/wp\/v2\/product_tag?post=1304"}],"curies":[{"name":"wp","href":"https:\/\/api.w.org\/{rel}","templated":true}]}}